{"id":127610,"date":"2018-06-27T00:10:47","date_gmt":"2018-06-27T00:10:47","guid":{"rendered":"https:\/\/moto-oprema.com\/Artikel\/dainese-pro-armor-g2-2-0\/"},"modified":"2018-06-27T00:10:47","modified_gmt":"2018-06-27T00:10:47","slug":"dainese-pro-armor-g2-2-0","status":"publish","type":"product","link":"https:\/\/moto-oprema.com\/de\/Artikel\/dainese-pro-armor-g2-2-0\/","title":{"rendered":"DAINESE PRO-ARMOR G2 2.0"},"content":{"rendered":"<p>Neues Modell Dainese Pro-Armour G2. Der Einsatz ist f\u00fcr die Verwendung mit der Tasche auf Jacken der Gr\u00f6\u00dfe 52 bis 60 geeignet. <\/p>\n<p>Merkmale:<\/p>\n<ul>\n<li>Flexibles Gummi<\/li>\n<li>CE-Zertifikat &#8211; Kat. II EN 1621.2 \/ 2014 Stufe 2<\/li>\n<li>Perforierte Struktur<\/li>\n<li>Anatomische Form<\/li>\n<li>Erweitert<\/li>\n<\/ul>\n","protected":false},"excerpt":{"rendered":"<p>Neues Modell Dainese Pro-Armour G2. Der Einsatz ist f\u00fcr die Verwendung mit der Tasche auf Jacken&#8230;<\/p>\n","protected":false},"featured_media":3099,"comment_status":"open","ping_status":"open","template":"","meta":{"_acf_changed":false},"brand":[2113],"gender":[],"product_brand":[],"product_cat":[1357,2209],"product_tag":[],"class_list":{"0":"post-127610","1":"product","2":"type-product","3":"status-publish","4":"has-post-thumbnail","6":"brand-dainese-de","7":"product_cat-ausrustung-fur-motorradfahrer","8":"product_cat-schutzschilde-und-airbags","10":"first","11":"instock","12":"taxable","13":"shipping-taxable","14":"purchasable","15":"product-type-simple"},"acf":[],"_links":{"self":[{"href":"https:\/\/moto-oprema.com\/de\/wp-json\/wp\/v2\/product\/127610","targetHints":{"allow":["GET"]}}],"collection":[{"href":"https:\/\/moto-oprema.com\/de\/wp-json\/wp\/v2\/product"}],"about":[{"href":"https:\/\/moto-oprema.com\/de\/wp-json\/wp\/v2\/types\/product"}],"replies":[{"embeddable":true,"href":"https:\/\/moto-oprema.com\/de\/wp-json\/wp\/v2\/comments?post=127610"}],"wp:featuredmedia":[{"embeddable":true,"href":"https:\/\/moto-oprema.com\/de\/wp-json\/wp\/v2\/media\/3099"}],"wp:attachment":[{"href":"https:\/\/moto-oprema.com\/de\/wp-json\/wp\/v2\/media?parent=127610"}],"wp:term":[{"taxonomy":"brand","embeddable":true,"href":"https:\/\/moto-oprema.com\/de\/wp-json\/wp\/v2\/brand?post=127610"},{"taxonomy":"gender","embeddable":true,"href":"https:\/\/moto-oprema.com\/de\/wp-json\/wp\/v2\/gender?post=127610"},{"taxonomy":"product_brand","embeddable":true,"href":"https:\/\/moto-oprema.com\/de\/wp-json\/wp\/v2\/product_brand?post=127610"},{"taxonomy":"product_cat","embeddable":true,"href":"https:\/\/moto-oprema.com\/de\/wp-json\/wp\/v2\/product_cat?post=127610"},{"taxonomy":"product_tag","embeddable":true,"href":"https:\/\/moto-oprema.com\/de\/wp-json\/wp\/v2\/product_tag?post=127610"}],"curies":[{"name":"wp","href":"https:\/\/api.w.org\/{rel}","templated":true}]}}