{"id":127569,"date":"2021-11-23T10:03:19","date_gmt":"2021-11-23T10:03:19","guid":{"rendered":"https:\/\/moto-oprema.com\/Artikel\/rostige-naehte-tommy-jacke-komplett-jackekoepfe-2\/"},"modified":"2021-11-23T10:03:19","modified_gmt":"2021-11-23T10:03:19","slug":"rostige-naehte-tommy-jacke-komplett-jackekoepfe-2","status":"publish","type":"product","link":"https:\/\/moto-oprema.com\/de\/Artikel\/rostige-naehte-tommy-jacke-komplett-jackekoepfe-2\/","title":{"rendered":"ROSTIGE N\u00c4HTE-TOMMY JACKE KOMPLETT JACKE+K\u00d6PFE"},"content":{"rendered":"<div class=\"artview_besch inner_idbeschr\">\n<p><strong>RustyStitches Jacke &#8211; Tommy &#8211; Set (Jacke + Hose)<\/strong><\/p>\n<p>Einfach und erschwinglich. Das sind die Schl\u00fcsselw\u00f6rter f\u00fcr Tommy Anz\u00fcge. <\/p>\n<p>Er ist die perfekte Erg\u00e4nzung und ein erschwinglicher Anzug f\u00fcr Motorradanf\u00e4nger. Tommys R\u00fccken und Knie sind dehnbar, so dass Sie beim Motorradfahren die n\u00f6tige Bewegungsfreiheit haben. Abnehmbare flexible CE-Polster an den Schultern und Ellbogen sorgen f\u00fcr Ihre Sicherheit, ohne den Tragekomfort zu beeintr\u00e4chtigen. Tommy kann leicht mit dem R\u00fcckenprotektor D30 aufger\u00fcstet werden.   <\/p>\n<ul>\n<li>Ausgestattet mit AFS-System und 3D-Mesh-Technologie f\u00fcr die richtige Temperaturkontrolle. Luftig im Sommer und dank des Innenfutters (herausnehmbar) auch f\u00fcr kalte und nasse Tage geeignet. <\/li>\n<li>Polymesh-Material, das hoch atmungsaktiv, wasserdicht, leicht und angenehm zu tragen ist<\/li>\n<li>3D-Polster auf Brust und R\u00fccken, die die Festigkeit verbessern und den Komfort und die Temperaturregulierung bei jedem Wetter unterst\u00fctzen.<\/li>\n<\/ul>\n<p>Obermaterial: 100% Nylon<\/p>\n<p>Innenmaterial: 100% Polyester<\/p>\n<\/p>\n<\/div>\n","protected":false},"excerpt":{"rendered":"<p>Farbe: Schwarz &#8211; Rot<\/p>\n","protected":false},"featured_media":14728,"comment_status":"open","ping_status":"open","template":"","meta":{"_acf_changed":false},"brand":[2675],"gender":[],"product_brand":[],"product_cat":[1357,2189,2045],"product_tag":[],"class_list":{"0":"post-127569","1":"product","2":"type-product","3":"status-publish","4":"has-post-thumbnail","6":"brand-jopa-de","7":"product_cat-ausrustung-fur-motorradfahrer","8":"product_cat-hose","9":"product_cat-jakne-de","10":"pa_velikost-st-4xl-de","11":"pa_velikost-st-5xl-de","12":"pa_velikost-st-6xl-de","13":"pa_velikost-st-l-de","14":"pa_velikost-st-m-de","15":"pa_velikost-st-s-de","16":"pa_velikost-st-xl-de","17":"pa_velikost-st-xxl-de","18":"pa_velikost-st-xxxl-de","20":"first","21":"onbackorder","22":"sale","23":"taxable","24":"shipping-taxable","25":"purchasable","26":"product-type-variable"},"acf":[],"_links":{"self":[{"href":"https:\/\/moto-oprema.com\/de\/wp-json\/wp\/v2\/product\/127569","targetHints":{"allow":["GET"]}}],"collection":[{"href":"https:\/\/moto-oprema.com\/de\/wp-json\/wp\/v2\/product"}],"about":[{"href":"https:\/\/moto-oprema.com\/de\/wp-json\/wp\/v2\/types\/product"}],"replies":[{"embeddable":true,"href":"https:\/\/moto-oprema.com\/de\/wp-json\/wp\/v2\/comments?post=127569"}],"wp:featuredmedia":[{"embeddable":true,"href":"https:\/\/moto-oprema.com\/de\/wp-json\/wp\/v2\/media\/14728"}],"wp:attachment":[{"href":"https:\/\/moto-oprema.com\/de\/wp-json\/wp\/v2\/media?parent=127569"}],"wp:term":[{"taxonomy":"brand","embeddable":true,"href":"https:\/\/moto-oprema.com\/de\/wp-json\/wp\/v2\/brand?post=127569"},{"taxonomy":"gender","embeddable":true,"href":"https:\/\/moto-oprema.com\/de\/wp-json\/wp\/v2\/gender?post=127569"},{"taxonomy":"product_brand","embeddable":true,"href":"https:\/\/moto-oprema.com\/de\/wp-json\/wp\/v2\/product_brand?post=127569"},{"taxonomy":"product_cat","embeddable":true,"href":"https:\/\/moto-oprema.com\/de\/wp-json\/wp\/v2\/product_cat?post=127569"},{"taxonomy":"product_tag","embeddable":true,"href":"https:\/\/moto-oprema.com\/de\/wp-json\/wp\/v2\/product_tag?post=127569"}],"curies":[{"name":"wp","href":"https:\/\/api.w.org\/{rel}","templated":true}]}}