{"id":127487,"date":"2021-11-10T11:54:37","date_gmt":"2021-11-10T11:54:37","guid":{"rendered":"https:\/\/moto-oprema.com\/Artikel\/fox-mtb-damen-jacke-ranger-fire-olive\/"},"modified":"2021-11-10T11:54:37","modified_gmt":"2021-11-10T11:54:37","slug":"fox-mtb-damen-jacke-ranger-fire-olive","status":"publish","type":"product","link":"https:\/\/moto-oprema.com\/de\/Artikel\/fox-mtb-damen-jacke-ranger-fire-olive\/","title":{"rendered":"FOX MTB DAMEN JACKE RANGER FIRE OLIVE"},"content":{"rendered":"<p><span xml_lang=\"sl-si\" lang=\"sl-si\">Merkmale:<\/span><\/p>\n<ul>\n<li>\n<p><span xml_lang=\"sl-si\" lang=\"sl-si\">Starkes Polyesterfutter und geb\u00fcrstetes Fleece-Innenfutter.<\/span><\/p>\n<\/li>\n<li>\n<p><span xml_lang=\"sl-si\" lang=\"sl-si\">Ergonomisch positionierte Rei\u00dfverschlusstaschen an den H\u00e4nden mit elastischer Innentasche.<\/span><\/p>\n<\/li>\n<li>\n<p><span xml_lang=\"sl-si\" lang=\"sl-si\">Gummizug in der Taille<\/span><\/p>\n<\/li>\n<li>\n<p><span xml_lang=\"sl-si\" lang=\"sl-si\">Drpo Schwanz MTB<\/span><\/p>\n<\/li>\n<\/ul>\n<p><span xml_lang=\"sl-si\" lang=\"sl-si\">Zusammensetzung des Rohmaterials:<\/span><\/p>\n<p><span xml_lang=\"sl-si\" lang=\"sl-si\">&#8211; 95% Polyester \/ 5% Elasthan<\/span><\/p>\n","protected":false},"excerpt":{"rendered":"<p>Merkmale: Starkes Polyesterfutter und geb\u00fcrstetes Fleece-Innenfutter. Ergonomisch positionierte Rei\u00dfverschlusstaschen an den H\u00e4nden mit elastischer Innentasche. Gummizug&#8230;<\/p>\n","protected":false},"featured_media":14437,"comment_status":"open","ping_status":"closed","template":"","meta":{"_acf_changed":false},"brand":[2115],"gender":[2170],"product_brand":[],"product_cat":[2075,2671],"product_tag":[],"class_list":{"0":"post-127487","1":"product","2":"type-product","3":"status-publish","4":"has-post-thumbnail","6":"brand-fox-de","7":"gender-zenska-de","8":"product_cat-mtb-radfahren-ausrustung","9":"product_cat-mtb-jakne-de","10":"pa_size-l-de","11":"pa_size-m-de","12":"pa_size-s-de","13":"pa_size-xs-de","15":"first","16":"outofstock","17":"taxable","18":"shipping-taxable","19":"purchasable","20":"product-type-variable"},"acf":[],"_links":{"self":[{"href":"https:\/\/moto-oprema.com\/de\/wp-json\/wp\/v2\/product\/127487","targetHints":{"allow":["GET"]}}],"collection":[{"href":"https:\/\/moto-oprema.com\/de\/wp-json\/wp\/v2\/product"}],"about":[{"href":"https:\/\/moto-oprema.com\/de\/wp-json\/wp\/v2\/types\/product"}],"replies":[{"embeddable":true,"href":"https:\/\/moto-oprema.com\/de\/wp-json\/wp\/v2\/comments?post=127487"}],"wp:featuredmedia":[{"embeddable":true,"href":"https:\/\/moto-oprema.com\/de\/wp-json\/wp\/v2\/media\/14437"}],"wp:attachment":[{"href":"https:\/\/moto-oprema.com\/de\/wp-json\/wp\/v2\/media?parent=127487"}],"wp:term":[{"taxonomy":"brand","embeddable":true,"href":"https:\/\/moto-oprema.com\/de\/wp-json\/wp\/v2\/brand?post=127487"},{"taxonomy":"gender","embeddable":true,"href":"https:\/\/moto-oprema.com\/de\/wp-json\/wp\/v2\/gender?post=127487"},{"taxonomy":"product_brand","embeddable":true,"href":"https:\/\/moto-oprema.com\/de\/wp-json\/wp\/v2\/product_brand?post=127487"},{"taxonomy":"product_cat","embeddable":true,"href":"https:\/\/moto-oprema.com\/de\/wp-json\/wp\/v2\/product_cat?post=127487"},{"taxonomy":"product_tag","embeddable":true,"href":"https:\/\/moto-oprema.com\/de\/wp-json\/wp\/v2\/product_tag?post=127487"}],"curies":[{"name":"wp","href":"https:\/\/api.w.org\/{rel}","templated":true}]}}