{"id":127485,"date":"2021-09-09T11:43:57","date_gmt":"2021-09-09T11:43:57","guid":{"rendered":"https:\/\/moto-oprema.com\/Artikel\/dainese-smart-jacket-hi-vis-airbag-weste\/"},"modified":"2021-09-09T11:43:57","modified_gmt":"2021-09-09T11:43:57","slug":"dainese-smart-jacket-hi-vis-airbag-weste","status":"publish","type":"product","link":"https:\/\/moto-oprema.com\/de\/Artikel\/dainese-smart-jacket-hi-vis-airbag-weste\/","title":{"rendered":"DAINESE SMART JACKET HI VIS &#8211; AIRBAG WESTE"},"content":{"rendered":"<p id=\"m_2920195373035032500gmail-docs-internal-guid-de081fe7-7fff-da6d-044f-35fdcf2a5697\" dir=\"ltr\" style=\"line-height: 1.38;margin-top: 0pt;margin-bottom: 0pt\"><span style=\"font-size: 11pt;font-family: Arial;color: #000000;background-color: transparent;font-weight: 400;font-style: normal;font-variant: normal;text-decoration: none;vertical-align: baseline\">Die gleiche Technologie, die in der MotoGP verwendet wird, ist jetzt f\u00fcr jedermann verf\u00fcgbar. Die Dainese Smart Jacket verwendet die fortschrittlichste Dainese D-Air Technologie, die auch von Fahrern in der MotoGP-Meisterschaft verwendet wird. Sie ist vielseitig und f\u00fcr alle Fahrer geeignet. Sie kann unter oder \u00fcber anderen Jacken oder Overalls getragen werden und ben\u00f6tigt keine Kabel und keine Verbindung zu Ihrem Motorrad. Au\u00dferdem ist sie extrem atmungsaktiv und l\u00e4sst sich sehr leicht zusammenfalten. Die Jacke ist in zwei Versionen erh\u00e4ltlich &#8211; f\u00fcr M\u00e4nner und f\u00fcr Frauen. Jede Version ist in 6 Gr\u00f6\u00dfen erh\u00e4ltlich. Was sie einzigartig macht, ist ihre einfache Handhabung. Wenn Sie sie nicht brauchen, k\u00f6nnen Sie sie einfach zusammenfalten und in einer Schublade verstauen. Dank des leistungsstarken Akkus bietet die Jacke zwischen den Aufladungen bis zu 26 Stunden Schutz. Wenn die Jacke aktiviert wurde, m\u00fcssen Sie sie nur zu einem offiziellen H\u00e4ndler bringen, der den inneren Schutzschild im Handumdrehen austauscht.          <\/span><\/p>\n<p dir=\"ltr\" style=\"line-height: 1.38;margin-top: 0pt;margin-bottom: 0pt\"><span style=\"font-size: 11pt;font-family: Arial;color: #000000;background-color: transparent;font-weight: 400;font-style: normal;font-variant: normal;text-decoration: none;vertical-align: baseline\">Die Jacke verwendet eine Reihe von Sensoren, die 1000 Mal pro Sekunde messen, um Ihre Sicherheit zu gew\u00e4hrleisten. Aus diesem Grund sch\u00fctzt Sie die Jacke im unvorhersehbaren Fall eines Verkehrsunfalls. <\/span><\/p>\n<div class=\"yj6qo ajU\">\n<div class=\"ajR\"><img decoding=\"async\" class=\"ajT\" src=\"https:\/\/moto-oprema.com\/wp-content\/uploads\/2025\/01\/cleardot.gif\" alt=\"cleardot.gif\"><\/div>\n<\/div>\n","protected":false},"excerpt":{"rendered":"<p>Dainese Smart Jacket &#8211; ein revolution\u00e4res neues Produkt auf dem Markt, jetzt auch in Fluo erh\u00e4ltlich.<\/p>\n","protected":false},"featured_media":127490,"comment_status":"open","ping_status":"closed","template":"","meta":{"_acf_changed":false},"brand":[2113],"gender":[2168],"product_brand":[],"product_cat":[2221,1357,2209],"product_tag":[],"class_list":{"0":"post-127485","1":"product","2":"type-product","3":"status-publish","4":"has-post-thumbnail","6":"brand-dainese-de","7":"gender-moski-de","8":"product_cat-airbags-de","9":"product_cat-ausrustung-fur-motorradfahrer","10":"product_cat-schutzschilde-und-airbags","11":"pa_velikost-st-l-de","12":"pa_velikost-st-m-de","13":"pa_velikost-st-s-de","14":"pa_velikost-st-xl-de","15":"pa_velikost-st-xs-de","16":"pa_velikost-st-xxl-de","18":"first","19":"onbackorder","20":"sale","21":"taxable","22":"shipping-taxable","23":"purchasable","24":"product-type-variable"},"acf":[],"_links":{"self":[{"href":"https:\/\/moto-oprema.com\/de\/wp-json\/wp\/v2\/product\/127485","targetHints":{"allow":["GET"]}}],"collection":[{"href":"https:\/\/moto-oprema.com\/de\/wp-json\/wp\/v2\/product"}],"about":[{"href":"https:\/\/moto-oprema.com\/de\/wp-json\/wp\/v2\/types\/product"}],"replies":[{"embeddable":true,"href":"https:\/\/moto-oprema.com\/de\/wp-json\/wp\/v2\/comments?post=127485"}],"wp:featuredmedia":[{"embeddable":true,"href":"https:\/\/moto-oprema.com\/de\/wp-json\/wp\/v2\/media\/127490"}],"wp:attachment":[{"href":"https:\/\/moto-oprema.com\/de\/wp-json\/wp\/v2\/media?parent=127485"}],"wp:term":[{"taxonomy":"brand","embeddable":true,"href":"https:\/\/moto-oprema.com\/de\/wp-json\/wp\/v2\/brand?post=127485"},{"taxonomy":"gender","embeddable":true,"href":"https:\/\/moto-oprema.com\/de\/wp-json\/wp\/v2\/gender?post=127485"},{"taxonomy":"product_brand","embeddable":true,"href":"https:\/\/moto-oprema.com\/de\/wp-json\/wp\/v2\/product_brand?post=127485"},{"taxonomy":"product_cat","embeddable":true,"href":"https:\/\/moto-oprema.com\/de\/wp-json\/wp\/v2\/product_cat?post=127485"},{"taxonomy":"product_tag","embeddable":true,"href":"https:\/\/moto-oprema.com\/de\/wp-json\/wp\/v2\/product_tag?post=127485"}],"curies":[{"name":"wp","href":"https:\/\/api.w.org\/{rel}","templated":true}]}}