{"id":127470,"date":"2021-11-10T11:27:39","date_gmt":"2021-11-10T11:27:39","guid":{"rendered":"https:\/\/moto-oprema.com\/Artikel\/fox-mtb-hosen-verteidigen-feuer\/"},"modified":"2021-11-10T11:27:39","modified_gmt":"2021-11-10T11:27:39","slug":"fox-mtb-hosen-verteidigen-feuer","status":"publish","type":"product","link":"https:\/\/moto-oprema.com\/de\/Artikel\/fox-mtb-hosen-verteidigen-feuer\/","title":{"rendered":"FOX MTB HOSEN VERTEIDIGEN FEUER"},"content":{"rendered":"<p>Wasserabweisende, mit Fleece gef\u00fctterte Hose mit Stretch-Ripstop, die auch den h\u00e4rtesten Bedingungen standh\u00e4lt. Die Polartec\u00ae Alpha\u00ae-Isolierung bietet flexible Atmungsaktivit\u00e4t, so dass Sie sich unterwegs nicht \u00fcberziehen m\u00fcssen. Der bew\u00e4hrte Schnappverschluss sorgt f\u00fcr eine sichere Passform und schnelle Anpassungen unterwegs.<br \/>Eine schlanke Passform und ein spitz zulaufender Unterschenkel sorgen f\u00fcr eine renntaugliche Passform, die das H\u00e4ngenbleiben und den Luftwiderstand reduziert. TruDri-Material leitet den Schwei\u00df vom K\u00f6rper weg und h\u00e4lt Sie trocken.   <\/p>\n<p>86% Polyester, 9% Polyamid-Nylon, 5% Elasthan<\/p>\n","protected":false},"excerpt":{"rendered":"<p>Wasserabweisende, mit Fleece gef\u00fctterte Hose mit Stretch-Ripstop, die auch den h\u00e4rtesten Bedingungen standh\u00e4lt. Die Polartec\u00ae Alpha\u00ae-Isolierung&#8230;<\/p>\n","protected":false},"featured_media":14420,"comment_status":"open","ping_status":"open","template":"","meta":{"_acf_changed":false},"brand":[2115],"gender":[2168],"product_brand":[],"product_cat":[2075,2664],"product_tag":[],"class_list":{"0":"post-127470","1":"product","2":"type-product","3":"status-publish","4":"has-post-thumbnail","6":"brand-fox-de","7":"gender-moski-de","8":"product_cat-mtb-radfahren-ausrustung","9":"product_cat-mtb-hosen","10":"pa_size-28-de","11":"pa_size-30-de","12":"pa_size-32-de","13":"pa_size-34-de","14":"pa_size-36-de","15":"pa_size-38-de","17":"first","18":"onbackorder","19":"taxable","20":"shipping-taxable","21":"purchasable","22":"product-type-variable"},"acf":[],"_links":{"self":[{"href":"https:\/\/moto-oprema.com\/de\/wp-json\/wp\/v2\/product\/127470","targetHints":{"allow":["GET"]}}],"collection":[{"href":"https:\/\/moto-oprema.com\/de\/wp-json\/wp\/v2\/product"}],"about":[{"href":"https:\/\/moto-oprema.com\/de\/wp-json\/wp\/v2\/types\/product"}],"replies":[{"embeddable":true,"href":"https:\/\/moto-oprema.com\/de\/wp-json\/wp\/v2\/comments?post=127470"}],"wp:featuredmedia":[{"embeddable":true,"href":"https:\/\/moto-oprema.com\/de\/wp-json\/wp\/v2\/media\/14420"}],"wp:attachment":[{"href":"https:\/\/moto-oprema.com\/de\/wp-json\/wp\/v2\/media?parent=127470"}],"wp:term":[{"taxonomy":"brand","embeddable":true,"href":"https:\/\/moto-oprema.com\/de\/wp-json\/wp\/v2\/brand?post=127470"},{"taxonomy":"gender","embeddable":true,"href":"https:\/\/moto-oprema.com\/de\/wp-json\/wp\/v2\/gender?post=127470"},{"taxonomy":"product_brand","embeddable":true,"href":"https:\/\/moto-oprema.com\/de\/wp-json\/wp\/v2\/product_brand?post=127470"},{"taxonomy":"product_cat","embeddable":true,"href":"https:\/\/moto-oprema.com\/de\/wp-json\/wp\/v2\/product_cat?post=127470"},{"taxonomy":"product_tag","embeddable":true,"href":"https:\/\/moto-oprema.com\/de\/wp-json\/wp\/v2\/product_tag?post=127470"}],"curies":[{"name":"wp","href":"https:\/\/api.w.org\/{rel}","templated":true}]}}