{"id":127154,"date":"2021-05-13T09:15:01","date_gmt":"2021-05-13T09:15:01","guid":{"rendered":"https:\/\/moto-oprema.com\/Artikel\/oakley-schwimmbrille-airbrake-mx-moto-blau\/"},"modified":"2021-05-13T09:15:01","modified_gmt":"2021-05-13T09:15:01","slug":"oakley-schwimmbrille-airbrake-mx-moto-blau","status":"publish","type":"product","link":"https:\/\/moto-oprema.com\/de\/Artikel\/oakley-schwimmbrille-airbrake-mx-moto-blau\/","title":{"rendered":"OAKLEY SCHWIMMBRILLE AIRBRAKE MX MOTO BLAU"},"content":{"rendered":"<p>Die Brille ist hochgradig sto\u00dffest und die ersten Gl\u00e4ser aus Plutonit. Dies ist ein neuer Standard f\u00fcr den Schutz. Sie arbeiten au\u00dferdem mit der Oakley Switchlock-Technologie zusammen, mit der Sie die Gl\u00e4ser schnell und einfach wechseln k\u00f6nnen. Der Sichtwinkel ist weit und Oakley hat den Komfort nicht vernachl\u00e4ssigt.   <\/p>\n<p>Merkmale:<\/p>\n<\/p>\n<ul>\n<li>Schlagfeste Plutonitlinse mit F3-Anti-Beschlag-Beschichtung<\/li>\n<li>Switch-Lock-Objektivtechnologie f\u00fcr schnellen und einfachen Objektivwechsel<\/li>\n<li>Ausleger-System f\u00fcr ausgewogenen Sitz<\/li>\n<li>Spritzgegossenes Polycarbonat unter extremem Druck, um eine pr\u00e4zise Kontur mit optisch korrekter Geometrie zu schaffen<\/li>\n<\/ul>\n","protected":false},"excerpt":{"rendered":"<p>Rahmen:Moto Blau Glas: transparent<\/p>\n","protected":false},"featured_media":12984,"comment_status":"open","ping_status":"open","template":"","meta":{"_acf_changed":false},"brand":[2181],"gender":[2173],"product_brand":[],"product_cat":[1357,2028,2182],"product_tag":[],"class_list":{"0":"post-127154","1":"product","2":"type-product","3":"status-publish","4":"has-post-thumbnail","6":"brand-oakley-de","7":"gender-unisex-de","8":"product_cat-ausrustung-fur-motorradfahrer","9":"product_cat-motocross-ausrustung","10":"product_cat-mx-brille","12":"first","13":"onbackorder","14":"taxable","15":"shipping-taxable","16":"purchasable","17":"product-type-simple"},"acf":[],"_links":{"self":[{"href":"https:\/\/moto-oprema.com\/de\/wp-json\/wp\/v2\/product\/127154","targetHints":{"allow":["GET"]}}],"collection":[{"href":"https:\/\/moto-oprema.com\/de\/wp-json\/wp\/v2\/product"}],"about":[{"href":"https:\/\/moto-oprema.com\/de\/wp-json\/wp\/v2\/types\/product"}],"replies":[{"embeddable":true,"href":"https:\/\/moto-oprema.com\/de\/wp-json\/wp\/v2\/comments?post=127154"}],"wp:featuredmedia":[{"embeddable":true,"href":"https:\/\/moto-oprema.com\/de\/wp-json\/wp\/v2\/media\/12984"}],"wp:attachment":[{"href":"https:\/\/moto-oprema.com\/de\/wp-json\/wp\/v2\/media?parent=127154"}],"wp:term":[{"taxonomy":"brand","embeddable":true,"href":"https:\/\/moto-oprema.com\/de\/wp-json\/wp\/v2\/brand?post=127154"},{"taxonomy":"gender","embeddable":true,"href":"https:\/\/moto-oprema.com\/de\/wp-json\/wp\/v2\/gender?post=127154"},{"taxonomy":"product_brand","embeddable":true,"href":"https:\/\/moto-oprema.com\/de\/wp-json\/wp\/v2\/product_brand?post=127154"},{"taxonomy":"product_cat","embeddable":true,"href":"https:\/\/moto-oprema.com\/de\/wp-json\/wp\/v2\/product_cat?post=127154"},{"taxonomy":"product_tag","embeddable":true,"href":"https:\/\/moto-oprema.com\/de\/wp-json\/wp\/v2\/product_tag?post=127154"}],"curies":[{"name":"wp","href":"https:\/\/api.w.org\/{rel}","templated":true}]}}