{"id":127054,"date":"2021-09-15T10:05:58","date_gmt":"2021-09-15T10:05:58","guid":{"rendered":"https:\/\/moto-oprema.com\/Artikel\/alpinestars-bionic-flex-ellbogenschuetzer\/"},"modified":"2021-09-15T10:05:58","modified_gmt":"2021-09-15T10:05:58","slug":"alpinestars-bionic-flex-ellbogenschuetzer","status":"publish","type":"product","link":"https:\/\/moto-oprema.com\/de\/Artikel\/alpinestars-bionic-flex-ellbogenschuetzer\/","title":{"rendered":"ALPINESTARS BIONIC FLEX ELLBOGENSCH\u00dcTZER"},"content":{"rendered":"<p>Extrem leichtes, strapazierf\u00e4higes und flexibles Ellbogenpolster aus atmungsaktivem Stretch-Mesh f\u00fcr einen bequemen und engen Sitz. \u00c4u\u00dferst komfortabel und spart Zeit beim Rutschen, Nucleon Flex Technologie, hervorragende Atmungsaktivit\u00e4t und Bel\u00fcftung, Vorderteil aus strapazierf\u00e4higem Gewebe f\u00fcr erh\u00f6hte Haltbarkeit. CE-zertifiziert EN1621-1-2012 LEVEL 1  <\/p>\n<p>Zusammensetzung: 100% Polyester<\/p>\n","protected":false},"excerpt":{"rendered":"<p>Extrem leichtes, strapazierf\u00e4higes und flexibles Ellbogenpolster aus atmungsaktivem Stretch-Mesh f\u00fcr einen bequemen und engen Sitz. \u00c4u\u00dferst&#8230;<\/p>\n","protected":false},"featured_media":13828,"comment_status":"open","ping_status":"closed","template":"","meta":{"_acf_changed":false},"brand":[2111],"gender":[2173],"product_brand":[],"product_cat":[2028,2080,2079],"product_tag":[],"class_list":{"0":"post-127054","1":"product","2":"type-product","3":"status-publish","4":"has-post-thumbnail","6":"brand-alpinestars-de","7":"gender-unisex-de","8":"product_cat-motocross-ausrustung","9":"product_cat-mx-ellbogenschoner","10":"product_cat-mx-schilder","11":"pa_size-l-xl-de","12":"pa_size-s-m-de","14":"first","15":"outofstock","16":"sale","17":"taxable","18":"shipping-taxable","19":"purchasable","20":"product-type-variable"},"acf":[],"_links":{"self":[{"href":"https:\/\/moto-oprema.com\/de\/wp-json\/wp\/v2\/product\/127054","targetHints":{"allow":["GET"]}}],"collection":[{"href":"https:\/\/moto-oprema.com\/de\/wp-json\/wp\/v2\/product"}],"about":[{"href":"https:\/\/moto-oprema.com\/de\/wp-json\/wp\/v2\/types\/product"}],"replies":[{"embeddable":true,"href":"https:\/\/moto-oprema.com\/de\/wp-json\/wp\/v2\/comments?post=127054"}],"wp:featuredmedia":[{"embeddable":true,"href":"https:\/\/moto-oprema.com\/de\/wp-json\/wp\/v2\/media\/13828"}],"wp:attachment":[{"href":"https:\/\/moto-oprema.com\/de\/wp-json\/wp\/v2\/media?parent=127054"}],"wp:term":[{"taxonomy":"brand","embeddable":true,"href":"https:\/\/moto-oprema.com\/de\/wp-json\/wp\/v2\/brand?post=127054"},{"taxonomy":"gender","embeddable":true,"href":"https:\/\/moto-oprema.com\/de\/wp-json\/wp\/v2\/gender?post=127054"},{"taxonomy":"product_brand","embeddable":true,"href":"https:\/\/moto-oprema.com\/de\/wp-json\/wp\/v2\/product_brand?post=127054"},{"taxonomy":"product_cat","embeddable":true,"href":"https:\/\/moto-oprema.com\/de\/wp-json\/wp\/v2\/product_cat?post=127054"},{"taxonomy":"product_tag","embeddable":true,"href":"https:\/\/moto-oprema.com\/de\/wp-json\/wp\/v2\/product_tag?post=127054"}],"curies":[{"name":"wp","href":"https:\/\/api.w.org\/{rel}","templated":true}]}}