{"id":127041,"date":"2021-09-15T10:03:27","date_gmt":"2021-09-15T10:03:27","guid":{"rendered":"https:\/\/moto-oprema.com\/Artikel\/alpinestars-bionic-flex-knieschoner\/"},"modified":"2021-09-15T10:03:27","modified_gmt":"2021-09-15T10:03:27","slug":"alpinestars-bionic-flex-knieschoner","status":"publish","type":"product","link":"https:\/\/moto-oprema.com\/de\/Artikel\/alpinestars-bionic-flex-knieschoner\/","title":{"rendered":"ALPINESTARS BIONIC FLEX KNIESCHONER"},"content":{"rendered":"<p>Extrem leichter, strapazierf\u00e4higer und flexibler Knieschutz aus atmungsaktivem Stretch-Mesh f\u00fcr einen bequemen und passgenauen Sitz. \u00c4u\u00dferst bequem und spart Zeit beim Rutschen, Nucleon Flex Technologie, hervorragende Atmungsaktivit\u00e4t und Bel\u00fcftung, Vorderteil aus strapazierf\u00e4higem Gewebe f\u00fcr erh\u00f6hte Haltbarkeit. CE-zertifiziert EN1621-1-2012 LEVEL 1  <\/p>\n<p>Zusammensetzung: 100% Polyester<\/p>\n","protected":false},"excerpt":{"rendered":"<p>Extrem leichter, strapazierf\u00e4higer und flexibler Knieschutz aus atmungsaktivem Stretch-Mesh f\u00fcr einen bequemen und passgenauen Sitz. \u00c4u\u00dferst&#8230;<\/p>\n","protected":false},"featured_media":13823,"comment_status":"open","ping_status":"closed","template":"","meta":{"_acf_changed":false},"brand":[2111],"gender":[2173],"product_brand":[],"product_cat":[2028,2267,2079],"product_tag":[],"class_list":{"0":"post-127041","1":"product","2":"type-product","3":"status-publish","4":"has-post-thumbnail","6":"brand-alpinestars-de","7":"gender-unisex-de","8":"product_cat-motocross-ausrustung","9":"product_cat-mx-knieschoner","10":"product_cat-mx-schilder","11":"pa_size-l-xl-de","12":"pa_size-s-m-de","14":"first","15":"onbackorder","16":"sale","17":"taxable","18":"shipping-taxable","19":"purchasable","20":"product-type-variable"},"acf":[],"_links":{"self":[{"href":"https:\/\/moto-oprema.com\/de\/wp-json\/wp\/v2\/product\/127041","targetHints":{"allow":["GET"]}}],"collection":[{"href":"https:\/\/moto-oprema.com\/de\/wp-json\/wp\/v2\/product"}],"about":[{"href":"https:\/\/moto-oprema.com\/de\/wp-json\/wp\/v2\/types\/product"}],"replies":[{"embeddable":true,"href":"https:\/\/moto-oprema.com\/de\/wp-json\/wp\/v2\/comments?post=127041"}],"wp:featuredmedia":[{"embeddable":true,"href":"https:\/\/moto-oprema.com\/de\/wp-json\/wp\/v2\/media\/13823"}],"wp:attachment":[{"href":"https:\/\/moto-oprema.com\/de\/wp-json\/wp\/v2\/media?parent=127041"}],"wp:term":[{"taxonomy":"brand","embeddable":true,"href":"https:\/\/moto-oprema.com\/de\/wp-json\/wp\/v2\/brand?post=127041"},{"taxonomy":"gender","embeddable":true,"href":"https:\/\/moto-oprema.com\/de\/wp-json\/wp\/v2\/gender?post=127041"},{"taxonomy":"product_brand","embeddable":true,"href":"https:\/\/moto-oprema.com\/de\/wp-json\/wp\/v2\/product_brand?post=127041"},{"taxonomy":"product_cat","embeddable":true,"href":"https:\/\/moto-oprema.com\/de\/wp-json\/wp\/v2\/product_cat?post=127041"},{"taxonomy":"product_tag","embeddable":true,"href":"https:\/\/moto-oprema.com\/de\/wp-json\/wp\/v2\/product_tag?post=127041"}],"curies":[{"name":"wp","href":"https:\/\/api.w.org\/{rel}","templated":true}]}}