{"id":127024,"date":"2021-09-10T10:10:32","date_gmt":"2021-09-10T10:10:32","guid":{"rendered":"https:\/\/moto-oprema.com\/Artikel\/dainese-pro-armor-sicherheitsjacke-2-0\/"},"modified":"2021-09-10T10:10:32","modified_gmt":"2021-09-10T10:10:32","slug":"dainese-pro-armor-sicherheitsjacke-2-0","status":"publish","type":"product","link":"https:\/\/moto-oprema.com\/de\/Artikel\/dainese-pro-armor-sicherheitsjacke-2-0\/","title":{"rendered":"DAINESE PRO-ARMOR SICHERHEITSJACKE 2.0"},"content":{"rendered":"<p><span xml_lang=\"sl\" lang=\"sl\">Dainese PRO-ARMOR Jacke &#8211; Jacke mit integrierten R\u00fccken-, Schulter- und Ellbogenpolstern. Bietet idealen Schutz f\u00fcr den Oberk\u00f6rper. Hergestellt aus atmungsaktivem Mesh-Gewebe.    <\/span><\/p>\n<div class=\"ui-tabs-panel ui-widget-content ui-corner-bottom\" id=\"tab-product-description-original\">\n<div class=\"description\">\n<p><strong>ALLGEMEINE MERKMALE<\/strong><\/p>\n<ul>\n<li>2 Au\u00dfentaschen<\/li>\n<li>Reflektierende Eins\u00e4tze<\/li>\n<\/ul>\n<p><strong>ERGONOMIE<\/strong><\/p>\n<ul>\n<li>Anpassungen an Taille und Handgelenke<\/li>\n<li>Bielastische elastische Eins\u00e4tze<\/li>\n<li>Verbindungsschlaufe Jacke-Hose<\/li>\n<li>Elastische Eins\u00e4tze<\/li>\n<li>Dicke der dynamischen Protektoren<\/li>\n<li>Vorgekr\u00fcmmte &amp; ergonomische Protektorform<\/li>\n<\/ul>\n<p><strong>HAUPTMATERIALIEN<\/strong><\/p>\n<ul>\n<li>Mesh-Gewebe<\/li>\n<li>Bielastischer Mini-Netzstoff an den Seiten<\/li>\n<li>Airnet-Imola auf den inneren Kontaktfl\u00e4chen<\/li>\n<li>Expandierter Nitrilkautschuk<\/li>\n<\/ul>\n<p><strong>LEISTUNGSSCHOCK<\/strong><\/p>\n<ul>\n<li>Pro-Armor: weiche, nach der Norm EN 1621.1 zertifizierte Protektoren an Schultern und Ellenbogen<\/li>\n<li>Pro-Armor G R\u00fcckenprotektor zertifiziert nach Standard 1621.2 Stufe 2<\/li>\n<\/ul>\n<p><strong>TEMPERATUR<\/strong><\/p>\n<ul>\n<li>Atmungsaktive Struktur der Protektoren<\/li>\n<li>Perforierter Stoff<\/li>\n<\/ul>\n<\/div>\n<\/div>\n<p><span xml_lang=\"sl\" lang=\"sl\">    <\/span><\/p>\n<p class=\"tw-data-text tw-text-large tw-ta\" style=\"text-align:left;\" dir=\"ltr\">\n","protected":false},"excerpt":{"rendered":"<p>Dainese PRO-ARMOR Jacke &#8211; Jacke mit integrierten R\u00fccken-, Schulter- und Ellbogenpolstern. Bietet idealen Schutz f\u00fcr den&#8230;<\/p>\n","protected":false},"featured_media":13806,"comment_status":"open","ping_status":"closed","template":"","meta":{"_acf_changed":false},"brand":[2113],"gender":[2168],"product_brand":[],"product_cat":[2221,1357,2209],"product_tag":[],"class_list":{"0":"post-127024","1":"product","2":"type-product","3":"status-publish","4":"has-post-thumbnail","6":"brand-dainese-de","7":"gender-moski-de","8":"product_cat-airbags-de","9":"product_cat-ausrustung-fur-motorradfahrer","10":"product_cat-schutzschilde-und-airbags","11":"pa_size-l-de","12":"pa_size-m-de","13":"pa_size-s-de","14":"pa_size-xl-de","15":"pa_size-xs-de","16":"pa_size-xxl-de","18":"first","19":"outofstock","20":"taxable","21":"shipping-taxable","22":"purchasable","23":"product-type-variable"},"acf":[],"_links":{"self":[{"href":"https:\/\/moto-oprema.com\/de\/wp-json\/wp\/v2\/product\/127024","targetHints":{"allow":["GET"]}}],"collection":[{"href":"https:\/\/moto-oprema.com\/de\/wp-json\/wp\/v2\/product"}],"about":[{"href":"https:\/\/moto-oprema.com\/de\/wp-json\/wp\/v2\/types\/product"}],"replies":[{"embeddable":true,"href":"https:\/\/moto-oprema.com\/de\/wp-json\/wp\/v2\/comments?post=127024"}],"wp:featuredmedia":[{"embeddable":true,"href":"https:\/\/moto-oprema.com\/de\/wp-json\/wp\/v2\/media\/13806"}],"wp:attachment":[{"href":"https:\/\/moto-oprema.com\/de\/wp-json\/wp\/v2\/media?parent=127024"}],"wp:term":[{"taxonomy":"brand","embeddable":true,"href":"https:\/\/moto-oprema.com\/de\/wp-json\/wp\/v2\/brand?post=127024"},{"taxonomy":"gender","embeddable":true,"href":"https:\/\/moto-oprema.com\/de\/wp-json\/wp\/v2\/gender?post=127024"},{"taxonomy":"product_brand","embeddable":true,"href":"https:\/\/moto-oprema.com\/de\/wp-json\/wp\/v2\/product_brand?post=127024"},{"taxonomy":"product_cat","embeddable":true,"href":"https:\/\/moto-oprema.com\/de\/wp-json\/wp\/v2\/product_cat?post=127024"},{"taxonomy":"product_tag","embeddable":true,"href":"https:\/\/moto-oprema.com\/de\/wp-json\/wp\/v2\/product_tag?post=127024"}],"curies":[{"name":"wp","href":"https:\/\/api.w.org\/{rel}","templated":true}]}}