{"id":126754,"date":"2021-05-19T10:11:58","date_gmt":"2021-05-19T10:11:58","guid":{"rendered":"https:\/\/moto-oprema.com\/Artikel\/alpinestars-tech-5-schwarz\/"},"modified":"2021-05-19T10:11:58","modified_gmt":"2021-05-19T10:11:58","slug":"alpinestars-tech-5-schwarz","status":"publish","type":"product","link":"https:\/\/moto-oprema.com\/de\/Artikel\/alpinestars-tech-5-schwarz\/","title":{"rendered":"ALPINESTARS TECH 5 SCHWARZ"},"content":{"rendered":"<div id=\"tab-product-description\" class=\"ui-tabs-panel ui-widget-content ui-corner-bottom\">\n<div class=\"description\"><span style=\"font-family:arial, helvetica, sans-serif;font-size:small;\">Alpinestars TECH 5 aus hochwertigem, langlebigem Material.<\/span><span style=\"font-size:small;\"><span style=\"font-family:arial, helvetica, sans-serif;\"> <\/p>\n<p><\/span><\/span><span style=\"font-family:arial, helvetica, sans-serif;font-size:small;\">Zusammensetzung des Rohmaterials: <br \/>&#8211; Obermaterial: Leder und andere Materialien<br \/>&#8211; Futter und Innensohle: Textilmaterial <br \/>&#8211; Sohle: Gummi  <\/span><\/p>\n<p><strong>Merkmale:<\/strong><\/p>\n<ul>\n<li>Obermaterial aus innovativer, abriebfester Mikrofaser mit synthetischem Polymer im Zehenbereich. Das Hauptmaterial aus Mikrofaser bietet ein hohes Ma\u00df an Wasserbest\u00e4ndigkeit, Haltbarkeit und Gewichtsersparnis. Das Material sorgt f\u00fcr eine gleichbleibende Passform bei langfristigem Gebrauch und ist leicht zu pflegen und zu reinigen.  <\/li>\n<li>Neu gestaltete Rist- und Achilles-Akkordeon-Flexzonen aus leichter Mikrofaser f\u00fcr \u00fcberragenden Komfort, Kontrolle und Halt.<\/li>\n<li>Die konturierte, hochentwickelte Polymer-Kernstruktur umschlie\u00dft den oberen Schuh und sorgt f\u00fcr strukturelle Integrit\u00e4t und Abriebfestigkeit, w\u00e4hrend sie gleichzeitig ein ausgezeichnetes Ma\u00df an kontrolliertem Flex erm\u00f6glicht.<\/li>\n<li>Anatomisch geformte, hochmodulige Polymer-Schienbeinplatte f\u00fcr \u00fcberragende Sto\u00df- und Abriebfestigkeit. Die konturierte Schienbeinplatte erm\u00f6glicht eine gr\u00f6\u00dfere Auswahl an Passform und verf\u00fcgt \u00fcber einen verstellbaren Klettverschluss f\u00fcr einen individuellen und sicheren Verschluss. <\/li>\n<li>Das nach innen gerichtete biomechanische Pivot-System verbindet den unteren und oberen Teil des Schuhs und sorgt f\u00fcr Flexibilit\u00e4t und strukturelle Unterst\u00fctzung vorne und hinten. Sowohl das nach innen gerichtete Ober- als auch das Unterteil sind aus speziell formuliertem Polymer mit griffigem Muster f\u00fcr maximalen Kontakt mit dem Fahrrad und verbesserte Abriebfestigkeit gefertigt. <\/li>\n<li>Die hintere TPR-Gamasche \u00fcber dem TPU-Wadenprotektor bietet Schutz und Komfort.<\/li>\n<li>Innovatives Schnallenverschlusssystem mit Schnallenarmen aus Polymer und Glasfaser und Br\u00fcckenverschl\u00fcssen aus schlagfestem Aluminium f\u00fcr Langlebigkeit und Gewichtsersparnis.<\/li>\n<li>Das Schnallensystem verf\u00fcgt \u00fcber einen Speicher und ein Schnellverschluss-System mit selbstausrichtendem Design f\u00fcr einfaches, pr\u00e4zises Schlie\u00dfen und verbesserte Fahrleistung und Sicherheit. Alle Schnallen sind leicht austauschbar.<\/li>\n<li>Die TPU-Schnallenriemen sind ergonomisch geformt, um eine starke Beugung der Vorderseite zu f\u00f6rdern.<\/li>\n<li>Innovative, einteilige Fu\u00dfschale aus TPU mit ausgezeichneter Sto\u00df- und Abriebfestigkeit und un\u00fcbertroffener Sicherheit. Diese Schale wird durch einen Metallschaft im Inneren und eine in die h\u00e4rtere Mischung eingespritzte Zehenverst\u00e4rkung verst\u00e4rkt. <\/li>\n<li>Die exklusive Dual-Compound-Sohle ist nahtlos in die Multidensity-Fu\u00dfbettstruktur mit eingebautem Halt integriert. Die Sohle bietet \u00fcberragende Strapazierf\u00e4higkeit, Grip und Gef\u00fchl beim Fahren. Die Sohle ist austauschbar.  <\/li>\n<li>Das TPU-Fersenpolster, das mit der Schale und den seitlichen\/medialen TPU-Teilen verbunden ist, bietet Schutz und Halt.<\/li>\n<li>Weicher Polyschaum um die Kn\u00f6chel und den Kragen bietet sto\u00dfd\u00e4mpfende Eigenschaften und ein komplettes Innenfutter aus Textil sorgt f\u00fcr Komfort.<\/li>\n<li>Auswechselbares anatomisches EVA-Fu\u00dfbett mit Textilfutter an der Oberseite.<\/li>\n<\/ul>\n<\/div>\n<\/div>\n","protected":false},"excerpt":{"rendered":"<p>Farbe: Schwarz<\/p>\n","protected":false},"featured_media":13072,"comment_status":"open","ping_status":"open","template":"","meta":{"_acf_changed":false},"brand":[2111],"gender":[2168],"product_brand":[],"product_cat":[2028,2244],"product_tag":[],"class_list":{"0":"post-126754","1":"product","2":"type-product","3":"status-publish","4":"has-post-thumbnail","6":"brand-alpinestars-de","7":"gender-moski-de","8":"product_cat-motocross-ausrustung","9":"product_cat-mx-stiefel","10":"pa_size-10445-de","11":"pa_size-11455-de","12":"pa_size-1247-de","13":"pa_size-842-de","14":"pa_size-943-de","16":"first","17":"onbackorder","18":"sale","19":"taxable","20":"shipping-taxable","21":"purchasable","22":"product-type-variable"},"acf":[],"_links":{"self":[{"href":"https:\/\/moto-oprema.com\/de\/wp-json\/wp\/v2\/product\/126754","targetHints":{"allow":["GET"]}}],"collection":[{"href":"https:\/\/moto-oprema.com\/de\/wp-json\/wp\/v2\/product"}],"about":[{"href":"https:\/\/moto-oprema.com\/de\/wp-json\/wp\/v2\/types\/product"}],"replies":[{"embeddable":true,"href":"https:\/\/moto-oprema.com\/de\/wp-json\/wp\/v2\/comments?post=126754"}],"wp:featuredmedia":[{"embeddable":true,"href":"https:\/\/moto-oprema.com\/de\/wp-json\/wp\/v2\/media\/13072"}],"wp:attachment":[{"href":"https:\/\/moto-oprema.com\/de\/wp-json\/wp\/v2\/media?parent=126754"}],"wp:term":[{"taxonomy":"brand","embeddable":true,"href":"https:\/\/moto-oprema.com\/de\/wp-json\/wp\/v2\/brand?post=126754"},{"taxonomy":"gender","embeddable":true,"href":"https:\/\/moto-oprema.com\/de\/wp-json\/wp\/v2\/gender?post=126754"},{"taxonomy":"product_brand","embeddable":true,"href":"https:\/\/moto-oprema.com\/de\/wp-json\/wp\/v2\/product_brand?post=126754"},{"taxonomy":"product_cat","embeddable":true,"href":"https:\/\/moto-oprema.com\/de\/wp-json\/wp\/v2\/product_cat?post=126754"},{"taxonomy":"product_tag","embeddable":true,"href":"https:\/\/moto-oprema.com\/de\/wp-json\/wp\/v2\/product_tag?post=126754"}],"curies":[{"name":"wp","href":"https:\/\/api.w.org\/{rel}","templated":true}]}}