{"id":126679,"date":"2021-05-18T10:19:59","date_gmt":"2021-05-18T10:19:59","guid":{"rendered":"https:\/\/moto-oprema.com\/Artikel\/alpinestars-stella-sector-damen-schuhe\/"},"modified":"2021-05-18T10:19:59","modified_gmt":"2021-05-18T10:19:59","slug":"alpinestars-stella-sector-damen-schuhe","status":"publish","type":"product","link":"https:\/\/moto-oprema.com\/de\/Artikel\/alpinestars-stella-sector-damen-schuhe\/","title":{"rendered":"ALPINESTARS STELLA SECTOR DAMEN SCHUHE"},"content":{"rendered":"<p><span style=\"font-family:arial, helvetica, sans-serif;font-size:small;\">Schmales Profil, leichtes und strapazierf\u00e4higes \u00c4u\u00dferes aus Mikrofaser, TPR-Kn\u00f6chelpolster, integrierte Metallplatte in der Sohle f\u00fcr besseren Fallschutz, &#8230;<br \/><\/span><span style=\"font-family:arial, helvetica, sans-serif;font-size:small;\"><b><br \/>Zusammensetzung des Rohmaterials:  <\/b><\/span><span style=\"font-family:arial, helvetica, sans-serif;font-size:small;\"><span id=\"result_box\" xml_lang=\"sl\" lang=\"sl\"><span class=\"hps\"><\/span><\/span><\/span><span style=\"font-family:arial, helvetica, sans-serif;font-size:small;\"><span><span><br \/>Obermaterial: Veloursleder und synthetisches Material<\/span><\/span><span xml_lang=\"sl\" lang=\"sl\"><\/span><span xml_lang=\"sl\" lang=\"sl\"><span class=\"hps\"><\/span><\/span><span><span>. Futter: Teflongewebe und Cambrelle<\/span><\/span><span xml_lang=\"sl\" lang=\"sl\"><\/span><span xml_lang=\"sl\" lang=\"sl\"><\/span><span><span>. Sohle: Gummi<\/span><\/span><\/span><\/p>\n","protected":false},"excerpt":{"rendered":"<p>Farbe: Schwarz-Fuchsia<\/p>\n","protected":false},"featured_media":13038,"comment_status":"open","ping_status":"closed","template":"","meta":{"_acf_changed":false},"brand":[2111],"gender":[2170],"product_brand":[],"product_cat":[1357,2043,2044],"product_tag":[],"class_list":{"0":"post-126679","1":"product","2":"type-product","3":"status-publish","4":"has-post-thumbnail","6":"brand-alpinestars-de","7":"gender-zenska-de","8":"product_cat-ausrustung-fur-motorradfahrer","9":"product_cat-schuhe","10":"product_cat-urbanes-schuhwerk","11":"pa_size-36-de","12":"pa_size-37-de","13":"pa_size-37-5-de","14":"pa_size-38-de","15":"pa_size-38-5-de","16":"pa_size-39-de","18":"first","19":"outofstock","20":"sale","21":"taxable","22":"shipping-taxable","23":"purchasable","24":"product-type-variable"},"acf":[],"_links":{"self":[{"href":"https:\/\/moto-oprema.com\/de\/wp-json\/wp\/v2\/product\/126679","targetHints":{"allow":["GET"]}}],"collection":[{"href":"https:\/\/moto-oprema.com\/de\/wp-json\/wp\/v2\/product"}],"about":[{"href":"https:\/\/moto-oprema.com\/de\/wp-json\/wp\/v2\/types\/product"}],"replies":[{"embeddable":true,"href":"https:\/\/moto-oprema.com\/de\/wp-json\/wp\/v2\/comments?post=126679"}],"wp:featuredmedia":[{"embeddable":true,"href":"https:\/\/moto-oprema.com\/de\/wp-json\/wp\/v2\/media\/13038"}],"wp:attachment":[{"href":"https:\/\/moto-oprema.com\/de\/wp-json\/wp\/v2\/media?parent=126679"}],"wp:term":[{"taxonomy":"brand","embeddable":true,"href":"https:\/\/moto-oprema.com\/de\/wp-json\/wp\/v2\/brand?post=126679"},{"taxonomy":"gender","embeddable":true,"href":"https:\/\/moto-oprema.com\/de\/wp-json\/wp\/v2\/gender?post=126679"},{"taxonomy":"product_brand","embeddable":true,"href":"https:\/\/moto-oprema.com\/de\/wp-json\/wp\/v2\/product_brand?post=126679"},{"taxonomy":"product_cat","embeddable":true,"href":"https:\/\/moto-oprema.com\/de\/wp-json\/wp\/v2\/product_cat?post=126679"},{"taxonomy":"product_tag","embeddable":true,"href":"https:\/\/moto-oprema.com\/de\/wp-json\/wp\/v2\/product_tag?post=126679"}],"curies":[{"name":"wp","href":"https:\/\/api.w.org\/{rel}","templated":true}]}}