{"id":126636,"date":"2021-11-25T10:15:55","date_gmt":"2021-11-25T10:15:55","guid":{"rendered":"https:\/\/moto-oprema.com\/Artikel\/leatt-shield-5-5-pro\/"},"modified":"2021-11-25T10:15:55","modified_gmt":"2021-11-25T10:15:55","slug":"leatt-shield-5-5-pro","status":"publish","type":"product","link":"https:\/\/moto-oprema.com\/de\/Artikel\/leatt-shield-5-5-pro\/","title":{"rendered":"LEATT SHIELD 5.5 PRO"},"content":{"rendered":"<p><span class=\"VIiyi\" xml_lang=\"sl\" lang=\"sl\"><span class=\"JLqJ4b ChMk0b\"><span>Speziell entwickelt f\u00fcr Leatt Brace T\u00fcrschutzsysteme!<\/span><\/span> <span class=\"JLqJ4b ChMk0b\"><span>Heavy Duty (HD)-Modell, optimale Bel\u00fcftung, 3DF AirFit CE-gepr\u00fcfte Aufprallschaumprotektoren Schulter EN1621-1, R\u00fccken EN1621-2 Stufe 2, Brust EN1621-3 Stufe 2<\/span><\/span><\/span><\/p>\n","protected":false},"excerpt":{"rendered":"<p>Gr\u00f6\u00dfe: S-XL = 60-85kg, 2XL = 85-115kg<\/p>\n","protected":false},"featured_media":14812,"comment_status":"open","ping_status":"open","template":"","meta":{"_acf_changed":false},"brand":[2121],"gender":[],"product_brand":[],"product_cat":[2028],"product_tag":[],"class_list":{"0":"post-126636","1":"product","2":"type-product","3":"status-publish","4":"has-post-thumbnail","6":"brand-leatt-de","7":"product_cat-motocross-ausrustung","9":"first","10":"onbackorder","11":"taxable","12":"shipping-taxable","13":"purchasable","14":"product-type-simple"},"acf":[],"_links":{"self":[{"href":"https:\/\/moto-oprema.com\/de\/wp-json\/wp\/v2\/product\/126636","targetHints":{"allow":["GET"]}}],"collection":[{"href":"https:\/\/moto-oprema.com\/de\/wp-json\/wp\/v2\/product"}],"about":[{"href":"https:\/\/moto-oprema.com\/de\/wp-json\/wp\/v2\/types\/product"}],"replies":[{"embeddable":true,"href":"https:\/\/moto-oprema.com\/de\/wp-json\/wp\/v2\/comments?post=126636"}],"wp:featuredmedia":[{"embeddable":true,"href":"https:\/\/moto-oprema.com\/de\/wp-json\/wp\/v2\/media\/14812"}],"wp:attachment":[{"href":"https:\/\/moto-oprema.com\/de\/wp-json\/wp\/v2\/media?parent=126636"}],"wp:term":[{"taxonomy":"brand","embeddable":true,"href":"https:\/\/moto-oprema.com\/de\/wp-json\/wp\/v2\/brand?post=126636"},{"taxonomy":"gender","embeddable":true,"href":"https:\/\/moto-oprema.com\/de\/wp-json\/wp\/v2\/gender?post=126636"},{"taxonomy":"product_brand","embeddable":true,"href":"https:\/\/moto-oprema.com\/de\/wp-json\/wp\/v2\/product_brand?post=126636"},{"taxonomy":"product_cat","embeddable":true,"href":"https:\/\/moto-oprema.com\/de\/wp-json\/wp\/v2\/product_cat?post=126636"},{"taxonomy":"product_tag","embeddable":true,"href":"https:\/\/moto-oprema.com\/de\/wp-json\/wp\/v2\/product_tag?post=126636"}],"curies":[{"name":"wp","href":"https:\/\/api.w.org\/{rel}","templated":true}]}}