{"id":126634,"date":"2021-11-25T09:49:03","date_gmt":"2021-11-25T09:49:03","guid":{"rendered":"https:\/\/moto-oprema.com\/Artikel\/leatt-rolloff-velocity-6-5-graphene-gelb-brille\/"},"modified":"2021-11-25T09:49:03","modified_gmt":"2021-11-25T09:49:03","slug":"leatt-rolloff-velocity-6-5-graphene-gelb-brille","status":"publish","type":"product","link":"https:\/\/moto-oprema.com\/de\/Artikel\/leatt-rolloff-velocity-6-5-graphene-gelb-brille\/","title":{"rendered":"LEATT ROLLOFF VELOCITY 6.5 GRAPHENE GELB BRILLE"},"content":{"rendered":"<p>Nicht korrodiert in \u00dcbereinstimmung mit ANSI Z87.1-2015 und dem milit\u00e4rischen ballistischen Standard f\u00fcr Aufprall (MIL-DTL-43511D), 50-mm-B\u00fcgelhalterung mit Anti-Rutsch-Beschichtung, versiegelte 170\u00b0 WideVision-Doppelscheibe, permanente Anti-Rost-Funktion, selbsteinziehendes Scheibenrahmen-Design, einfacher Scheibenwechsel zum Einsetzen\/Entfernen, Rahmen mit zwei H\u00e4rtegraden, auch f\u00fcr schwerste Helme geeignet, OTG &#8211; Over the Glasses &#8211; f\u00fcr Brillentr\u00e4ger geeignet, dreilagiger Schaumstoff unterschiedlicher Viskosit\u00e4t plus Vliesbeschichtung, rollbereit f\u00fcr 48 mm WideVision-System (optional), abnehmbar mit Stift (inklusive Abnehmpaket), abnehmbarer Nasenschutz, 83 % transparent<\/p>\n","protected":false},"excerpt":{"rendered":"<p>Graphen Gelb<\/p>\n","protected":false},"featured_media":14810,"comment_status":"open","ping_status":"open","template":"","meta":{"_acf_changed":false},"brand":[2121],"gender":[2173],"product_brand":[],"product_cat":[2028],"product_tag":[],"class_list":{"0":"post-126634","1":"product","2":"type-product","3":"status-publish","4":"has-post-thumbnail","6":"brand-leatt-de","7":"gender-unisex-de","8":"product_cat-motocross-ausrustung","10":"first","11":"instock","12":"taxable","13":"shipping-taxable","14":"purchasable","15":"product-type-simple"},"acf":[],"_links":{"self":[{"href":"https:\/\/moto-oprema.com\/de\/wp-json\/wp\/v2\/product\/126634","targetHints":{"allow":["GET"]}}],"collection":[{"href":"https:\/\/moto-oprema.com\/de\/wp-json\/wp\/v2\/product"}],"about":[{"href":"https:\/\/moto-oprema.com\/de\/wp-json\/wp\/v2\/types\/product"}],"replies":[{"embeddable":true,"href":"https:\/\/moto-oprema.com\/de\/wp-json\/wp\/v2\/comments?post=126634"}],"wp:featuredmedia":[{"embeddable":true,"href":"https:\/\/moto-oprema.com\/de\/wp-json\/wp\/v2\/media\/14810"}],"wp:attachment":[{"href":"https:\/\/moto-oprema.com\/de\/wp-json\/wp\/v2\/media?parent=126634"}],"wp:term":[{"taxonomy":"brand","embeddable":true,"href":"https:\/\/moto-oprema.com\/de\/wp-json\/wp\/v2\/brand?post=126634"},{"taxonomy":"gender","embeddable":true,"href":"https:\/\/moto-oprema.com\/de\/wp-json\/wp\/v2\/gender?post=126634"},{"taxonomy":"product_brand","embeddable":true,"href":"https:\/\/moto-oprema.com\/de\/wp-json\/wp\/v2\/product_brand?post=126634"},{"taxonomy":"product_cat","embeddable":true,"href":"https:\/\/moto-oprema.com\/de\/wp-json\/wp\/v2\/product_cat?post=126634"},{"taxonomy":"product_tag","embeddable":true,"href":"https:\/\/moto-oprema.com\/de\/wp-json\/wp\/v2\/product_tag?post=126634"}],"curies":[{"name":"wp","href":"https:\/\/api.w.org\/{rel}","templated":true}]}}