{"id":126606,"date":"2021-11-25T12:04:05","date_gmt":"2021-11-25T12:04:05","guid":{"rendered":"https:\/\/moto-oprema.com\/Artikel\/oneal-rider-mx-jugend-stiefel-gelb\/"},"modified":"2021-11-25T12:04:05","modified_gmt":"2021-11-25T12:04:05","slug":"oneal-rider-mx-jugend-stiefel-gelb","status":"publish","type":"product","link":"https:\/\/moto-oprema.com\/de\/Artikel\/oneal-rider-mx-jugend-stiefel-gelb\/","title":{"rendered":"O&#8217;NEAL RIDER MX JUGEND STIEFEL GELB"},"content":{"rendered":"<div class=\"ui-tabs-panel ui-widget-content ui-corner-bottom\" id=\"tab-product-description-original\">\n<div class=\"description\">\n<p><strong>Oneal Rider Jugend Stiefel<br \/><\/strong><\/p>\n<p><span class=\"tlid-translation translation\" xml_lang=\"sl\" lang=\"sl\"><span title=\"\">Dieser neu entwickelte MX-Stiefel folgt dem Erfolgsrezept, der Passform und der Leistung des vorherigen und erfolgreichen Rider-Stiefelmodells.  <br \/><\/span><\/span><\/p>\n<p><strong>Merkmale:<\/strong><\/p>\n<ul>\n<li>Neuer, frischer Look unter Beibehaltung der bekannten Schutzfunktionen des Rider-Stiefels<\/li>\n<li>Perfekte Stabilit\u00e4t am Ende des Schuhs durch Metall- und Nylon-Verst\u00e4rkungen in der Sohle<\/li>\n<li>Einfaches \u00d6ffnen und Schlie\u00dfen durch vier leicht verstellbare Schnallen<\/li>\n<li>Gut ausbalancierte Laufsohlenkonstruktion<\/li>\n<li>Perfekter Halt durch die widerstandsf\u00e4hige und gen\u00e4hte Sohlenkonstruktion<\/li>\n<li>Perfekt f\u00fcr MX, Enduro, Trail oder ATV<\/li>\n<li>Zehen- und Sohlenschutz an der Vorderseite aus Metall<\/li>\n<li>Zus\u00e4tzlicher Komfort durch eine Innenausstattung aus Air-Mesh, eine gro\u00dfz\u00fcgige Fersenst\u00fctze und eine gepolsterte Innensohle<\/li>\n<li>W\u00e4rmeschutz von innen durch hochwertiges synthetisches Material<\/li>\n<li>Erf\u00fcllt EN13634:2017<\/li>\n<\/ul>\n<\/div>\n<\/div>\n","protected":false},"excerpt":{"rendered":"<p>Oneal Rider Jugend Stiefel Dieser neu entwickelte MX-Stiefel folgt dem Erfolgsrezept, der Passform und der Leistung&#8230;<\/p>\n","protected":false},"featured_media":14814,"comment_status":"open","ping_status":"open","template":"","meta":{"_acf_changed":false},"brand":[2177],"gender":[],"product_brand":[],"product_cat":[2028],"product_tag":[],"class_list":{"0":"post-126606","1":"product","2":"type-product","3":"status-publish","4":"has-post-thumbnail","6":"brand-oneal-de","7":"product_cat-motocross-ausrustung","8":"pa_size-31-de","9":"pa_size-32-de","10":"pa_size-33-de","11":"pa_size-34-de","12":"pa_size-35-de","13":"pa_size-36-de","14":"pa_size-38-de","16":"first","17":"onbackorder","18":"taxable","19":"shipping-taxable","20":"purchasable","21":"product-type-variable"},"acf":[],"_links":{"self":[{"href":"https:\/\/moto-oprema.com\/de\/wp-json\/wp\/v2\/product\/126606","targetHints":{"allow":["GET"]}}],"collection":[{"href":"https:\/\/moto-oprema.com\/de\/wp-json\/wp\/v2\/product"}],"about":[{"href":"https:\/\/moto-oprema.com\/de\/wp-json\/wp\/v2\/types\/product"}],"replies":[{"embeddable":true,"href":"https:\/\/moto-oprema.com\/de\/wp-json\/wp\/v2\/comments?post=126606"}],"wp:featuredmedia":[{"embeddable":true,"href":"https:\/\/moto-oprema.com\/de\/wp-json\/wp\/v2\/media\/14814"}],"wp:attachment":[{"href":"https:\/\/moto-oprema.com\/de\/wp-json\/wp\/v2\/media?parent=126606"}],"wp:term":[{"taxonomy":"brand","embeddable":true,"href":"https:\/\/moto-oprema.com\/de\/wp-json\/wp\/v2\/brand?post=126606"},{"taxonomy":"gender","embeddable":true,"href":"https:\/\/moto-oprema.com\/de\/wp-json\/wp\/v2\/gender?post=126606"},{"taxonomy":"product_brand","embeddable":true,"href":"https:\/\/moto-oprema.com\/de\/wp-json\/wp\/v2\/product_brand?post=126606"},{"taxonomy":"product_cat","embeddable":true,"href":"https:\/\/moto-oprema.com\/de\/wp-json\/wp\/v2\/product_cat?post=126606"},{"taxonomy":"product_tag","embeddable":true,"href":"https:\/\/moto-oprema.com\/de\/wp-json\/wp\/v2\/product_tag?post=126606"}],"curies":[{"name":"wp","href":"https:\/\/api.w.org\/{rel}","templated":true}]}}