{"id":126560,"date":"2021-11-24T10:26:05","date_gmt":"2021-11-24T10:26:05","guid":{"rendered":"https:\/\/moto-oprema.com\/Artikel\/leatt-mx-kinder-wettbewerb-trikot-shorts-reiten-kit-3-5-royal\/"},"modified":"2021-11-24T10:26:05","modified_gmt":"2021-11-24T10:26:05","slug":"leatt-mx-kinder-wettbewerb-trikot-shorts-reiten-kit-3-5-royal","status":"publish","type":"product","link":"https:\/\/moto-oprema.com\/de\/Artikel\/leatt-mx-kinder-wettbewerb-trikot-shorts-reiten-kit-3-5-royal\/","title":{"rendered":"LEATT MX KINDER WETTBEWERB TRIKOT SHORTS REITEN KIT 3.5 ROYAL"},"content":{"rendered":"<p>Das 3.5 Ride Kit besteht aus einer MX-Shorts und einem T-Shirt und bietet ein hervorragendes Preis-Leistungs-Verh\u00e4ltnis in einer klassischen, ma\u00dfgeschneiderten Passform.<\/p>\n<p>Das Trikot besteht aus 3D-Stretch-Mesh-Gewebe mit Luftkan\u00e4len und Overlock-N\u00e4hten f\u00fcr mehr Komfort. Dank der individuellen Passform kann das Trikot mit oder ohne Polster getragen werden.<\/p>\n<p>Die Hose verwendet Stretch-Strickeins\u00e4tze, die an kritischen Stellen f\u00fcr Strapazierf\u00e4higkeit und Atmungsaktivit\u00e4t verst\u00e4rkt sind. Ein Ledereinsatz am rechten Knie sch\u00fctzt das Bein vor der Hitze des Auspuffs, und hochwertige YKK-Rei\u00dfverschl\u00fcsse mit Silikongriff an der Taille halten die Hose an Ort und Stelle. <\/p>\n<p class=\"tw-data-text tw-text-large tw-ta\" style=\"text-align:left;\" dir=\"ltr\"><span xml_lang=\"sl\" lang=\"sl\">100% Polyester<\/span><\/p>\n","protected":false},"excerpt":{"rendered":"<p>Farbe: K\u00f6nigsblau<\/p>\n","protected":false},"featured_media":14777,"comment_status":"open","ping_status":"open","template":"","meta":{"_acf_changed":false},"brand":[2121],"gender":[],"product_brand":[],"product_cat":[1357,2028],"product_tag":[],"class_list":{"0":"post-126560","1":"product","2":"type-product","3":"status-publish","4":"has-post-thumbnail","6":"brand-leatt-de","7":"product_cat-ausrustung-fur-motorradfahrer","8":"product_cat-motocross-ausrustung","9":"pa_size-l-de","10":"pa_size-m-de","11":"pa_size-s-de","12":"pa_size-xl-de","13":"pa_size-xs-de","14":"pa_size-xxs-de","16":"first","17":"onbackorder","18":"taxable","19":"shipping-taxable","20":"purchasable","21":"product-type-variable"},"acf":[],"_links":{"self":[{"href":"https:\/\/moto-oprema.com\/de\/wp-json\/wp\/v2\/product\/126560","targetHints":{"allow":["GET"]}}],"collection":[{"href":"https:\/\/moto-oprema.com\/de\/wp-json\/wp\/v2\/product"}],"about":[{"href":"https:\/\/moto-oprema.com\/de\/wp-json\/wp\/v2\/types\/product"}],"replies":[{"embeddable":true,"href":"https:\/\/moto-oprema.com\/de\/wp-json\/wp\/v2\/comments?post=126560"}],"wp:featuredmedia":[{"embeddable":true,"href":"https:\/\/moto-oprema.com\/de\/wp-json\/wp\/v2\/media\/14777"}],"wp:attachment":[{"href":"https:\/\/moto-oprema.com\/de\/wp-json\/wp\/v2\/media?parent=126560"}],"wp:term":[{"taxonomy":"brand","embeddable":true,"href":"https:\/\/moto-oprema.com\/de\/wp-json\/wp\/v2\/brand?post=126560"},{"taxonomy":"gender","embeddable":true,"href":"https:\/\/moto-oprema.com\/de\/wp-json\/wp\/v2\/gender?post=126560"},{"taxonomy":"product_brand","embeddable":true,"href":"https:\/\/moto-oprema.com\/de\/wp-json\/wp\/v2\/product_brand?post=126560"},{"taxonomy":"product_cat","embeddable":true,"href":"https:\/\/moto-oprema.com\/de\/wp-json\/wp\/v2\/product_cat?post=126560"},{"taxonomy":"product_tag","embeddable":true,"href":"https:\/\/moto-oprema.com\/de\/wp-json\/wp\/v2\/product_tag?post=126560"}],"curies":[{"name":"wp","href":"https:\/\/api.w.org\/{rel}","templated":true}]}}