{"id":126514,"date":"2021-11-23T10:12:07","date_gmt":"2021-11-23T10:12:07","guid":{"rendered":"https:\/\/moto-oprema.com\/Artikel\/rusty-stitches-strickjacke-damen-damen-jackehuete-set\/"},"modified":"2021-11-23T10:12:07","modified_gmt":"2021-11-23T10:12:07","slug":"rusty-stitches-strickjacke-damen-damen-jackehuete-set","status":"publish","type":"product","link":"https:\/\/moto-oprema.com\/de\/Artikel\/rusty-stitches-strickjacke-damen-damen-jackehuete-set\/","title":{"rendered":"RUSTY STITCHES STRICKJACKE &#8211; DAMEN DAMEN JACKE+H\u00dcTE SET"},"content":{"rendered":"<div class=\"artview_besch inner_idbeschr\">\n<p><strong>RustyStitches Jacke &#8211; Jenny &#8211; Damenset (Jacke + Hose)<\/strong><\/p>\n<p>Einfach und erschwinglich. Das sind die Schl\u00fcsselw\u00f6rter f\u00fcr Jenny-Kleider. <\/p>\n<p>Er ist die perfekte Erg\u00e4nzung und ein erschwinglicher Anzug f\u00fcr Motorradanf\u00e4nger. Tommys R\u00fccken und Knie sind dehnbar, so dass Sie beim Motorradfahren die n\u00f6tige Bewegungsfreiheit haben. Abnehmbare flexible CE-Polster an den Schultern und Ellbogen sorgen f\u00fcr Ihre Sicherheit, ohne den Tragekomfort zu beeintr\u00e4chtigen. Tommy kann leicht mit dem R\u00fcckenprotektor D30 aufger\u00fcstet werden.   <\/p>\n<ul>\n<li>Ausgestattet mit AFS-System und 3D-Mesh-Technologie f\u00fcr die richtige Temperaturkontrolle. Luftig im Sommer und dank des Innenfutters (herausnehmbar) auch f\u00fcr kalte und nasse Tage geeignet. <\/li>\n<li>Polymesh-Material, das hoch atmungsaktiv, wasserdicht, leicht und angenehm zu tragen ist<\/li>\n<li>3D-Polster auf Brust und R\u00fccken, die die Festigkeit verbessern und den Komfort und die Temperaturregulierung bei jedem Wetter unterst\u00fctzen.<\/li>\n<\/ul>\n<p>Obermaterial: 100% Nylon<\/p>\n<p>Innenmaterial: 100% Polyester<\/p>\n<\/p>\n<\/div>\n","protected":false},"excerpt":{"rendered":"<p>Farbe: Schwarz &#8211; Wei\u00df<\/p>\n","protected":false},"featured_media":14739,"comment_status":"open","ping_status":"open","template":"","meta":{"_acf_changed":false},"brand":[2675],"gender":[],"product_brand":[],"product_cat":[1357,2189,2045],"product_tag":[],"class_list":{"0":"post-126514","1":"product","2":"type-product","3":"status-publish","4":"has-post-thumbnail","6":"brand-jopa-de","7":"product_cat-ausrustung-fur-motorradfahrer","8":"product_cat-hose","9":"product_cat-jakne-de","10":"pa_size-38-de","11":"pa_size-40-de","12":"pa_size-42-de","13":"pa_size-44-de","14":"pa_size-46-de","15":"pa_size-48-de","16":"pa_size-50-de","18":"first","19":"onbackorder","20":"sale","21":"taxable","22":"shipping-taxable","23":"purchasable","24":"product-type-variable"},"acf":[],"_links":{"self":[{"href":"https:\/\/moto-oprema.com\/de\/wp-json\/wp\/v2\/product\/126514","targetHints":{"allow":["GET"]}}],"collection":[{"href":"https:\/\/moto-oprema.com\/de\/wp-json\/wp\/v2\/product"}],"about":[{"href":"https:\/\/moto-oprema.com\/de\/wp-json\/wp\/v2\/types\/product"}],"replies":[{"embeddable":true,"href":"https:\/\/moto-oprema.com\/de\/wp-json\/wp\/v2\/comments?post=126514"}],"wp:featuredmedia":[{"embeddable":true,"href":"https:\/\/moto-oprema.com\/de\/wp-json\/wp\/v2\/media\/14739"}],"wp:attachment":[{"href":"https:\/\/moto-oprema.com\/de\/wp-json\/wp\/v2\/media?parent=126514"}],"wp:term":[{"taxonomy":"brand","embeddable":true,"href":"https:\/\/moto-oprema.com\/de\/wp-json\/wp\/v2\/brand?post=126514"},{"taxonomy":"gender","embeddable":true,"href":"https:\/\/moto-oprema.com\/de\/wp-json\/wp\/v2\/gender?post=126514"},{"taxonomy":"product_brand","embeddable":true,"href":"https:\/\/moto-oprema.com\/de\/wp-json\/wp\/v2\/product_brand?post=126514"},{"taxonomy":"product_cat","embeddable":true,"href":"https:\/\/moto-oprema.com\/de\/wp-json\/wp\/v2\/product_cat?post=126514"},{"taxonomy":"product_tag","embeddable":true,"href":"https:\/\/moto-oprema.com\/de\/wp-json\/wp\/v2\/product_tag?post=126514"}],"curies":[{"name":"wp","href":"https:\/\/api.w.org\/{rel}","templated":true}]}}