{"id":126412,"date":"2021-05-25T11:14:16","date_gmt":"2021-05-25T11:14:16","guid":{"rendered":"https:\/\/moto-oprema.com\/Artikel\/spidi-4-saison-evo-h2out-jacke-schwarz-rot\/"},"modified":"2021-05-25T11:14:16","modified_gmt":"2021-05-25T11:14:16","slug":"spidi-4-saison-evo-h2out-jacke-schwarz-rot","status":"publish","type":"product","link":"https:\/\/moto-oprema.com\/de\/Artikel\/spidi-4-saison-evo-h2out-jacke-schwarz-rot\/","title":{"rendered":"SPIDI 4 SAISON EVO H2OUT JACKE SCHWARZ ROT"},"content":{"rendered":"<p>Spidi 4 Saison Evo H2Out Motorrad Textil Jacke<\/p>\n<p>Spidi 4 Season Evo: ein verbesserter und neu definierter Weltbestseller.<\/p>\n<p>Merkmale:<\/p>\n<p>aus hochfestem 3-Lagen-Nylon Extra Tenax 6.6<br \/>\nausgezeichnete Abrieb- und Durchsto\u00dffestigkeit<br \/>\nPolyester mit PU-Beschichtung in komfortsensiblen Bereichen<br \/>\n6 gro\u00dfz\u00fcgige Mesh-Eins\u00e4tze sorgen f\u00fcr eine hervorragende Luftzirkulation (auf der Brust, den Unterarmen und dem R\u00fccken) &#8211; strategisch platziert f\u00fcr optimale K\u00fchlung des Fahrers an den hei\u00dfesten Tagen<br \/>\nEntspricht Pr En 17092-4:2020 Klasse A<br \/>\nForceTech herausnehmbare Schulterpolster (EN 1621-1:2012, Level 2)<br \/>\nWarrior Lite herausnehmbare Ellbogenpolster (EN 1621-1:2012, Level 2)<br \/>\nDie Step-In Wear Ausr\u00fcstung<br \/>\nenth\u00e4lt 2 separate Innenwesten: eine Regenjacke (aus atmungsaktivem und wasserdichtem 5k\/5k H2Out\u00ae-Gewebe) und eine 100 gsm Thermounterlage<br \/>\nEs ist m\u00f6glich, jedes der 3 Teile der 4 Season Evo separat zu verwenden oder sie mit 1 oder 2 anderen Komponenten zu kombinieren.<br \/>\n3M\u00ae Scotchlite\u00ae Reflektoren f\u00fcr hervorragende Nachtsichtbarkeit<br \/>\nVerbindung zwischen Jacke und Hose mit Rei\u00dfverschluss f\u00fcr zus\u00e4tzliche Sicherheit<br \/>\nvollst\u00e4ndig verstellbar (Spidis integriertes Ergofit Verstellsystem mit verstellbarem E.S.T. Verschluss am Kragen)<br \/>\n2 wasserdichte Au\u00dfentaschen<br \/>\nH2Out wasserdichte, winddichte und atmungsaktive Kleidung<br \/>\nrobustes Netzfutter<br \/>\nHerausnehmbares Futter mit Futter (100 gr.)<br \/>\nHerausnehmbare 2\u00b0 H2Out Einlage<br \/>\nVorbereitung auf den R\u00fcckenschutz (Stufe 1, Z54 \/ Stufe 2, Z147)<br \/>\nVorbereitung f\u00fcr Eind\u00e4mmungspuffer (Stufe 2, Z172)<br \/>\nMachen Sie sich bereit f\u00fcr Warrior Chest Protector (Level 1, Z138)<br \/>\nWarrior Thorax Brustprotektor Kit (Z157)<br \/>\nDurchschnittliches Gewicht: 2,5 kg<\/p>\n<p>Zusammensetzung des Rohmaterials:<br \/>\nAu\u00dfenmaterial: 56% Polyester, 44% Polyamid \/ 1. Innenfutter: 100% Polyester \/ 2. Innenfutter: 100% Polyamid<\/p>\n","protected":false},"excerpt":{"rendered":"<p>Spidi 4 Saison Evo H2Out Motorrad Textil Jacke Jacke f\u00fcr das ganze Jahr. Spezielles herausnehmbares Thermofutter&#8230;<\/p>\n","protected":false},"featured_media":13097,"comment_status":"open","ping_status":"open","template":"","meta":{"_acf_changed":false},"brand":[2124],"gender":[2168],"product_brand":[],"product_cat":[1357,2045,2048],"product_tag":[],"class_list":{"0":"post-126412","1":"product","2":"type-product","3":"status-publish","4":"has-post-thumbnail","6":"brand-spidi-de","7":"gender-moski-de","8":"product_cat-ausrustung-fur-motorradfahrer","9":"product_cat-jakne-de","10":"product_cat-textil-jacken","11":"pa_size-l-de","12":"pa_size-m-de","13":"pa_size-xl-de","14":"pa_size-xxl-de","15":"pa_size-xxxl-de","16":"pa_size-xxxxl-de","18":"first","19":"instock","20":"sale","21":"taxable","22":"shipping-taxable","23":"purchasable","24":"product-type-variable"},"acf":[],"_links":{"self":[{"href":"https:\/\/moto-oprema.com\/de\/wp-json\/wp\/v2\/product\/126412","targetHints":{"allow":["GET"]}}],"collection":[{"href":"https:\/\/moto-oprema.com\/de\/wp-json\/wp\/v2\/product"}],"about":[{"href":"https:\/\/moto-oprema.com\/de\/wp-json\/wp\/v2\/types\/product"}],"replies":[{"embeddable":true,"href":"https:\/\/moto-oprema.com\/de\/wp-json\/wp\/v2\/comments?post=126412"}],"wp:featuredmedia":[{"embeddable":true,"href":"https:\/\/moto-oprema.com\/de\/wp-json\/wp\/v2\/media\/13097"}],"wp:attachment":[{"href":"https:\/\/moto-oprema.com\/de\/wp-json\/wp\/v2\/media?parent=126412"}],"wp:term":[{"taxonomy":"brand","embeddable":true,"href":"https:\/\/moto-oprema.com\/de\/wp-json\/wp\/v2\/brand?post=126412"},{"taxonomy":"gender","embeddable":true,"href":"https:\/\/moto-oprema.com\/de\/wp-json\/wp\/v2\/gender?post=126412"},{"taxonomy":"product_brand","embeddable":true,"href":"https:\/\/moto-oprema.com\/de\/wp-json\/wp\/v2\/product_brand?post=126412"},{"taxonomy":"product_cat","embeddable":true,"href":"https:\/\/moto-oprema.com\/de\/wp-json\/wp\/v2\/product_cat?post=126412"},{"taxonomy":"product_tag","embeddable":true,"href":"https:\/\/moto-oprema.com\/de\/wp-json\/wp\/v2\/product_tag?post=126412"}],"curies":[{"name":"wp","href":"https:\/\/api.w.org\/{rel}","templated":true}]}}