{"id":126401,"date":"2020-02-21T10:42:16","date_gmt":"2020-02-21T10:42:16","guid":{"rendered":"https:\/\/moto-oprema.com\/Artikel\/alpinestars-t-gp-plus-r-v3\/"},"modified":"2020-02-21T10:42:16","modified_gmt":"2020-02-21T10:42:16","slug":"alpinestars-t-gp-plus-r-v3","status":"publish","type":"product","link":"https:\/\/moto-oprema.com\/de\/Artikel\/alpinestars-t-gp-plus-r-v3\/","title":{"rendered":"ALPINESTARS T-GP PLUS R V3"},"content":{"rendered":"<p>Die Jacke ist strapazierf\u00e4hig und hat an strategischen Stellen CE-zertifizierte Protektoren eingearbeitet. Ein durchg\u00e4ngig gen\u00e4hter Rei\u00dfverschluss verbindet die Jacke mit der Alpinestars Hose und bietet Schutz von Kopf bis Fu\u00df. <\/p>\n<p>Merkmale:<\/p>\n<p>Die T-GP Plus R V2 Jacke besteht aus einem \u00e4u\u00dferst strapazierf\u00e4higen und abriebfesten Polygewebe und bietet einen subtil eingearbeiteten, klassenf\u00fchrenden Schutz. Sie wurde entwickelt, um Ihnen Sicherheit und Komfort zu bieten, wenn Sie das Gaspedal durchdr\u00fccken. Lufteinl\u00e4sse mit Rei\u00dfverschl\u00fcssen sorgen f\u00fcr die n\u00f6tige Bel\u00fcftung, w\u00e4hrend ein praktischer, umlaufender Taillenrei\u00dfverschluss eine sichere Befestigung an der Alpinestars Hose erm\u00f6glicht. <\/p>\n<ul>\n<li>Hergestellt aus einem \u00e4u\u00dferst strapazierf\u00e4higen und abriebfesten 450\/600 Denier Poly-Gewebe f\u00fcr Wasserfestigkeit und lang anhaltende Leistung.<\/li>\n<li>Strategisch positionierte Lufteinl\u00e4sse mit Rei\u00dfverschluss an den oberen \u00c4rmeln sorgen f\u00fcr eine einstellbare Bel\u00fcftung bei w\u00e4rmeren Wetterbedingungen.<\/li>\n<li>Das herausnehmbare Innenfutter der Thermojacke mit Taschen erm\u00f6glicht es, das Kleidungsst\u00fcck bei verschiedenen Wetterlagen zu tragen.<\/li>\n<li>Das Mesh-Futter sorgt f\u00fcr eine optimale Bel\u00fcftung und Atmungsaktivit\u00e4t des Kleidungsst\u00fccks.<\/li>\n<li>Leichte, CE-zertifizierte Ellbogen- und Schulterprotektoren verleihen der Jacke eine schlanke Passform und bieten dennoch einen klassenf\u00fchrenden Aufprallschutz.<\/li>\n<li>Brust- und R\u00fcckenpolsterf\u00e4cher mit PE-Schaumstoffpolsterung (CE-zertifizierter Nucleon Brust-R\u00fcckenprotektor als Zubeh\u00f6r erh\u00e4ltlich).<\/li>\n<li>Druckknopfsystem zur Integration des Level 2 CE-zertifizierten Alpinestars Nucleon R\u00fcckenprotektors.<\/li>\n<li>Der neu entwickelte Schulterschutz besteht aus einem \u00fcbergeformten, hochentwickelten TPU-Schutz, der unter dem Au\u00dfenmaterial liegt und so ein optimales Ma\u00df an Schutz und Komfort bietet.<\/li>\n<li>Sportliche Passform mit vorgeformten \u00c4rmeln f\u00fcr weniger Erm\u00fcdung und mehr Fahrkomfort.<\/li>\n<li>Strategisch positionierte Eins\u00e4tze aus Stretch-Poly-Gewebe an den Schultern f\u00fcr eine hervorragende, flexible Passform.<\/li>\n<li>Der weiche Mesh-Kragen ist mit einem Klettverschluss ausgestattet, der f\u00fcr einen sicheren und bequemen Verschluss sorgt.<\/li>\n<li>Klettverschluss und D-Ring in der Taille f\u00fcr eine sichere und individuelle Passform.<\/li>\n<li>Klettverschl\u00fcsse an den Handgelenken erm\u00f6glichen eine weitere Feinabstimmung der Passform des Kleidungsst\u00fccks.<\/li>\n<li>Das niedrigere Design im hinteren Bereich deckt den Lendenbereich ab und verhindert, dass die Jacke \u00fcber der Hose hochrutscht.<\/li>\n<li>Die praktische wasserdichte Innentasche h\u00e4lt wichtige Dokumente sicher und trocken.<\/li>\n<li>Externe, gro\u00df zu \u00f6ffnende Vordertaschen sind mit einem Rei\u00dfverschluss versehen und lassen sich problemlos schlie\u00dfen.<\/li>\n<li>Mehrere Innenf\u00e4cher mit Klettverschl\u00fcssen sorgen f\u00fcr zus\u00e4tzliche Sicherheit.<\/li>\n<li>Der Rei\u00dfverschluss an der Taille erm\u00f6glicht die Befestigung an der Alpinestars Reithose.<\/li>\n<li>Reflektierende Details f\u00fcr bessere Sichtbarkeit des Fahrers.<\/li>\n<\/ul>\n<p>Materialzusammensetzung:<br \/>\nAu\u00dfen: 90% Polyester, 10% Polyamid<br \/>\nUnten: 100% Polyester<\/p>\n","protected":false},"excerpt":{"rendered":"<p>Alpinestars T-GP Plus R V3 Jacke Farbe: Schwarz-Camouflage-Rot Fluo<\/p>\n","protected":false},"featured_media":8344,"comment_status":"open","ping_status":"open","template":"","meta":{"_acf_changed":false},"brand":[2111],"gender":[2168],"product_brand":[],"product_cat":[1357,2045,2048],"product_tag":[],"class_list":{"0":"post-126401","1":"product","2":"type-product","3":"status-publish","4":"has-post-thumbnail","6":"brand-alpinestars-de","7":"gender-moski-de","8":"product_cat-ausrustung-fur-motorradfahrer","9":"product_cat-jakne-de","10":"product_cat-textil-jacken","11":"pa_size-l-de","12":"pa_size-m-de","13":"pa_size-s-de","14":"pa_size-xl-de","16":"first","17":"onbackorder","18":"sale","19":"taxable","20":"shipping-taxable","21":"purchasable","22":"product-type-variable"},"acf":[],"_links":{"self":[{"href":"https:\/\/moto-oprema.com\/de\/wp-json\/wp\/v2\/product\/126401","targetHints":{"allow":["GET"]}}],"collection":[{"href":"https:\/\/moto-oprema.com\/de\/wp-json\/wp\/v2\/product"}],"about":[{"href":"https:\/\/moto-oprema.com\/de\/wp-json\/wp\/v2\/types\/product"}],"replies":[{"embeddable":true,"href":"https:\/\/moto-oprema.com\/de\/wp-json\/wp\/v2\/comments?post=126401"}],"wp:featuredmedia":[{"embeddable":true,"href":"https:\/\/moto-oprema.com\/de\/wp-json\/wp\/v2\/media\/8344"}],"wp:attachment":[{"href":"https:\/\/moto-oprema.com\/de\/wp-json\/wp\/v2\/media?parent=126401"}],"wp:term":[{"taxonomy":"brand","embeddable":true,"href":"https:\/\/moto-oprema.com\/de\/wp-json\/wp\/v2\/brand?post=126401"},{"taxonomy":"gender","embeddable":true,"href":"https:\/\/moto-oprema.com\/de\/wp-json\/wp\/v2\/gender?post=126401"},{"taxonomy":"product_brand","embeddable":true,"href":"https:\/\/moto-oprema.com\/de\/wp-json\/wp\/v2\/product_brand?post=126401"},{"taxonomy":"product_cat","embeddable":true,"href":"https:\/\/moto-oprema.com\/de\/wp-json\/wp\/v2\/product_cat?post=126401"},{"taxonomy":"product_tag","embeddable":true,"href":"https:\/\/moto-oprema.com\/de\/wp-json\/wp\/v2\/product_tag?post=126401"}],"curies":[{"name":"wp","href":"https:\/\/api.w.org\/{rel}","templated":true}]}}