{"id":126394,"date":"2020-02-21T10:11:45","date_gmt":"2020-02-21T10:11:45","guid":{"rendered":"https:\/\/moto-oprema.com\/Artikel\/alpinestars-t-sp-s-wp\/"},"modified":"2020-02-21T10:11:45","modified_gmt":"2020-02-21T10:11:45","slug":"alpinestars-t-sp-s-wp","status":"publish","type":"product","link":"https:\/\/moto-oprema.com\/de\/Artikel\/alpinestars-t-sp-s-wp\/","title":{"rendered":"ALPINESTARS T-SP S WP"},"content":{"rendered":"<p><span style=\"font-family:arial, helvetica, sans-serif;font-size:small;\"><span id=\"result_box\" xml_lang=\"sl\" lang=\"sl\"><span>Sie ist eine aggressiv<\/span> <span class=\"hps\">gestaltete<\/span> <span class=\"hps\">Textiljacke<\/span><span>, ideal<\/span> <span class=\"hps\">f\u00fcr sportliche<\/span><span class=\"hps\">Fahrer<\/span><span class=\"hps\">. <\/span><span>Die<\/span><span>T-SP-S<\/span> <span class=\"hps\">ist eine<\/span> <span class=\"hps\">strapazierf\u00e4hige<\/span>Jacke,  <span class=\"hps\">und<\/span> <span class=\"hps\">extrem<\/span> <span class=\"hps\">vielseitig bei einer<\/span> <span class=\"hps\">Vielzahl von<\/span> <span class=\"hps\">Wetterbedingungen<\/span>. I<span class=\"hps\"><\/span><span class=\"hps\">hat<\/span> <span class=\"hps\">wasserdichte<\/span> <span class=\"hps\">Membran<\/span> <span class=\"hps\">und<\/span> <span class=\"hps\">herausnehmbar<\/span> <span class=\"hps\">herausnehmbares Futter<\/span><span>.<\/span><\/span><\/span><\/p>\n<p><em>100% Polyester<\/em><\/p>\n<div>\n<div>Details<\/div>\n<\/div>\n<ul>\n<li>Mehrteilige, fortschrittliche Polygewebe-Au\u00dfenhautkonstruktion mit abriebfestem Material in strategischen Bereichen<\/li>\n<li>Stretch-Ellbogenakkordeon f\u00fcr mehr Bewegung und Komfort auf dem Rad<\/li>\n<li>Haken- und Schlaufenband an der Taille f\u00fcr eine bessere Passform<\/li>\n<li>Zwei Rei\u00dfverschlusstaschen f\u00fcr die sichere Aufbewahrung kleiner Gegenst\u00e4nde und eine wasserdichte Innentasche vorne<\/li>\n<li>Verbindungsrei\u00dfverschluss an der Taille erm\u00f6glicht die Befestigung an Alpinestars Reithosen<\/li>\n<li>Aufgestickte Logos f\u00fcr einzigartiges Styling<\/li>\n<li>Niedrige Kragenkonstruktion mit 3D-texturiertem Komfortgewebe am inneren Kragenfutter<\/li>\n<li>Vorgekr\u00fcmmte \u00c4rmelkonstruktion reduziert Erm\u00fcdung<\/li>\n<li>Reflektierende Details erh\u00f6hen die Sichtbarkeit des Fahrers f\u00fcr andere Verkehrsteilnehmer.<\/li>\n<li>Brustpolster und R\u00fcckenf\u00e4cher (Alpinestars Nucleon Brust- und Nucleon R\u00fcckeneins\u00e4tze als Zubeh\u00f6r erh\u00e4ltlich)<\/li>\n<li>Bio Armor Schulter- und Ellbogensch\u00fctzer<\/li>\n<li>Mikrofaser-Komfortkante am Kragen<\/li>\n<\/ul>\n","protected":false},"excerpt":{"rendered":"<p>Alpinestars T-SP-S wasserdichte Jacke Farbe: Schwarz und Wei\u00df<\/p>\n","protected":false},"featured_media":8333,"comment_status":"open","ping_status":"closed","template":"","meta":{"_acf_changed":false},"brand":[2111],"gender":[2168],"product_brand":[],"product_cat":[1357,2045,2048],"product_tag":[],"class_list":{"0":"post-126394","1":"product","2":"type-product","3":"status-publish","4":"has-post-thumbnail","6":"brand-alpinestars-de","7":"gender-moski-de","8":"product_cat-ausrustung-fur-motorradfahrer","9":"product_cat-jakne-de","10":"product_cat-textil-jacken","11":"pa_size-l-de","12":"pa_size-m-de","13":"pa_size-s-de","14":"pa_size-xl-de","15":"pa_size-xxl-de","17":"first","18":"outofstock","19":"sale","20":"taxable","21":"shipping-taxable","22":"purchasable","23":"product-type-variable"},"acf":[],"_links":{"self":[{"href":"https:\/\/moto-oprema.com\/de\/wp-json\/wp\/v2\/product\/126394","targetHints":{"allow":["GET"]}}],"collection":[{"href":"https:\/\/moto-oprema.com\/de\/wp-json\/wp\/v2\/product"}],"about":[{"href":"https:\/\/moto-oprema.com\/de\/wp-json\/wp\/v2\/types\/product"}],"replies":[{"embeddable":true,"href":"https:\/\/moto-oprema.com\/de\/wp-json\/wp\/v2\/comments?post=126394"}],"wp:featuredmedia":[{"embeddable":true,"href":"https:\/\/moto-oprema.com\/de\/wp-json\/wp\/v2\/media\/8333"}],"wp:attachment":[{"href":"https:\/\/moto-oprema.com\/de\/wp-json\/wp\/v2\/media?parent=126394"}],"wp:term":[{"taxonomy":"brand","embeddable":true,"href":"https:\/\/moto-oprema.com\/de\/wp-json\/wp\/v2\/brand?post=126394"},{"taxonomy":"gender","embeddable":true,"href":"https:\/\/moto-oprema.com\/de\/wp-json\/wp\/v2\/gender?post=126394"},{"taxonomy":"product_brand","embeddable":true,"href":"https:\/\/moto-oprema.com\/de\/wp-json\/wp\/v2\/product_brand?post=126394"},{"taxonomy":"product_cat","embeddable":true,"href":"https:\/\/moto-oprema.com\/de\/wp-json\/wp\/v2\/product_cat?post=126394"},{"taxonomy":"product_tag","embeddable":true,"href":"https:\/\/moto-oprema.com\/de\/wp-json\/wp\/v2\/product_tag?post=126394"}],"curies":[{"name":"wp","href":"https:\/\/api.w.org\/{rel}","templated":true}]}}