{"id":126364,"date":"2020-02-19T11:44:30","date_gmt":"2020-02-19T11:44:30","guid":{"rendered":"https:\/\/moto-oprema.com\/Artikel\/alpinestars-rover-overland-rucksack\/"},"modified":"2020-02-19T11:44:30","modified_gmt":"2020-02-19T11:44:30","slug":"alpinestars-rover-overland-rucksack","status":"publish","type":"product","link":"https:\/\/moto-oprema.com\/de\/Artikel\/alpinestars-rover-overland-rucksack\/","title":{"rendered":"ALPINESTARS ROVER OVERLAND RUCKSACK"},"content":{"rendered":"<p>Der Alpinestars Rover Overland Rucksack hat ein aerodynamisches Profil und ein neues innovatives Lastentr\u00e4gersystem. Die Schultergurte sind ergonomisch geformt und so konzipiert, dass sie das Gewicht gleichm\u00e4\u00dfig auf den gesamten R\u00fccken verteilen, um den Komfort zu erh\u00f6hen. Der Rucksack hat zahlreiche Innentaschen. Ideal f\u00fcr das Pendeln in der Stadt.  <\/p>\n<p>64% Polyamid, 36% Polyester<\/p>\n<p>Merkmale:<\/p>\n<div class=\"product-description\">\n<p>Ein gro\u00dfer Adventure Touring-Rucksack mit 39 Litern Fassungsverm\u00f6gen und ger\u00e4umigen Innenf\u00e4chern, in denen Sie gro\u00dfe oder sperrige Gegenst\u00e4nde transportieren k\u00f6nnen. Dieser Rucksack verf\u00fcgt \u00fcber ein ergonomisches Design f\u00fcr den Fahrerkomfort und eine robuste Materialkonstruktion f\u00fcr Langlebigkeit. <\/p>\n<\/div>\n<div class=\"product-block-1\">\n<div class=\"accordion-block\">\n<div class=\"info-title allow active\">\n<h3>KONSTRUKTION<\/h3>\n<\/div>\n<div class=\"info-content\">\n<p>&#8211; Verstellbares Gurtsystem f\u00fcr Passform, Komfort und Laststabilit\u00e4t.<\/p>\n<p>&#8211; Gro\u00dfes und hohes 25-Liter-Hauptfach mit herausnehmbarem, wasserdichtem Innenfutter f\u00fcr schnellen und einfachen Zugriff.<\/p>\n<p>&#8211; Das clevere Design bedeutet, dass das Rolltop an den Seiten der Tasche oder an der Oberseite geschlossen \/ verbunden werden kann, um zus\u00e4tzliches Innenvolumen zu erhalten.<\/p>\n<p>&#8211; Ausgestattet mit einer Innentasche f\u00fcr Trinksysteme und zus\u00e4tzlichem Fassungsverm\u00f6gen f\u00fcr Trinksysteme in der Netztasche auf der Vorderseite dank eines Ausgangs f\u00fcr den Schlauch einer zus\u00e4tzlichen Trinkblase.<\/p>\n<\/div>\n<\/div>\n<div class=\"accordion-block\">\n<div class=\"info-title allow active\">\n<h3>SCHL\u00dcSSEL-MERKMALE<\/h3>\n<\/div>\n<div class=\"info-content\">\n<p>&#8211; Ein gro\u00dfes, komprimierbares Frontfach erm\u00f6glicht es, die Tasche zu benutzen, ohne auf das Hauptfach auf der Oberseite zugreifen zu m\u00fcssen.<\/p>\n<p>&#8211; Das clevere Kompressionsdesign bedeutet, dass das vordere Fach, wenn es leer ist, mit den Kompressionsriemen flach an das Hauptfach angelegt wird.<\/p>\n<p>&#8211; Kompaktes Profil im leeren Zustand, das sich auf ein sehr gro\u00dfes Fassungsverm\u00f6gen ausdehnt, wenn sowohl das Hauptfach als auch das 14-Liter-Frontfach gef\u00fcllt sind.<\/p>\n<p>&#8211; Mit einem Laptop-Fach und einem Organizer im vorderen Fach f\u00fcr zus\u00e4tzlichen Nutzen.<\/p>\n<p>&#8211; Alle Gurte sind mit einfach zu ziehenden Enden versehen, um die Benutzung zu erleichtern, und mit Befestigungsschlaufen f\u00fcr zus\u00e4tzliche Sicherheit.<\/p>\n<\/div>\n<\/div>\n<\/div>\n","protected":false},"excerpt":{"rendered":"<p>Der Alpinestars Rover Overland Rucksack hat ein aerodynamisches Profil und ein neues innovatives Lastentr\u00e4gersystem.<\/p>\n","protected":false},"featured_media":8206,"comment_status":"open","ping_status":"closed","template":"","meta":{"_acf_changed":false},"brand":[2111],"gender":[],"product_brand":[],"product_cat":[2078,2024],"product_tag":[],"class_list":{"0":"post-126364","1":"product","2":"type-product","3":"status-publish","4":"has-post-thumbnail","6":"brand-alpinestars-de","7":"product_cat-koffer-und-taschen","8":"product_cat-zubehor","10":"first","11":"instock","12":"sale","13":"taxable","14":"shipping-taxable","15":"purchasable","16":"product-type-simple"},"acf":[],"_links":{"self":[{"href":"https:\/\/moto-oprema.com\/de\/wp-json\/wp\/v2\/product\/126364","targetHints":{"allow":["GET"]}}],"collection":[{"href":"https:\/\/moto-oprema.com\/de\/wp-json\/wp\/v2\/product"}],"about":[{"href":"https:\/\/moto-oprema.com\/de\/wp-json\/wp\/v2\/types\/product"}],"replies":[{"embeddable":true,"href":"https:\/\/moto-oprema.com\/de\/wp-json\/wp\/v2\/comments?post=126364"}],"wp:featuredmedia":[{"embeddable":true,"href":"https:\/\/moto-oprema.com\/de\/wp-json\/wp\/v2\/media\/8206"}],"wp:attachment":[{"href":"https:\/\/moto-oprema.com\/de\/wp-json\/wp\/v2\/media?parent=126364"}],"wp:term":[{"taxonomy":"brand","embeddable":true,"href":"https:\/\/moto-oprema.com\/de\/wp-json\/wp\/v2\/brand?post=126364"},{"taxonomy":"gender","embeddable":true,"href":"https:\/\/moto-oprema.com\/de\/wp-json\/wp\/v2\/gender?post=126364"},{"taxonomy":"product_brand","embeddable":true,"href":"https:\/\/moto-oprema.com\/de\/wp-json\/wp\/v2\/product_brand?post=126364"},{"taxonomy":"product_cat","embeddable":true,"href":"https:\/\/moto-oprema.com\/de\/wp-json\/wp\/v2\/product_cat?post=126364"},{"taxonomy":"product_tag","embeddable":true,"href":"https:\/\/moto-oprema.com\/de\/wp-json\/wp\/v2\/product_tag?post=126364"}],"curies":[{"name":"wp","href":"https:\/\/api.w.org\/{rel}","templated":true}]}}