{"id":126337,"date":"2020-02-19T12:24:06","date_gmt":"2020-02-19T12:24:06","guid":{"rendered":"https:\/\/moto-oprema.com\/Artikel\/alpinestars-jugend-nackenstuetze-nackenschutz-2\/"},"modified":"2020-02-19T12:24:06","modified_gmt":"2020-02-19T12:24:06","slug":"alpinestars-jugend-nackenstuetze-nackenschutz-2","status":"publish","type":"product","link":"https:\/\/moto-oprema.com\/de\/Artikel\/alpinestars-jugend-nackenstuetze-nackenschutz-2\/","title":{"rendered":"ALPINESTARS JUGEND NACKENST\u00dcTZE NACKENSCHUTZ"},"content":{"rendered":"<\/p>\n<div class=\"product-description\">Die Jugend-Nackenst\u00fctze wurde speziell f\u00fcr junge oder kleinere Fahrer entwickelt und funktioniert, wenn der Helm und der St\u00fctzrahmen einen alternativen Belastungspfad f\u00fcr die \u00fcberm\u00e4\u00dfige Energie bieten, die den Nacken komprimiert. Wenn der Helm im Moment des Aufpralls mit der Nackenst\u00fctze in Kontakt ist, kann die Gesamtbelastung, die durch den Nacken geleitet wird, reduziert werden, was einen Bruch verhindern und das Risiko von Muskelverletzungen durch extreme Kopfbewegungen verringern kann. Obwohl es nicht m\u00f6glich ist, das Risiko jeglicher Art von Verletzungen auszuschlie\u00dfen, tr\u00e4gt die St\u00fctze nachweislich dazu bei, die schwersten Sch\u00e4den zu verringern und das Risiko von Kollateralverletzungen zu minimieren, da die Aufprallbelastung vom Nacken weggeleitet wird.  <\/div>\n<\/p>\n<div class=\"product-block-1\">\n<div class=\"accordion-block\">\n<div class=\"info-title allow active\">\n<h3>KONSTRUKTION<\/h3>\n<\/div>\n<div class=\"info-content\">\n<p>&#8211; Neuer kompakter und einfach zu benutzender leichter Nackenschutz f\u00fcr Kinder von 8 bis 14 Jahren.<\/p>\n<p>&#8211; Ergonomisch gestaltete und konstruierte Form f\u00fcr perfekte Passform und Eingriff mit A-5s und Youth Bionic Action Jacket<\/p>\n<p>&#8211; Der linke und rechte starre Rahmen aus einer Polymermischung sorgt in Kombination mit dem innenliegenden glatten, weich eingespritzten EVA f\u00fcr einen perfekten Sitz und eine stabile Positionierung.<\/p>\n<p>&#8211; Die gesamte Rahmenkonstruktion leitet die Energie \u00fcber den R\u00fccken ab.<\/p>\n<p>&#8211; Die flexible R\u00fcckenverbindung zwischen dem linken und dem rechten Rahmen erm\u00f6glicht es der Nackenst\u00fctze, den Bewegungen des K\u00f6rpers beim Fahren zu folgen.<\/p>\n<\/div>\n<\/div>\n<\/div>\n","protected":false},"excerpt":{"rendered":"<p>T\u00fcrschutz f\u00fcr junge Leute. Universalgr\u00f6\u00dfe von 8-14 Jahren<\/p>\n","protected":false},"featured_media":8226,"comment_status":"open","ping_status":"closed","template":"","meta":{"_acf_changed":false},"brand":[2111],"gender":[],"product_brand":[],"product_cat":[2216,2028,2330],"product_tag":[],"class_list":{"0":"post-126337","1":"product","2":"type-product","3":"status-publish","4":"has-post-thumbnail","6":"brand-alpinestars-de","7":"product_cat-fur-die-jungsten-de","8":"product_cat-motocross-ausrustung","9":"product_cat-mx-protektoren","11":"first","12":"instock","13":"sale","14":"taxable","15":"shipping-taxable","16":"purchasable","17":"product-type-simple"},"acf":[],"_links":{"self":[{"href":"https:\/\/moto-oprema.com\/de\/wp-json\/wp\/v2\/product\/126337","targetHints":{"allow":["GET"]}}],"collection":[{"href":"https:\/\/moto-oprema.com\/de\/wp-json\/wp\/v2\/product"}],"about":[{"href":"https:\/\/moto-oprema.com\/de\/wp-json\/wp\/v2\/types\/product"}],"replies":[{"embeddable":true,"href":"https:\/\/moto-oprema.com\/de\/wp-json\/wp\/v2\/comments?post=126337"}],"wp:featuredmedia":[{"embeddable":true,"href":"https:\/\/moto-oprema.com\/de\/wp-json\/wp\/v2\/media\/8226"}],"wp:attachment":[{"href":"https:\/\/moto-oprema.com\/de\/wp-json\/wp\/v2\/media?parent=126337"}],"wp:term":[{"taxonomy":"brand","embeddable":true,"href":"https:\/\/moto-oprema.com\/de\/wp-json\/wp\/v2\/brand?post=126337"},{"taxonomy":"gender","embeddable":true,"href":"https:\/\/moto-oprema.com\/de\/wp-json\/wp\/v2\/gender?post=126337"},{"taxonomy":"product_brand","embeddable":true,"href":"https:\/\/moto-oprema.com\/de\/wp-json\/wp\/v2\/product_brand?post=126337"},{"taxonomy":"product_cat","embeddable":true,"href":"https:\/\/moto-oprema.com\/de\/wp-json\/wp\/v2\/product_cat?post=126337"},{"taxonomy":"product_tag","embeddable":true,"href":"https:\/\/moto-oprema.com\/de\/wp-json\/wp\/v2\/product_tag?post=126337"}],"curies":[{"name":"wp","href":"https:\/\/api.w.org\/{rel}","templated":true}]}}