{"id":126335,"date":"2020-02-19T12:10:35","date_gmt":"2020-02-19T12:10:35","guid":{"rendered":"https:\/\/moto-oprema.com\/Artikel\/alpinestars-bionic-hydration-rucksack\/"},"modified":"2020-02-19T12:10:35","modified_gmt":"2020-02-19T12:10:35","slug":"alpinestars-bionic-hydration-rucksack","status":"publish","type":"product","link":"https:\/\/moto-oprema.com\/de\/Artikel\/alpinestars-bionic-hydration-rucksack\/","title":{"rendered":"ALPINESTARS BIONIC HYDRATION Rucksack"},"content":{"rendered":"<p>Mit dem leichten Bionic Trinkrucksack k\u00f6nnen Sie Ihre Fahrt noch l\u00e4nger genie\u00dfen. Er wurde entwickelt, um Komfort, Tragekomfort, Atmungsaktivit\u00e4t und Haltbarkeit zu bieten.<br \/>Kombinieren Sie ihn mit der Bionic Tech v2 und der Bionic Pro v2 Jacke. <\/p>\n<p>1,5l Fassungsverm\u00f6gen f\u00fcr Getr\u00e4nke<\/p><\/p>\n","protected":false},"excerpt":{"rendered":"<p>Mit dem leichten Bionic Trinkrucksack k\u00f6nnen Sie Ihre Fahrt noch l\u00e4nger genie\u00dfen. Er wurde entwickelt, um&#8230;<\/p>\n","protected":false},"featured_media":8220,"comment_status":"open","ping_status":"closed","template":"","meta":{"_acf_changed":false},"brand":[2111],"gender":[],"product_brand":[],"product_cat":[2024],"product_tag":[],"class_list":{"0":"post-126335","1":"product","2":"type-product","3":"status-publish","4":"has-post-thumbnail","6":"brand-alpinestars-de","7":"product_cat-zubehor","9":"first","10":"instock","11":"taxable","12":"shipping-taxable","13":"purchasable","14":"product-type-simple"},"acf":[],"_links":{"self":[{"href":"https:\/\/moto-oprema.com\/de\/wp-json\/wp\/v2\/product\/126335","targetHints":{"allow":["GET"]}}],"collection":[{"href":"https:\/\/moto-oprema.com\/de\/wp-json\/wp\/v2\/product"}],"about":[{"href":"https:\/\/moto-oprema.com\/de\/wp-json\/wp\/v2\/types\/product"}],"replies":[{"embeddable":true,"href":"https:\/\/moto-oprema.com\/de\/wp-json\/wp\/v2\/comments?post=126335"}],"wp:featuredmedia":[{"embeddable":true,"href":"https:\/\/moto-oprema.com\/de\/wp-json\/wp\/v2\/media\/8220"}],"wp:attachment":[{"href":"https:\/\/moto-oprema.com\/de\/wp-json\/wp\/v2\/media?parent=126335"}],"wp:term":[{"taxonomy":"brand","embeddable":true,"href":"https:\/\/moto-oprema.com\/de\/wp-json\/wp\/v2\/brand?post=126335"},{"taxonomy":"gender","embeddable":true,"href":"https:\/\/moto-oprema.com\/de\/wp-json\/wp\/v2\/gender?post=126335"},{"taxonomy":"product_brand","embeddable":true,"href":"https:\/\/moto-oprema.com\/de\/wp-json\/wp\/v2\/product_brand?post=126335"},{"taxonomy":"product_cat","embeddable":true,"href":"https:\/\/moto-oprema.com\/de\/wp-json\/wp\/v2\/product_cat?post=126335"},{"taxonomy":"product_tag","embeddable":true,"href":"https:\/\/moto-oprema.com\/de\/wp-json\/wp\/v2\/product_tag?post=126335"}],"curies":[{"name":"wp","href":"https:\/\/api.w.org\/{rel}","templated":true}]}}