{"id":126325,"date":"2020-02-19T11:59:11","date_gmt":"2020-02-19T11:59:11","guid":{"rendered":"https:\/\/moto-oprema.com\/Artikel\/alpinestars-bionic-plus-jugendweste\/"},"modified":"2020-02-19T11:59:11","modified_gmt":"2020-02-19T11:59:11","slug":"alpinestars-bionic-plus-jugendweste","status":"publish","type":"product","link":"https:\/\/moto-oprema.com\/de\/Artikel\/alpinestars-bionic-plus-jugendweste\/","title":{"rendered":"ALPINESTARS BIONIC PLUS JUGENDWESTE"},"content":{"rendered":"<div class=\"rte\">\n<p>&#8211; Leicht und angenehm zu tragen.<br \/>\n&#8211; Hergestellt aus hochwertigem Material, das sehr guten Schutz bietet.<br \/>\n&#8211; Schulter- und Ellbogenpolster aus PU-Schaum.<br \/>\n&#8211; Das Netzfutter bietet maximalen Komfort und Bel\u00fcftung.<br \/>\n&#8211; Der obere Teil des R\u00fcckenprotektors ist mit den Alpinestars BNS Nackenst\u00fctzen kompatibel.<br \/>\n&#8211; Verschluss mit YKK\u00ae-Rei\u00dfverschluss.<br \/>\n&#8211; Gepr\u00fcft und zertifiziert gem\u00e4\u00df der Europ\u00e4ischen Norm (CE) EN 1621-1:2012 (Stufe 1), EN 1621-2:2014 (Stufe 2) und EN 1621-3:2016 (Stufe 2).<\/p>\n<\/div>\n","protected":false},"excerpt":{"rendered":"<p>Alpinestars Bionic Plus Jugend-Sicherheitsweste.<\/p>\n","protected":false},"featured_media":8212,"comment_status":"open","ping_status":"closed","template":"","meta":{"_acf_changed":false},"brand":[2111],"gender":[],"product_brand":[],"product_cat":[2216,2028,2330],"product_tag":[],"class_list":{"0":"post-126325","1":"product","2":"type-product","3":"status-publish","4":"has-post-thumbnail","6":"brand-alpinestars-de","7":"product_cat-fur-die-jungsten-de","8":"product_cat-motocross-ausrustung","9":"product_cat-mx-protektoren","10":"pa_size-l-xl-de","11":"pa_size-s-m-de","13":"first","14":"onbackorder","15":"sale","16":"taxable","17":"shipping-taxable","18":"purchasable","19":"product-type-variable"},"acf":[],"_links":{"self":[{"href":"https:\/\/moto-oprema.com\/de\/wp-json\/wp\/v2\/product\/126325","targetHints":{"allow":["GET"]}}],"collection":[{"href":"https:\/\/moto-oprema.com\/de\/wp-json\/wp\/v2\/product"}],"about":[{"href":"https:\/\/moto-oprema.com\/de\/wp-json\/wp\/v2\/types\/product"}],"replies":[{"embeddable":true,"href":"https:\/\/moto-oprema.com\/de\/wp-json\/wp\/v2\/comments?post=126325"}],"wp:featuredmedia":[{"embeddable":true,"href":"https:\/\/moto-oprema.com\/de\/wp-json\/wp\/v2\/media\/8212"}],"wp:attachment":[{"href":"https:\/\/moto-oprema.com\/de\/wp-json\/wp\/v2\/media?parent=126325"}],"wp:term":[{"taxonomy":"brand","embeddable":true,"href":"https:\/\/moto-oprema.com\/de\/wp-json\/wp\/v2\/brand?post=126325"},{"taxonomy":"gender","embeddable":true,"href":"https:\/\/moto-oprema.com\/de\/wp-json\/wp\/v2\/gender?post=126325"},{"taxonomy":"product_brand","embeddable":true,"href":"https:\/\/moto-oprema.com\/de\/wp-json\/wp\/v2\/product_brand?post=126325"},{"taxonomy":"product_cat","embeddable":true,"href":"https:\/\/moto-oprema.com\/de\/wp-json\/wp\/v2\/product_cat?post=126325"},{"taxonomy":"product_tag","embeddable":true,"href":"https:\/\/moto-oprema.com\/de\/wp-json\/wp\/v2\/product_tag?post=126325"}],"curies":[{"name":"wp","href":"https:\/\/api.w.org\/{rel}","templated":true}]}}