{"id":126278,"date":"2020-09-21T12:12:16","date_gmt":"2020-09-21T12:12:16","guid":{"rendered":"https:\/\/moto-oprema.com\/Artikel\/shoei-neotec-ii-trenner-tc-3\/"},"modified":"2020-09-21T12:12:16","modified_gmt":"2020-09-21T12:12:16","slug":"shoei-neotec-ii-trenner-tc-3","status":"publish","type":"product","link":"https:\/\/moto-oprema.com\/de\/Artikel\/shoei-neotec-ii-trenner-tc-3\/","title":{"rendered":"SHOEI NEOTEC II TRENNER TC-3"},"content":{"rendered":"<p>Der Neotec II ist eine Weiterentwicklung des Vorg\u00e4ngermodells der Neotec Klapphelme von Shoei. Shoei hat bei der Entwicklung des neuen Modells die neuesten Technologien und Fortschritte bei den Materialien genutzt. Er zeichnet sich durch ein kompaktes Design und die M\u00f6glichkeit aus, das SENA SRL Kommunikationssystem zu montieren. SENA beeintr\u00e4chtigt das \u00e4u\u00dfere Erscheinungsbild des Helms nicht. Der Neotec II repr\u00e4sentiert das h\u00f6chste Angebot an Cabrio-Helmen, das derzeit auf dem Markt zu finden ist.    <\/p>\n<p>Merkmale:<\/p>\n<ul>\n<li>Au\u00dfenh\u00fclle aus AIM (Advanced Integrated Matrix), bestehend aus organischen Fasern, Multi-Komposit-Fasern in mehreren Schichten, die eine hervorragende Sto\u00dfd\u00e4mpfung bieten<\/li>\n<li>Die Innenschale besteht aus EPS in zwei H\u00e4rtegraden<\/li>\n<li><span id=\"result_box\" lang=\"sl\" xml_lang=\"sl\">Inklusive mikrometrischem R\u00fcckhaltesystem aus Edelstahl<\/span><\/li>\n<li><span lang=\"sl\" xml_lang=\"sl\">Der Mechanismus zum Drehen des Kinnschutzes ist aus 100% rostfreiem Stahl gefertigt<\/span><\/li>\n<li><span lang=\"sl\" xml_lang=\"sl\">Das neue CNS-3 Visier mit integriertem Pinlock-System h\u00e4lt 99% der UV-Strahlen zur\u00fcck<\/span><\/li>\n<li><span lang=\"sl\" xml_lang=\"sl\">Polsterung an strategischen Stellen f\u00fcr mehr Komfort und weniger Fahrger\u00e4usche<\/span><\/li>\n<\/ul>\n","protected":false},"excerpt":{"rendered":"<p>SHOEI Neotec II Helm. Erste Lieferung NOVEMBER 2020<\/p>\n","protected":false},"featured_media":10751,"comment_status":"open","ping_status":"open","template":"","meta":{"_acf_changed":false},"brand":[2126],"gender":[2173],"product_brand":[],"product_cat":[2026,1357,1360],"product_tag":[],"class_list":{"0":"post-126278","1":"product","2":"type-product","3":"status-publish","4":"has-post-thumbnail","6":"brand-shoei-de","7":"gender-unisex-de","8":"product_cat-ausklappbar","9":"product_cat-ausrustung-fur-motorradfahrer","10":"product_cat-helme","11":"pa_size-l-de","12":"pa_size-m-de","13":"pa_size-s-de","14":"pa_size-xl-de","15":"pa_size-xs-de","16":"pa_size-xxl-de","17":"pa_size-xxs-de","19":"first","20":"instock","21":"sale","22":"taxable","23":"shipping-taxable","24":"purchasable","25":"product-type-variable"},"acf":[],"_links":{"self":[{"href":"https:\/\/moto-oprema.com\/de\/wp-json\/wp\/v2\/product\/126278","targetHints":{"allow":["GET"]}}],"collection":[{"href":"https:\/\/moto-oprema.com\/de\/wp-json\/wp\/v2\/product"}],"about":[{"href":"https:\/\/moto-oprema.com\/de\/wp-json\/wp\/v2\/types\/product"}],"replies":[{"embeddable":true,"href":"https:\/\/moto-oprema.com\/de\/wp-json\/wp\/v2\/comments?post=126278"}],"wp:featuredmedia":[{"embeddable":true,"href":"https:\/\/moto-oprema.com\/de\/wp-json\/wp\/v2\/media\/10751"}],"wp:attachment":[{"href":"https:\/\/moto-oprema.com\/de\/wp-json\/wp\/v2\/media?parent=126278"}],"wp:term":[{"taxonomy":"brand","embeddable":true,"href":"https:\/\/moto-oprema.com\/de\/wp-json\/wp\/v2\/brand?post=126278"},{"taxonomy":"gender","embeddable":true,"href":"https:\/\/moto-oprema.com\/de\/wp-json\/wp\/v2\/gender?post=126278"},{"taxonomy":"product_brand","embeddable":true,"href":"https:\/\/moto-oprema.com\/de\/wp-json\/wp\/v2\/product_brand?post=126278"},{"taxonomy":"product_cat","embeddable":true,"href":"https:\/\/moto-oprema.com\/de\/wp-json\/wp\/v2\/product_cat?post=126278"},{"taxonomy":"product_tag","embeddable":true,"href":"https:\/\/moto-oprema.com\/de\/wp-json\/wp\/v2\/product_tag?post=126278"}],"curies":[{"name":"wp","href":"https:\/\/api.w.org\/{rel}","templated":true}]}}