{"id":126274,"date":"2020-03-21T11:54:33","date_gmt":"2020-03-21T11:54:33","guid":{"rendered":"https:\/\/moto-oprema.com\/Artikel\/alpinestars-reiten-tech-lite-1\/"},"modified":"2020-03-21T11:54:33","modified_gmt":"2020-03-21T11:54:33","slug":"alpinestars-reiten-tech-lite-1","status":"publish","type":"product","link":"https:\/\/moto-oprema.com\/de\/Artikel\/alpinestars-reiten-tech-lite-1\/","title":{"rendered":"ALPINESTARS REITEN TECH LITE-1"},"content":{"rendered":"<p>Die Alpinestars Ride Tech-1 Summer einteilige Unterjacke wurde speziell f\u00fcr Fahrten bei warmem Wetter entwickelt. Sie verhindert Hitze- und Schwei\u00dfbildung und h\u00e4lt Sie warm und komfortabel. <\/p>\n<p>Merkmale:<\/p>\n<ul>\n<li>Ultraleichte, technische Basisschicht, die anatomisch optimiert ist, um unter der Oberbekleidung getragen zu werden.<\/li>\n<li>Komfortable, feuchtigkeitsableitende Fasern unterst\u00fctzen die Regulierung der K\u00f6rpertemperatur und die Leistungsf\u00e4higkeit.<\/li>\n<li>Vollst\u00e4ndig k\u00f6rpernah geschnitten mit strategisch positionierten offenen Mesh-Eins\u00e4tzen zur Bel\u00fcftung.<\/li>\n<li>Nahtlose R\u00f6hrenkonstruktion erm\u00f6glicht eine leistungsf\u00e4hige Kompressionspassform.<\/li>\n<li>Ergonomische Flachn\u00e4hte erm\u00f6glichen eine uneingeschr\u00e4nkte Bewegung und einen erweiterten Bewegungsspielraum.<\/li>\n<\/ul>\n<p>84% Polypropylen, 8% Polyamid, 8% Elasthan<\/p>\n","protected":false},"excerpt":{"rendered":"<p>Die Alpinestars Ride Tech Lite-1 einteilige Unterjacke ist als Basisunterjacke unter jeder Lederkombi konzipiert.<\/p>\n","protected":false},"featured_media":8609,"comment_status":"open","ping_status":"closed","template":"","meta":{"_acf_changed":false},"brand":[2111],"gender":[2168],"product_brand":[],"product_cat":[1357,2208,2212],"product_tag":[],"class_list":{"0":"post-126274","1":"product","2":"type-product","3":"status-publish","4":"has-post-thumbnail","6":"brand-alpinestars-de","7":"gender-moski-de","8":"product_cat-ausrustung-fur-motorradfahrer","9":"product_cat-funktionskleidung-und-unterwasche","10":"product_cat-unterkappen","11":"pa_size-m-l-de","12":"pa_size-xl-xxl-de","13":"pa_size-xs-s-de","15":"first","16":"outofstock","17":"sale","18":"taxable","19":"shipping-taxable","20":"purchasable","21":"product-type-variable"},"acf":[],"_links":{"self":[{"href":"https:\/\/moto-oprema.com\/de\/wp-json\/wp\/v2\/product\/126274","targetHints":{"allow":["GET"]}}],"collection":[{"href":"https:\/\/moto-oprema.com\/de\/wp-json\/wp\/v2\/product"}],"about":[{"href":"https:\/\/moto-oprema.com\/de\/wp-json\/wp\/v2\/types\/product"}],"replies":[{"embeddable":true,"href":"https:\/\/moto-oprema.com\/de\/wp-json\/wp\/v2\/comments?post=126274"}],"wp:featuredmedia":[{"embeddable":true,"href":"https:\/\/moto-oprema.com\/de\/wp-json\/wp\/v2\/media\/8609"}],"wp:attachment":[{"href":"https:\/\/moto-oprema.com\/de\/wp-json\/wp\/v2\/media?parent=126274"}],"wp:term":[{"taxonomy":"brand","embeddable":true,"href":"https:\/\/moto-oprema.com\/de\/wp-json\/wp\/v2\/brand?post=126274"},{"taxonomy":"gender","embeddable":true,"href":"https:\/\/moto-oprema.com\/de\/wp-json\/wp\/v2\/gender?post=126274"},{"taxonomy":"product_brand","embeddable":true,"href":"https:\/\/moto-oprema.com\/de\/wp-json\/wp\/v2\/product_brand?post=126274"},{"taxonomy":"product_cat","embeddable":true,"href":"https:\/\/moto-oprema.com\/de\/wp-json\/wp\/v2\/product_cat?post=126274"},{"taxonomy":"product_tag","embeddable":true,"href":"https:\/\/moto-oprema.com\/de\/wp-json\/wp\/v2\/product_tag?post=126274"}],"curies":[{"name":"wp","href":"https:\/\/api.w.org\/{rel}","templated":true}]}}