{"id":126251,"date":"2020-07-01T10:47:40","date_gmt":"2020-07-01T10:47:40","guid":{"rendered":"https:\/\/moto-oprema.com\/Artikel\/dainese-carbon-3-lady-b-b\/"},"modified":"2020-07-01T10:47:40","modified_gmt":"2020-07-01T10:47:40","slug":"dainese-carbon-3-lady-b-b","status":"publish","type":"product","link":"https:\/\/moto-oprema.com\/de\/Artikel\/dainese-carbon-3-lady-b-b\/","title":{"rendered":"DAINESE CARBON 3 LADY B\/B"},"content":{"rendered":"<p>Die Dainese Carbon 3 Handschuhe sind die ideale Kombination aus Schutz mit Rennstreckenkomfort und der Ergonomie eines stra\u00dfentauglichen Handschuhs. Sie verf\u00fcgen \u00fcber die Schutzfunktionen der Dainese Rennhandschuhe, wie z.B. Kn\u00f6chelschutz aus Carbon, Polyurethan-Eins\u00e4tze und Verwindungskontrolle. <\/p>\n<p>Zusammensetzung: 75% Leder, 25% Elastan<\/p>\n<p>Merkmale:<\/p>\n<div id=\"tab-product-description\" class=\"ui-tabs-panel ui-widget-content ui-corner-bottom\">\n<div class=\"description\">\n<div class=\"tabs-informations\">\n<div class=\"tabs-informations\">\n<div class=\"product-info\" style=\"border-top: 1px solid #e0dcdc\">\n<div class=\"title-info\">\n<h3>EIGENSCHAFTEN<\/h3>\n<\/div>\n<div class=\"information-product\">\n<div class=\"row missing-icon\">\n<div class=\"col-sm-10 col-xs-9 vertical-aligned\">\n<p>Abdeckung des Spannbandes<\/p>\n<\/div>\n<\/div>\n<div class=\"row missing-icon\">\n<div class=\"col-sm-10 col-xs-9 vertical-aligned\">\n<p>Weiche Eins\u00e4tze<\/p>\n<\/div>\n<\/div>\n<\/div>\n<\/div>\n<div class=\"product-info\">\n<div class=\"title-info\">\n<h3>ERGONOMIE<\/h3>\n<\/div>\n<div class=\"information-product\">\n<div class=\"row missing-icon\">\n<div class=\"col-sm-10 col-xs-9 vertical-aligned\">\n<p>Verstellbarer Manschettenriemen<\/p>\n<\/div>\n<\/div>\n<div class=\"row missing-icon\">\n<div class=\"col-sm-10 col-xs-9 vertical-aligned\">\n<p>Elastische Eins\u00e4tze<\/p>\n<\/div>\n<\/div>\n<div class=\"row missing-icon\">\n<div class=\"col-sm-10 col-xs-9 vertical-aligned\">\n<p>Vorgekr\u00fcmmte Finger<\/p>\n<\/div>\n<\/div>\n<div class=\"row missing-icon\">\n<div class=\"col-sm-10 col-xs-9 vertical-aligned\">\n<p>Spannband<\/p>\n<\/div>\n<\/div>\n<\/div>\n<\/div>\n<div class=\"product-info\">\n<div class=\"title-info\">\n<h3>HAUPTMATERIALIEN<\/h3>\n<\/div>\n<div class=\"information-product\">\n<div class=\"row missing-icon\">\n<div class=\"col-sm-10 col-xs-9 vertical-aligned\">\n<p>Superweiche Handfl\u00e4che aus trommelgef\u00e4rbtem Ziegenleder<\/p>\n<\/div>\n<\/div>\n<div class=\"row missing-icon\">\n<div class=\"col-sm-10 col-xs-9 vertical-aligned\">\n<p>Mikro-Schafsleder<\/p>\n<\/div>\n<\/div>\n<div class=\"row missing-icon\">\n<div class=\"col-sm-10 col-xs-9 vertical-aligned\">\n<p>Verst\u00e4rkung aus Ziegenleder zwischen Daumen, Zeigefinger und Handfl\u00e4che<\/p>\n<\/div>\n<\/div>\n<\/div>\n<\/div>\n<div class=\"product-info\" style=\"border-top: 1px solid #e0dcdc\">\n<div class=\"title-info\">\n<h3>LEISTUNGSSCHOCK<\/h3>\n<\/div>\n<div class=\"information-product\">\n<div class=\"row missing-icon\">\n<div class=\"col-sm-10 col-xs-9 vertical-aligned\">\n<p>Kompositeins\u00e4tze aus Kohlefaser an den Kn\u00f6cheln<\/p>\n<\/div>\n<\/div>\n<div class=\"row missing-icon\">\n<div class=\"col-sm-10 col-xs-9 vertical-aligned\">\n<p>DCP-System am kleinen Finger<\/p>\n<\/div>\n<\/div>\n<div class=\"row missing-icon\">\n<div class=\"col-sm-10 col-xs-9 vertical-aligned\">\n<p>Handschuhe zertifiziert nach CE &#8211; Kat. II &#8211; EN 13594\/2015 Norm Kat. II lev. 1<\/p>\n<\/div>\n<\/div>\n<div class=\"row missing-icon\">\n<div class=\"col-sm-10 col-xs-9 vertical-aligned\">\n<p>Eine einzelne Lederplatte an der Seite der Hand<\/p>\n<\/div>\n<\/div>\n<div class=\"row missing-icon\">\n<div class=\"col-sm-10 col-xs-9 vertical-aligned\">\n<p>Polyurethan-Einsatz an den Gelenken der Finger und der Handfl\u00e4che<\/p>\n<\/div>\n<\/div>\n<\/div>\n<\/div>\n<div class=\"product-info\">\n<div class=\"title-info\">\n<h3>TEMPERATUR<\/h3>\n<\/div>\n<div class=\"information-product\">\n<div class=\"row missing-icon\">\n<div class=\"col-sm-10 col-xs-9 vertical-aligned\">\n<p>Perforation an der Innenseite des Fingers<\/p>\n<\/div>\n<\/div>\n<\/div>\n<\/div>\n<\/div>\n<\/div>\n<\/div>\n<\/div>\n","protected":false},"excerpt":{"rendered":"<p>Die Dainese Carbon 3 Lady Handschuhe sind die ideale Kombination aus Schutz mit Rennstreckenkomfort und der&#8230;<\/p>\n","protected":false},"featured_media":8660,"comment_status":"open","ping_status":"closed","template":"","meta":{"_acf_changed":false},"brand":[2113],"gender":[2170],"product_brand":[],"product_cat":[1357,2086,2188],"product_tag":[],"class_list":{"0":"post-126251","1":"product","2":"type-product","3":"status-publish","4":"has-post-thumbnail","6":"brand-dainese-de","7":"gender-zenska-de","8":"product_cat-ausrustung-fur-motorradfahrer","9":"product_cat-handschuhe","10":"product_cat-lederhandschuhe","11":"pa_size-l-de","12":"pa_size-m-de","13":"pa_size-s-de","14":"pa_size-xs-de","16":"first","17":"onbackorder","18":"taxable","19":"shipping-taxable","20":"purchasable","21":"product-type-variable"},"acf":[],"_links":{"self":[{"href":"https:\/\/moto-oprema.com\/de\/wp-json\/wp\/v2\/product\/126251","targetHints":{"allow":["GET"]}}],"collection":[{"href":"https:\/\/moto-oprema.com\/de\/wp-json\/wp\/v2\/product"}],"about":[{"href":"https:\/\/moto-oprema.com\/de\/wp-json\/wp\/v2\/types\/product"}],"replies":[{"embeddable":true,"href":"https:\/\/moto-oprema.com\/de\/wp-json\/wp\/v2\/comments?post=126251"}],"wp:featuredmedia":[{"embeddable":true,"href":"https:\/\/moto-oprema.com\/de\/wp-json\/wp\/v2\/media\/8660"}],"wp:attachment":[{"href":"https:\/\/moto-oprema.com\/de\/wp-json\/wp\/v2\/media?parent=126251"}],"wp:term":[{"taxonomy":"brand","embeddable":true,"href":"https:\/\/moto-oprema.com\/de\/wp-json\/wp\/v2\/brand?post=126251"},{"taxonomy":"gender","embeddable":true,"href":"https:\/\/moto-oprema.com\/de\/wp-json\/wp\/v2\/gender?post=126251"},{"taxonomy":"product_brand","embeddable":true,"href":"https:\/\/moto-oprema.com\/de\/wp-json\/wp\/v2\/product_brand?post=126251"},{"taxonomy":"product_cat","embeddable":true,"href":"https:\/\/moto-oprema.com\/de\/wp-json\/wp\/v2\/product_cat?post=126251"},{"taxonomy":"product_tag","embeddable":true,"href":"https:\/\/moto-oprema.com\/de\/wp-json\/wp\/v2\/product_tag?post=126251"}],"curies":[{"name":"wp","href":"https:\/\/api.w.org\/{rel}","templated":true}]}}