{"id":126231,"date":"2020-02-04T09:54:23","date_gmt":"2020-02-04T09:54:23","guid":{"rendered":"https:\/\/moto-oprema.com\/Artikel\/spidi-track-wind-replica-evo-schwarzer-lederoverall\/"},"modified":"2020-02-04T09:54:23","modified_gmt":"2020-02-04T09:54:23","slug":"spidi-track-wind-replica-evo-schwarzer-lederoverall","status":"publish","type":"product","link":"https:\/\/moto-oprema.com\/de\/Artikel\/spidi-track-wind-replica-evo-schwarzer-lederoverall\/","title":{"rendered":"SPIDI TRACK WIND REPLICA EVO SCHWARZER LEDEROVERALL"},"content":{"rendered":"<div class=\"tw-ta-container tw-nfl\" id=\"tw-target-text-container\">\n<p class=\"tw-data-text tw-text-large tw-ta\" id=\"tw-target-text\" style=\"text-align:left\" dir=\"ltr\"><span xml_lang=\"sl\" lang=\"sl\">Spidi ist das erste Unternehmen, das den revolution\u00e4ren abnehmbaren und verstellbaren Ellbogenschieber einf\u00fchrt, eine bahnbrechende Entwicklung der patentierten Warrior-Technologie von Spidi. Der Track Replica EVO ist aus hochwertigem italienischem Rindsleder mit einer St\u00e4rke von 1,2\/1,3 mm gefertigt und mit Stretchstoffen und Neopreneins\u00e4tzen f\u00fcr erh\u00f6hten Komfort kombiniert. Die Pads verf\u00fcgen au\u00dferdem \u00fcber einen verstellbaren Kniebereich, CE Multitech. Der Track Wind Pro ist mit einem einsatzbereiten R\u00fcckenprotektor und einem Brustprotektor erh\u00e4ltlich.     <\/span><\/p>\n<p class=\"tw-data-text tw-text-large tw-ta\" style=\"text-align:left\" dir=\"ltr\"><span xml_lang=\"sl\" lang=\"sl\">Technische Merkmale:  <\/span><\/p>\n<p class=\"tw-data-text tw-text-large tw-ta\" style=\"text-align:left\" dir=\"ltr\"><span xml_lang=\"sl\" lang=\"sl\">Vollnarbiges Rindsleder (1,2\/1,3 mm dick),  <\/span><\/p>\n<p class=\"tw-data-text tw-text-large tw-ta\" style=\"text-align:left\" dir=\"ltr\"><span xml_lang=\"sl\" lang=\"sl\">Herausnehmbares Netzfutter  <\/span><\/p>\n<p class=\"tw-data-text tw-text-large tw-ta\" style=\"text-align:left\" dir=\"ltr\"><span xml_lang=\"sl\" lang=\"sl\">CE Force Tech Ellbogen- und Knieschoner  <\/span><\/p>\n<p class=\"tw-data-text tw-text-large tw-ta\" style=\"text-align:left\" dir=\"ltr\"><span xml_lang=\"sl\" lang=\"sl\">CE biomechanische Schulterpolster  <\/span><\/p>\n<p class=\"tw-data-text tw-text-large tw-ta\" style=\"text-align:left\" dir=\"ltr\"><span xml_lang=\"sl\" lang=\"sl\">CE Multitech H\u00fcftprotektoren  <\/span><\/p>\n<p class=\"tw-data-text tw-text-large tw-ta\" style=\"text-align:left\" dir=\"ltr\"><span xml_lang=\"sl\" lang=\"sl\">Keprotec\u00ae-Zonen f\u00fcr eine perfekte Passform  <\/span><\/p>\n<p class=\"tw-data-text tw-text-large tw-ta\" style=\"text-align:left\" dir=\"ltr\"><span xml_lang=\"sl\" lang=\"sl\">Warrior R\u00fcckenprotektor Lev.1 oder Lev.2  <\/span><\/p>\n<p class=\"tw-data-text tw-text-large tw-ta\" style=\"text-align:left\" dir=\"ltr\"><span xml_lang=\"sl\" lang=\"sl\">Warrior Brustschutz  <\/span><\/p>\n<p class=\"tw-data-text tw-text-large tw-ta\" style=\"text-align:left\" dir=\"ltr\"><span xml_lang=\"sl\" lang=\"sl\">Abnehmbare und verstellbare Warrior Ellbogenschienen  <\/span><\/p>\n<p class=\"tw-data-text tw-text-large tw-ta\" style=\"text-align:left\" dir=\"ltr\"><span xml_lang=\"sl\" lang=\"sl\">Clarino\u00ae-Eins\u00e4tze im Nackenbereich  <\/span><\/p>\n<p class=\"tw-data-text tw-text-large tw-ta\" style=\"text-align:left\" dir=\"ltr\"><span xml_lang=\"sl\" lang=\"sl\">Neopreneins\u00e4tze im Hals- und Handgelenksbereich  <\/span><\/p>\n<p class=\"tw-data-text tw-text-large tw-ta\" style=\"text-align:left\" dir=\"ltr\"><span xml_lang=\"sl\" lang=\"sl\">Bel\u00fcftungs\u00f6ffnungen mit hohem Durchfluss an Schultern und R\u00fccken  <\/span><\/p>\n<p class=\"tw-data-text tw-text-large tw-ta\" style=\"text-align:left\" dir=\"ltr\"><span xml_lang=\"sl\" lang=\"sl\">Ausgestattet mit einem Rennbuckel<\/span><\/p>\n<p class=\"tw-data-text tw-text-large tw-ta\" style=\"text-align:left\" dir=\"ltr\">\n<\/div>\n<p>Zusammensetzung des Rohmaterials: 85% Rindsleder, 15% Polyester<\/p>\n","protected":false},"excerpt":{"rendered":"<p>Der Spidi Track Replica EVO Rennsport-Lederoverall basiert auf den Erfahrungen von MotoGP- und WSBK-Rennfahrern. Wiegt nur&#8230;<\/p>\n","protected":false},"featured_media":176696,"comment_status":"open","ping_status":"closed","template":"","meta":{"_acf_changed":false},"brand":[2124],"gender":[2168],"product_brand":[],"product_cat":[2220,1357],"product_tag":[],"class_list":{"0":"post-126231","1":"product","2":"type-product","3":"status-publish","4":"has-post-thumbnail","6":"brand-spidi-de","7":"gender-moski-de","8":"product_cat-1-teilige-latzhose","9":"product_cat-ausrustung-fur-motorradfahrer","10":"pa_size-46-de","11":"pa_size-48-de","12":"pa_size-50-de","13":"pa_size-52-de","14":"pa_size-54-de","15":"pa_size-56-de","16":"pa_size-58-de","18":"first","19":"instock","20":"sale","21":"taxable","22":"shipping-taxable","23":"purchasable","24":"product-type-variable"},"acf":[],"_links":{"self":[{"href":"https:\/\/moto-oprema.com\/de\/wp-json\/wp\/v2\/product\/126231","targetHints":{"allow":["GET"]}}],"collection":[{"href":"https:\/\/moto-oprema.com\/de\/wp-json\/wp\/v2\/product"}],"about":[{"href":"https:\/\/moto-oprema.com\/de\/wp-json\/wp\/v2\/types\/product"}],"replies":[{"embeddable":true,"href":"https:\/\/moto-oprema.com\/de\/wp-json\/wp\/v2\/comments?post=126231"}],"wp:featuredmedia":[{"embeddable":true,"href":"https:\/\/moto-oprema.com\/de\/wp-json\/wp\/v2\/media\/176696"}],"wp:attachment":[{"href":"https:\/\/moto-oprema.com\/de\/wp-json\/wp\/v2\/media?parent=126231"}],"wp:term":[{"taxonomy":"brand","embeddable":true,"href":"https:\/\/moto-oprema.com\/de\/wp-json\/wp\/v2\/brand?post=126231"},{"taxonomy":"gender","embeddable":true,"href":"https:\/\/moto-oprema.com\/de\/wp-json\/wp\/v2\/gender?post=126231"},{"taxonomy":"product_brand","embeddable":true,"href":"https:\/\/moto-oprema.com\/de\/wp-json\/wp\/v2\/product_brand?post=126231"},{"taxonomy":"product_cat","embeddable":true,"href":"https:\/\/moto-oprema.com\/de\/wp-json\/wp\/v2\/product_cat?post=126231"},{"taxonomy":"product_tag","embeddable":true,"href":"https:\/\/moto-oprema.com\/de\/wp-json\/wp\/v2\/product_tag?post=126231"}],"curies":[{"name":"wp","href":"https:\/\/api.w.org\/{rel}","templated":true}]}}