{"id":126214,"date":"2020-01-23T19:44:28","date_gmt":"2020-01-23T19:44:28","guid":{"rendered":"https:\/\/moto-oprema.com\/Artikel\/spidi-kapuzenpulli-ruestung-evo-2\/"},"modified":"2020-01-23T19:44:28","modified_gmt":"2020-01-23T19:44:28","slug":"spidi-kapuzenpulli-ruestung-evo-2","status":"publish","type":"product","link":"https:\/\/moto-oprema.com\/de\/Artikel\/spidi-kapuzenpulli-ruestung-evo-2\/","title":{"rendered":"SPIDI KAPUZENPULLI R\u00dcSTUNG EVO"},"content":{"rendered":"<div class=\"prodotto__descrizione__content formatted-content\"><strong style=\"font-weight:bold\"><strong style=\"font-weight:bold\"><\/strong><\/strong><\/p>\n<p>Eigenschaften &#8211; Zusammensetzung des Rohmaterials:<\/p>\n<p><strong style=\"font-weight:bold\"><strong style=\"font-weight:bold\"><\/strong><\/strong><\/p>\n<p>&#8211; Abriebfestes Material aus Softshell-Gewebe<\/p>\n<p><strong style=\"font-weight:bold\"><strong style=\"font-weight:bold\"><\/strong><\/strong><\/p>\n<p>&#8211; Mikrofasern<\/p>\n<p><strong style=\"font-weight:bold\"><strong style=\"font-weight:bold\"><\/strong><\/strong><\/p>\n<p>&#8211; Details reflektiert<\/p>\n<p><strong style=\"font-weight:bold\"><strong style=\"font-weight:bold\"><\/strong><\/strong><\/p>\n<p>&#8211; verstellbar mit Kordelzug in der Taille und an der Kapuze, um die Jacke bei Geschwindigkeit an Ort und Stelle zu halten<\/p>\n<p>Produktinformation:<\/p>\n<\/div>\n<ul>\n<li>Reflexzonen f\u00fcr die Identifizierung bei Nacht<\/li>\n<li>Mikropfahl-Gewebe<\/li>\n<li>Stretch-Stoff<\/li>\n<li>Softcell: mehrlagiges elastisches Gewebe<\/li>\n<li>Wasserdichte Innentasche<\/li>\n<li>Feste Haube<\/li>\n<li>Durchschnittliches Gewicht 1,5 kg<\/li>\n<li>WindOut Windjacke atmungsaktive Kleidung<\/li>\n<li>Festes Netzfutter<\/li>\n<li>Gestrickte Manschette<\/li>\n<li>CE: Motorradschutzkleidung gem\u00e4\u00df der Verordnung (EU) 2016\/425<\/li>\n<li>EPP-zertifizierte Schutzkleidung Pr En 17092-4:2017 Klasse A<\/li>\n<li>Abnehmbare Warrior Lite CE En1621-1 liv. 1 Schulter- und Ellbogenprotektoren <\/li>\n<li>Anordnung f\u00fcr CE-R\u00fcckwandgeh\u00e4use 1 Z53<\/li>\n<li>Anordnung f\u00fcr CE-R\u00fcckwandgeh\u00e4use 1 Z54<\/li>\n<\/ul>\n","protected":false},"excerpt":{"rendered":"<p>Farbe: Schwarz<\/p>\n","protected":false},"featured_media":7510,"comment_status":"open","ping_status":"open","template":"","meta":{"_acf_changed":false},"brand":[2124],"gender":[2168],"product_brand":[],"product_cat":[1357,2045,2048],"product_tag":[],"class_list":{"0":"post-126214","1":"product","2":"type-product","3":"status-publish","4":"has-post-thumbnail","6":"brand-spidi-de","7":"gender-moski-de","8":"product_cat-ausrustung-fur-motorradfahrer","9":"product_cat-jakne-de","10":"product_cat-textil-jacken","11":"pa_size-l-de","12":"pa_size-m-de","13":"pa_size-s-de","14":"pa_size-xl-de","15":"pa_size-xxl-de","16":"pa_size-xxxl-de","18":"first","19":"onbackorder","20":"taxable","21":"shipping-taxable","22":"purchasable","23":"product-type-variable"},"acf":[],"_links":{"self":[{"href":"https:\/\/moto-oprema.com\/de\/wp-json\/wp\/v2\/product\/126214","targetHints":{"allow":["GET"]}}],"collection":[{"href":"https:\/\/moto-oprema.com\/de\/wp-json\/wp\/v2\/product"}],"about":[{"href":"https:\/\/moto-oprema.com\/de\/wp-json\/wp\/v2\/types\/product"}],"replies":[{"embeddable":true,"href":"https:\/\/moto-oprema.com\/de\/wp-json\/wp\/v2\/comments?post=126214"}],"wp:featuredmedia":[{"embeddable":true,"href":"https:\/\/moto-oprema.com\/de\/wp-json\/wp\/v2\/media\/7510"}],"wp:attachment":[{"href":"https:\/\/moto-oprema.com\/de\/wp-json\/wp\/v2\/media?parent=126214"}],"wp:term":[{"taxonomy":"brand","embeddable":true,"href":"https:\/\/moto-oprema.com\/de\/wp-json\/wp\/v2\/brand?post=126214"},{"taxonomy":"gender","embeddable":true,"href":"https:\/\/moto-oprema.com\/de\/wp-json\/wp\/v2\/gender?post=126214"},{"taxonomy":"product_brand","embeddable":true,"href":"https:\/\/moto-oprema.com\/de\/wp-json\/wp\/v2\/product_brand?post=126214"},{"taxonomy":"product_cat","embeddable":true,"href":"https:\/\/moto-oprema.com\/de\/wp-json\/wp\/v2\/product_cat?post=126214"},{"taxonomy":"product_tag","embeddable":true,"href":"https:\/\/moto-oprema.com\/de\/wp-json\/wp\/v2\/product_tag?post=126214"}],"curies":[{"name":"wp","href":"https:\/\/api.w.org\/{rel}","templated":true}]}}