{"id":126166,"date":"2020-09-28T09:25:25","date_gmt":"2020-09-28T09:25:25","guid":{"rendered":"https:\/\/moto-oprema.com\/Artikel\/dainese-laguna-seca-5-1pc-perf-schwarz-weiss\/"},"modified":"2020-09-28T09:25:25","modified_gmt":"2020-09-28T09:25:25","slug":"dainese-laguna-seca-5-1pc-perf-schwarz-weiss","status":"publish","type":"product","link":"https:\/\/moto-oprema.com\/de\/Artikel\/dainese-laguna-seca-5-1pc-perf-schwarz-weiss\/","title":{"rendered":"DAINESE LAGUNA SECA 5 1PC PERF SCHWARZ WEISS"},"content":{"rendered":"<p>Der Dainse Laguna Seca 5 ist ein technisches Upgrade einer Rennsportlegende, die sowohl auf der Stra\u00dfe als auch auf der Rennstrecke zu Hause ist. Hergestellt aus robustem Tutu-Rindsleder. Der R\u00fcckenh\u00f6cker ist aerodynamisch und bietet Platz f\u00fcr ein Trinksystem (separat erh\u00e4ltlich). Der Komfort wird durch die Microelastic 2.0 und Triaxial-Technologie gew\u00e4hrleistet. Die Polster sind die neueste Generation und werden von den Fahrern in der MotoGP-Meisterschaft verwendet.    <\/p>\n<\/p>\n<p>Schutz:<\/p>\n<ul>\n<li>EN 1621.1 Level 2 zertifizierte Ellbogensch\u00fctzer aus Verbundwerkstoff als Standard<\/li>\n<li>EN 1621.1 Level 2 zertifizierte Verbundknieschoner als Standard<\/li>\n<li>Nahtlose Aluminium-Schulterplatten<\/li>\n<li>Nahtlose Titan-Ellbogenplatten<\/li>\n<li>Weiche Protektoren, zertifiziert nach EN 1621.1 Level 2, an den H\u00fcften<\/li>\n<li>EN 1621.1 zertifizierte Level 2 weiche Schulterpolster<\/li>\n<li>CE &#8211; Kat. II &#8211; Richtlinie 89\/686\/EWG <\/li>\n<\/ul>\n<p>Ergonomie und Komfort:<\/p>\n<ul>\n<li>Titan<\/li>\n<li>Aluminium<\/li>\n<li>S1 bielastischer Stoff<\/li>\n<li>Tutu aus Rindsleder<\/li>\n<li>Aerodynamischer Spoiler<\/li>\n<li>Kragen mit elastischen Eins\u00e4tzen<\/li>\n<li>Elastische Eins\u00e4tze<\/li>\n<li>Licra-Einlagen an der Innensohle f\u00fcr mehr Komfort<\/li>\n<li>Microelastic 2.0<\/li>\n<li>NanoFeel herausnehmbares Innenfutter<\/li>\n<\/ul>\n<p>Rohstoffzusammensetzung:Tutu-Rindsleder, S1 bielastischer Stoff, Licra<\/p>\n","protected":false},"excerpt":{"rendered":"<p>Dainese Laguna Seca 5 einteiliger Anzug.<\/p>\n","protected":false},"featured_media":126174,"comment_status":"open","ping_status":"closed","template":"","meta":{"_acf_changed":false},"brand":[2113],"gender":[2168],"product_brand":[],"product_cat":[2220,1357],"product_tag":[],"class_list":{"0":"post-126166","1":"product","2":"type-product","3":"status-publish","4":"has-post-thumbnail","6":"brand-dainese-de","7":"gender-moski-de","8":"product_cat-1-teilige-latzhose","9":"product_cat-ausrustung-fur-motorradfahrer","10":"pa_size-48-de","11":"pa_size-50-de","12":"pa_size-52-de","13":"pa_size-54-de","14":"pa_size-56-de","15":"pa_size-58-de","16":"pa_size-60-de","18":"first","19":"onbackorder","20":"sale","21":"taxable","22":"shipping-taxable","23":"purchasable","24":"product-type-variable"},"acf":[],"_links":{"self":[{"href":"https:\/\/moto-oprema.com\/de\/wp-json\/wp\/v2\/product\/126166","targetHints":{"allow":["GET"]}}],"collection":[{"href":"https:\/\/moto-oprema.com\/de\/wp-json\/wp\/v2\/product"}],"about":[{"href":"https:\/\/moto-oprema.com\/de\/wp-json\/wp\/v2\/types\/product"}],"replies":[{"embeddable":true,"href":"https:\/\/moto-oprema.com\/de\/wp-json\/wp\/v2\/comments?post=126166"}],"wp:featuredmedia":[{"embeddable":true,"href":"https:\/\/moto-oprema.com\/de\/wp-json\/wp\/v2\/media\/126174"}],"wp:attachment":[{"href":"https:\/\/moto-oprema.com\/de\/wp-json\/wp\/v2\/media?parent=126166"}],"wp:term":[{"taxonomy":"brand","embeddable":true,"href":"https:\/\/moto-oprema.com\/de\/wp-json\/wp\/v2\/brand?post=126166"},{"taxonomy":"gender","embeddable":true,"href":"https:\/\/moto-oprema.com\/de\/wp-json\/wp\/v2\/gender?post=126166"},{"taxonomy":"product_brand","embeddable":true,"href":"https:\/\/moto-oprema.com\/de\/wp-json\/wp\/v2\/product_brand?post=126166"},{"taxonomy":"product_cat","embeddable":true,"href":"https:\/\/moto-oprema.com\/de\/wp-json\/wp\/v2\/product_cat?post=126166"},{"taxonomy":"product_tag","embeddable":true,"href":"https:\/\/moto-oprema.com\/de\/wp-json\/wp\/v2\/product_tag?post=126166"}],"curies":[{"name":"wp","href":"https:\/\/api.w.org\/{rel}","templated":true}]}}