{"id":125989,"date":"2014-08-20T14:45:44","date_gmt":"2014-08-20T14:45:44","guid":{"rendered":"https:\/\/moto-oprema.com\/Artikel\/ufo-kinder-knieschuetzer-junge\/"},"modified":"2014-08-20T14:45:44","modified_gmt":"2014-08-20T14:45:44","slug":"ufo-kinder-knieschuetzer-junge","status":"publish","type":"product","link":"https:\/\/moto-oprema.com\/de\/Artikel\/ufo-kinder-knieschuetzer-junge\/","title":{"rendered":"UFO KINDER KNIESCH\u00dcTZER JUNGE"},"content":{"rendered":"<p>Universalgr\u00f6\u00dfe f\u00fcr Kinder &#8211; bis 10 Jahre.<\/p>\n","protected":false},"excerpt":{"rendered":"<p>Universalgr\u00f6\u00dfe f\u00fcr Kinder &#8211; bis 10 Jahre.<\/p>\n","protected":false},"featured_media":1049,"comment_status":"open","ping_status":"open","template":"","meta":{"_acf_changed":false},"brand":[2709],"gender":[],"product_brand":[],"product_cat":[2028],"product_tag":[],"class_list":{"0":"post-125989","1":"product","2":"type-product","3":"status-publish","4":"has-post-thumbnail","6":"brand-ufo-de","7":"product_cat-motocross-ausrustung","9":"first","10":"instock","11":"taxable","12":"shipping-taxable","13":"purchasable","14":"product-type-simple"},"acf":[],"_links":{"self":[{"href":"https:\/\/moto-oprema.com\/de\/wp-json\/wp\/v2\/product\/125989","targetHints":{"allow":["GET"]}}],"collection":[{"href":"https:\/\/moto-oprema.com\/de\/wp-json\/wp\/v2\/product"}],"about":[{"href":"https:\/\/moto-oprema.com\/de\/wp-json\/wp\/v2\/types\/product"}],"replies":[{"embeddable":true,"href":"https:\/\/moto-oprema.com\/de\/wp-json\/wp\/v2\/comments?post=125989"}],"wp:featuredmedia":[{"embeddable":true,"href":"https:\/\/moto-oprema.com\/de\/wp-json\/wp\/v2\/media\/1049"}],"wp:attachment":[{"href":"https:\/\/moto-oprema.com\/de\/wp-json\/wp\/v2\/media?parent=125989"}],"wp:term":[{"taxonomy":"brand","embeddable":true,"href":"https:\/\/moto-oprema.com\/de\/wp-json\/wp\/v2\/brand?post=125989"},{"taxonomy":"gender","embeddable":true,"href":"https:\/\/moto-oprema.com\/de\/wp-json\/wp\/v2\/gender?post=125989"},{"taxonomy":"product_brand","embeddable":true,"href":"https:\/\/moto-oprema.com\/de\/wp-json\/wp\/v2\/product_brand?post=125989"},{"taxonomy":"product_cat","embeddable":true,"href":"https:\/\/moto-oprema.com\/de\/wp-json\/wp\/v2\/product_cat?post=125989"},{"taxonomy":"product_tag","embeddable":true,"href":"https:\/\/moto-oprema.com\/de\/wp-json\/wp\/v2\/product_tag?post=125989"}],"curies":[{"name":"wp","href":"https:\/\/api.w.org\/{rel}","templated":true}]}}