{"id":125985,"date":"2014-07-23T10:20:25","date_gmt":"2014-07-23T10:20:25","guid":{"rendered":"https:\/\/moto-oprema.com\/Artikel\/orina-john-nierengurt\/"},"modified":"2014-07-23T10:20:25","modified_gmt":"2014-07-23T10:20:25","slug":"orina-john-nierengurt","status":"publish","type":"product","link":"https:\/\/moto-oprema.com\/de\/Artikel\/orina-john-nierengurt\/","title":{"rendered":"ORINA JOHN NIERENGURT"},"content":{"rendered":"<p><span style=\"font-family:arial, helvetica, sans-serif;font-size:small;\"><span id=\"result_box\" xml_lang=\"sl\" lang=\"sl\"><span class=\"hps\">Schwarze Farben<\/span><span>, atmungsaktiv<\/span><span>,<\/span> <span class=\"hps\">sehr<\/span> <span class=\"hps\">weich und bequem mit<\/span><span class=\"hps\">einem Tragegef\u00fchl<\/span><span>, sto\u00dfd\u00e4mpfend.<\/span><\/span><\/span><br \/><span style=\"font-family:arial, helvetica, sans-serif;font-size:small;\"><span xml_lang=\"sl\" lang=\"sl\"><br \/>Zusammensetzung des Rohmaterials: <\/span><\/span><span style=\"font-family:arial, helvetica, sans-serif;font-size:small;\"><span style=\"font-family:arial, helvetica, sans-serif;font-size:small;\">55% Polyester, 45% Polyamid<\/span><\/span><span xml_lang=\"sl\" lang=\"sl\"><span style=\"font-family:arial, helvetica, sans-serif;font-size:small;\"><span><\/span><\/span><\/span><span xml_lang=\"sl\" lang=\"sl\"><span style=\"font-family:arial, helvetica, sans-serif;font-size:small;\"><span><\/span><\/span>.<\/span><\/p>\n","protected":false},"excerpt":{"rendered":"<p>Schwarze Farben, atmungsaktiv, sehr weich und bequem miteinem Tragegef\u00fchl, sto\u00dfd\u00e4mpfend.Zusammensetzung des Rohmaterials: 55% Polyester, 45% Polyamid.<\/p>\n","protected":false},"featured_media":1025,"comment_status":"open","ping_status":"open","template":"","meta":{"_acf_changed":false},"brand":[],"gender":[],"product_brand":[],"product_cat":[1357,2209],"product_tag":[],"class_list":{"0":"post-125985","1":"product","2":"type-product","3":"status-publish","4":"has-post-thumbnail","6":"product_cat-ausrustung-fur-motorradfahrer","7":"product_cat-schutzschilde-und-airbags","8":"pa_size-l-de","9":"pa_size-m-de","11":"first","12":"instock","13":"taxable","14":"shipping-taxable","15":"purchasable","16":"product-type-variable"},"acf":[],"_links":{"self":[{"href":"https:\/\/moto-oprema.com\/de\/wp-json\/wp\/v2\/product\/125985","targetHints":{"allow":["GET"]}}],"collection":[{"href":"https:\/\/moto-oprema.com\/de\/wp-json\/wp\/v2\/product"}],"about":[{"href":"https:\/\/moto-oprema.com\/de\/wp-json\/wp\/v2\/types\/product"}],"replies":[{"embeddable":true,"href":"https:\/\/moto-oprema.com\/de\/wp-json\/wp\/v2\/comments?post=125985"}],"wp:featuredmedia":[{"embeddable":true,"href":"https:\/\/moto-oprema.com\/de\/wp-json\/wp\/v2\/media\/1025"}],"wp:attachment":[{"href":"https:\/\/moto-oprema.com\/de\/wp-json\/wp\/v2\/media?parent=125985"}],"wp:term":[{"taxonomy":"brand","embeddable":true,"href":"https:\/\/moto-oprema.com\/de\/wp-json\/wp\/v2\/brand?post=125985"},{"taxonomy":"gender","embeddable":true,"href":"https:\/\/moto-oprema.com\/de\/wp-json\/wp\/v2\/gender?post=125985"},{"taxonomy":"product_brand","embeddable":true,"href":"https:\/\/moto-oprema.com\/de\/wp-json\/wp\/v2\/product_brand?post=125985"},{"taxonomy":"product_cat","embeddable":true,"href":"https:\/\/moto-oprema.com\/de\/wp-json\/wp\/v2\/product_cat?post=125985"},{"taxonomy":"product_tag","embeddable":true,"href":"https:\/\/moto-oprema.com\/de\/wp-json\/wp\/v2\/product_tag?post=125985"}],"curies":[{"name":"wp","href":"https:\/\/api.w.org\/{rel}","templated":true}]}}