{"id":125976,"date":"2014-05-14T12:43:39","date_gmt":"2014-05-14T12:43:39","guid":{"rendered":"https:\/\/moto-oprema.com\/Artikel\/alpinestars-vapor-pro-knieschuetzer\/"},"modified":"2014-05-14T12:43:39","modified_gmt":"2014-05-14T12:43:39","slug":"alpinestars-vapor-pro-knieschuetzer","status":"publish","type":"product","link":"https:\/\/moto-oprema.com\/de\/Artikel\/alpinestars-vapor-pro-knieschuetzer\/","title":{"rendered":"ALPINESTARS VAPOR PRO KNIESCH\u00dcTZER"},"content":{"rendered":"<p style=\"margin:.5em 0px;font-size:12px;background-color:#ffffff;\"><strong><span style=\"font-family:arial, helvetica, sans-serif;\">Alpinestars Vapor PRO Knieprotektor<br \/><\/span><\/strong><\/p>\n<p style=\"margin:.5em 0px;font-size:12px;background-color:#ffffff;\"><span style=\"font-family:arial, helvetica, sans-serif;\">CE-zertifizierte Schilde aus thermischem Polymermaterial, ergonomisches Design, h\u00f6henverstellbar, Schnellverschluss (verhindert das Verrutschen), bel\u00fcftet, gepolstert mit Mikrofasern f\u00fcr mehr Komfort.  <\/span><\/p>\n<p style=\"margin:.5em 0px;font-size:12px;background-color:#ffffff;\"><span style=\"font-family:arial, helvetica, sans-serif;font-size:small;\"><b>Zusammensetzung des Rohmaterials:  <\/b><\/span><span style=\"font-family:arial, helvetica, sans-serif;font-size:small;\"><span id=\"result_box\" xml_lang=\"sl\" lang=\"sl\"><span class=\"hps\"><\/span><\/span><\/span><\/p>\n","protected":false},"excerpt":{"rendered":"<p>Alpinestars Vapor PRO Knieprotektor CE-zertifizierte Schilde aus thermischem Polymermaterial, ergonomisches Design, h\u00f6henverstellbar, Schnellverschluss (verhindert das Verrutschen),&#8230;<\/p>\n","protected":false},"featured_media":1007,"comment_status":"open","ping_status":"open","template":"","meta":{"_acf_changed":false},"brand":[2111],"gender":[],"product_brand":[],"product_cat":[2028],"product_tag":[],"class_list":{"0":"post-125976","1":"product","2":"type-product","3":"status-publish","4":"has-post-thumbnail","6":"brand-alpinestars-de","7":"product_cat-motocross-ausrustung","8":"pa_size-l-xl-de","9":"pa_size-s-m-de","11":"first","12":"instock","13":"taxable","14":"shipping-taxable","15":"purchasable","16":"product-type-variable"},"acf":[],"_links":{"self":[{"href":"https:\/\/moto-oprema.com\/de\/wp-json\/wp\/v2\/product\/125976","targetHints":{"allow":["GET"]}}],"collection":[{"href":"https:\/\/moto-oprema.com\/de\/wp-json\/wp\/v2\/product"}],"about":[{"href":"https:\/\/moto-oprema.com\/de\/wp-json\/wp\/v2\/types\/product"}],"replies":[{"embeddable":true,"href":"https:\/\/moto-oprema.com\/de\/wp-json\/wp\/v2\/comments?post=125976"}],"wp:featuredmedia":[{"embeddable":true,"href":"https:\/\/moto-oprema.com\/de\/wp-json\/wp\/v2\/media\/1007"}],"wp:attachment":[{"href":"https:\/\/moto-oprema.com\/de\/wp-json\/wp\/v2\/media?parent=125976"}],"wp:term":[{"taxonomy":"brand","embeddable":true,"href":"https:\/\/moto-oprema.com\/de\/wp-json\/wp\/v2\/brand?post=125976"},{"taxonomy":"gender","embeddable":true,"href":"https:\/\/moto-oprema.com\/de\/wp-json\/wp\/v2\/gender?post=125976"},{"taxonomy":"product_brand","embeddable":true,"href":"https:\/\/moto-oprema.com\/de\/wp-json\/wp\/v2\/product_brand?post=125976"},{"taxonomy":"product_cat","embeddable":true,"href":"https:\/\/moto-oprema.com\/de\/wp-json\/wp\/v2\/product_cat?post=125976"},{"taxonomy":"product_tag","embeddable":true,"href":"https:\/\/moto-oprema.com\/de\/wp-json\/wp\/v2\/product_tag?post=125976"}],"curies":[{"name":"wp","href":"https:\/\/api.w.org\/{rel}","templated":true}]}}