{"id":125975,"date":"2014-08-20T14:47:44","date_gmt":"2014-08-20T14:47:44","guid":{"rendered":"https:\/\/moto-oprema.com\/Artikel\/ufo-kinderknieschuetzer-pro\/"},"modified":"2014-08-20T14:47:44","modified_gmt":"2014-08-20T14:47:44","slug":"ufo-kinderknieschuetzer-pro","status":"publish","type":"product","link":"https:\/\/moto-oprema.com\/de\/Artikel\/ufo-kinderknieschuetzer-pro\/","title":{"rendered":"UFO KINDERKNIESCH\u00dcTZER PRO"},"content":{"rendered":"<p>Universalgr\u00f6\u00dfe f\u00fcr Kinder &#8211; bis 12 Jahre.<\/p>\n","protected":false},"excerpt":{"rendered":"<p>Universalgr\u00f6\u00dfe f\u00fcr Kinder &#8211; bis 12 Jahre.<\/p>\n","protected":false},"featured_media":1055,"comment_status":"open","ping_status":"open","template":"","meta":{"_acf_changed":false},"brand":[2709],"gender":[],"product_brand":[],"product_cat":[2028],"product_tag":[],"class_list":{"0":"post-125975","1":"product","2":"type-product","3":"status-publish","4":"has-post-thumbnail","6":"brand-ufo-de","7":"product_cat-motocross-ausrustung","9":"first","10":"instock","11":"taxable","12":"shipping-taxable","13":"purchasable","14":"product-type-simple"},"acf":[],"_links":{"self":[{"href":"https:\/\/moto-oprema.com\/de\/wp-json\/wp\/v2\/product\/125975","targetHints":{"allow":["GET"]}}],"collection":[{"href":"https:\/\/moto-oprema.com\/de\/wp-json\/wp\/v2\/product"}],"about":[{"href":"https:\/\/moto-oprema.com\/de\/wp-json\/wp\/v2\/types\/product"}],"replies":[{"embeddable":true,"href":"https:\/\/moto-oprema.com\/de\/wp-json\/wp\/v2\/comments?post=125975"}],"wp:featuredmedia":[{"embeddable":true,"href":"https:\/\/moto-oprema.com\/de\/wp-json\/wp\/v2\/media\/1055"}],"wp:attachment":[{"href":"https:\/\/moto-oprema.com\/de\/wp-json\/wp\/v2\/media?parent=125975"}],"wp:term":[{"taxonomy":"brand","embeddable":true,"href":"https:\/\/moto-oprema.com\/de\/wp-json\/wp\/v2\/brand?post=125975"},{"taxonomy":"gender","embeddable":true,"href":"https:\/\/moto-oprema.com\/de\/wp-json\/wp\/v2\/gender?post=125975"},{"taxonomy":"product_brand","embeddable":true,"href":"https:\/\/moto-oprema.com\/de\/wp-json\/wp\/v2\/product_brand?post=125975"},{"taxonomy":"product_cat","embeddable":true,"href":"https:\/\/moto-oprema.com\/de\/wp-json\/wp\/v2\/product_cat?post=125975"},{"taxonomy":"product_tag","embeddable":true,"href":"https:\/\/moto-oprema.com\/de\/wp-json\/wp\/v2\/product_tag?post=125975"}],"curies":[{"name":"wp","href":"https:\/\/api.w.org\/{rel}","templated":true}]}}