{"id":125955,"date":"2009-11-20T03:58:09","date_gmt":"2009-11-20T03:58:09","guid":{"rendered":"https:\/\/moto-oprema.com\/Artikel\/kreuzstaender-drc-hc2\/"},"modified":"2009-11-20T03:58:09","modified_gmt":"2009-11-20T03:58:09","slug":"kreuzstaender-drc-hc2","status":"publish","type":"product","link":"https:\/\/moto-oprema.com\/de\/Artikel\/kreuzstaender-drc-hc2\/","title":{"rendered":"KREUZST\u00c4NDER DRC HC2"},"content":{"rendered":"<p><span style=\"font-size:small;\"><span style=\"font-family:tahoma, arial, helvetica, sans-serif;\">Tragf\u00e4higkeit 150 kg.<\/span><br style=\"font-family:tahoma, arial, helvetica, sans-serif;\"><br style=\"font-family:tahoma, arial, helvetica, sans-serif;\"><span style=\"font-family:tahoma, arial, helvetica, sans-serif;\">Eingebauter Sto\u00dfd\u00e4mpfer f\u00fcr langsameres Absenken.<\/p>\n<p>Universalst\u00e4nder f\u00fcr <\/span><\/span><span style=\"font-size:small;\"><span style=\"font-family:tahoma, arial, helvetica, sans-serif;\">Kinder-MX, MX, Enduro, Supermoto<\/span><\/span><span style=\"font-size:small;\"><span style=\"font-family:tahoma, arial, helvetica, sans-serif;\">.<\/span><\/span> <\/p>\n","protected":false},"excerpt":{"rendered":"<p>Tragf\u00e4higkeit 150 kg.Eingebauter Sto\u00dfd\u00e4mpfer f\u00fcr langsameres Absenken. Universalst\u00e4nder f\u00fcr Kinder-MX, MX, Enduro, Supermoto.<\/p>\n","protected":false},"featured_media":623,"comment_status":"open","ping_status":"open","template":"","meta":{"_acf_changed":false},"brand":[],"gender":[],"product_brand":[],"product_cat":[2028],"product_tag":[],"class_list":{"0":"post-125955","1":"product","2":"type-product","3":"status-publish","4":"has-post-thumbnail","6":"product_cat-motocross-ausrustung","8":"first","9":"instock","10":"taxable","11":"shipping-taxable","12":"purchasable","13":"product-type-simple"},"acf":[],"_links":{"self":[{"href":"https:\/\/moto-oprema.com\/de\/wp-json\/wp\/v2\/product\/125955","targetHints":{"allow":["GET"]}}],"collection":[{"href":"https:\/\/moto-oprema.com\/de\/wp-json\/wp\/v2\/product"}],"about":[{"href":"https:\/\/moto-oprema.com\/de\/wp-json\/wp\/v2\/types\/product"}],"replies":[{"embeddable":true,"href":"https:\/\/moto-oprema.com\/de\/wp-json\/wp\/v2\/comments?post=125955"}],"wp:featuredmedia":[{"embeddable":true,"href":"https:\/\/moto-oprema.com\/de\/wp-json\/wp\/v2\/media\/623"}],"wp:attachment":[{"href":"https:\/\/moto-oprema.com\/de\/wp-json\/wp\/v2\/media?parent=125955"}],"wp:term":[{"taxonomy":"brand","embeddable":true,"href":"https:\/\/moto-oprema.com\/de\/wp-json\/wp\/v2\/brand?post=125955"},{"taxonomy":"gender","embeddable":true,"href":"https:\/\/moto-oprema.com\/de\/wp-json\/wp\/v2\/gender?post=125955"},{"taxonomy":"product_brand","embeddable":true,"href":"https:\/\/moto-oprema.com\/de\/wp-json\/wp\/v2\/product_brand?post=125955"},{"taxonomy":"product_cat","embeddable":true,"href":"https:\/\/moto-oprema.com\/de\/wp-json\/wp\/v2\/product_cat?post=125955"},{"taxonomy":"product_tag","embeddable":true,"href":"https:\/\/moto-oprema.com\/de\/wp-json\/wp\/v2\/product_tag?post=125955"}],"curies":[{"name":"wp","href":"https:\/\/api.w.org\/{rel}","templated":true}]}}