{"id":125913,"date":"2019-11-01T15:46:42","date_gmt":"2019-11-01T15:46:42","guid":{"rendered":"https:\/\/moto-oprema.com\/Artikel\/alpinestars-faster-3-schuhe-2\/"},"modified":"2019-11-01T15:46:42","modified_gmt":"2019-11-01T15:46:42","slug":"alpinestars-faster-3-schuhe-2","status":"publish","type":"product","link":"https:\/\/moto-oprema.com\/de\/Artikel\/alpinestars-faster-3-schuhe-2\/","title":{"rendered":"ALPINESTARS FASTER 3 Schuhe"},"content":{"rendered":"<p><span style=\"font-family:arial, helvetica, sans-serif;font-size:small\">Schmales Profil, leichtes und strapazierf\u00e4higes \u00c4u\u00dferes aus Mikrofaser, TPU-Verst\u00e4rkungen an den Kn\u00f6cheln, TPR-Fersensch\u00fctzer, integrierte Metallplatte in der Sohle f\u00fcr besseren Sturzschutz. Klettverschluss und Schn\u00fcrsystem. Hoher Komfort und maximale Sicherheit. 3D-Mesh-Futter f\u00fcr hervorragende Bel\u00fcftung. Rutschfestes Mikro-Wildleder an der Ferse, etc&#8230;.     <br \/><\/span><span style=\"font-family:arial, helvetica, sans-serif;font-size:small\"><b><br \/>Zusammensetzung des Rohmaterials:  <\/b><\/span><span style=\"font-family:arial, helvetica, sans-serif;font-size:small\"><span id=\"result_box\" xml_lang=\"sl\" lang=\"sl\"><span class=\"hps\"><\/span><\/span><\/span><span style=\"font-family:arial, helvetica, sans-serif;font-size:small\"><span><span><br \/><\/span><\/span><\/span><\/p>\n<p><em><span style=\"font-family:arial, helvetica, sans-serif;font-size:small\">Obermaterial: Veloursleder und Synthetikmaterial<span xml_lang=\"sl\" lang=\"sl\"><\/span><span xml_lang=\"sl\" lang=\"sl\"><span class=\"hps\"><\/span><\/span>.  <\/span><\/em><\/p>\n<p><em><span style=\"font-family:arial, helvetica, sans-serif;font-size:small\">Futter: Teflon-Mesh und Cambrelle<span xml_lang=\"sl\" lang=\"sl\"><\/span><span xml_lang=\"sl\" lang=\"sl\"><\/span>.  <\/span><\/em><\/p>\n<p><em><span style=\"font-family:arial, helvetica, sans-serif;font-size:small\">Sohle: Gummi<\/span><\/em><\/p>\n<p class=\"tw-data-text tw-text-large tw-ta\" style=\"text-align:left\" dir=\"ltr\">\n<p class=\"tw-data-text tw-text-large tw-ta\" id=\"tw-target-text\" style=\"text-align:left\" dir=\"ltr\"><span xml_lang=\"sl\" lang=\"sl\">Zertifikat : EN 13634: 2017.<\/span><\/p>\n<\/p>\n<div class=\"tw-ta-container tw-nfl\" id=\"z6maec\">\n<p class=\"tw-data-placeholder tw-text-small tw-ta\" id=\"tw-target-rmn\" style=\"text-align:left\" dir=\"ltr\">\n<\/div><\/p>\n","protected":false},"excerpt":{"rendered":"<p>Farbe: Schwarz-grau-rot<\/p>\n","protected":false},"featured_media":5553,"comment_status":"open","ping_status":"closed","template":"","meta":{"_acf_changed":false},"brand":[2111],"gender":[2168],"product_brand":[],"product_cat":[1357,2043,2044],"product_tag":[],"class_list":{"0":"post-125913","1":"product","2":"type-product","3":"status-publish","4":"has-post-thumbnail","6":"brand-alpinestars-de","7":"gender-moski-de","8":"product_cat-ausrustung-fur-motorradfahrer","9":"product_cat-schuhe","10":"product_cat-urbanes-schuhwerk","11":"pa_size-39-de","12":"pa_size-40-de","13":"pa_size-41-de","14":"pa_size-42-de","15":"pa_size-43-de","16":"pa_size-44-de","17":"pa_size-44-5-de","18":"pa_size-45-de","19":"pa_size-46-de","21":"first","22":"onbackorder","23":"sale","24":"taxable","25":"shipping-taxable","26":"purchasable","27":"product-type-variable"},"acf":[],"_links":{"self":[{"href":"https:\/\/moto-oprema.com\/de\/wp-json\/wp\/v2\/product\/125913","targetHints":{"allow":["GET"]}}],"collection":[{"href":"https:\/\/moto-oprema.com\/de\/wp-json\/wp\/v2\/product"}],"about":[{"href":"https:\/\/moto-oprema.com\/de\/wp-json\/wp\/v2\/types\/product"}],"replies":[{"embeddable":true,"href":"https:\/\/moto-oprema.com\/de\/wp-json\/wp\/v2\/comments?post=125913"}],"wp:featuredmedia":[{"embeddable":true,"href":"https:\/\/moto-oprema.com\/de\/wp-json\/wp\/v2\/media\/5553"}],"wp:attachment":[{"href":"https:\/\/moto-oprema.com\/de\/wp-json\/wp\/v2\/media?parent=125913"}],"wp:term":[{"taxonomy":"brand","embeddable":true,"href":"https:\/\/moto-oprema.com\/de\/wp-json\/wp\/v2\/brand?post=125913"},{"taxonomy":"gender","embeddable":true,"href":"https:\/\/moto-oprema.com\/de\/wp-json\/wp\/v2\/gender?post=125913"},{"taxonomy":"product_brand","embeddable":true,"href":"https:\/\/moto-oprema.com\/de\/wp-json\/wp\/v2\/product_brand?post=125913"},{"taxonomy":"product_cat","embeddable":true,"href":"https:\/\/moto-oprema.com\/de\/wp-json\/wp\/v2\/product_cat?post=125913"},{"taxonomy":"product_tag","embeddable":true,"href":"https:\/\/moto-oprema.com\/de\/wp-json\/wp\/v2\/product_tag?post=125913"}],"curies":[{"name":"wp","href":"https:\/\/api.w.org\/{rel}","templated":true}]}}