{"id":125881,"date":"2019-10-17T05:19:40","date_gmt":"2019-10-17T05:19:40","guid":{"rendered":"https:\/\/moto-oprema.com\/Artikel\/dainese-york-air-frauen-phantom-rot\/"},"modified":"2019-10-17T05:19:40","modified_gmt":"2019-10-17T05:19:40","slug":"dainese-york-air-frauen-phantom-rot","status":"publish","type":"product","link":"https:\/\/moto-oprema.com\/de\/Artikel\/dainese-york-air-frauen-phantom-rot\/","title":{"rendered":"DAINESE YORK AIR FRAUEN PHANTOM ROT"},"content":{"rendered":"<p>Komfort, Schutz und modische Farben sind die Hauptmerkmale des York Air. Sie sind aus perforiertem Rindsleder gefertigt, das alle Abriebtests bestanden hat und somit hervorragenden Schutz bietet. Sie sind eine gro\u00dfartige Alternative zu Turnschuhen, da sie neben dem Aussehen von Turnschuhen auch einen hervorragenden Schutz w\u00e4hrend des Laufens bieten. Die Ferse ist speziell verst\u00e4rkt und auch die Einlegesohlen sind speziell verst\u00e4rkt.   <\/p>\n<p>Zusammensetzung des Rohmaterials: Rindsleder<\/p>\n","protected":false},"excerpt":{"rendered":"<p>Damenmodell Dainese York Air Schuh.<\/p>\n","protected":false},"featured_media":5325,"comment_status":"open","ping_status":"open","template":"","meta":{"_acf_changed":false},"brand":[2113],"gender":[2170],"product_brand":[],"product_cat":[1357,2043,2044],"product_tag":[],"class_list":{"0":"post-125881","1":"product","2":"type-product","3":"status-publish","4":"has-post-thumbnail","6":"brand-dainese-de","7":"gender-zenska-de","8":"product_cat-ausrustung-fur-motorradfahrer","9":"product_cat-schuhe","10":"product_cat-urbanes-schuhwerk","11":"pa_velikost-skornji-2-36-de","12":"pa_velikost-skornji-2-37-de","13":"pa_velikost-skornji-2-38-de","14":"pa_velikost-skornji-2-39-de","15":"pa_velikost-skornji-2-40-de","16":"pa_velikost-skornji-2-41-de","17":"pa_velikost-skornji-2-42-de","19":"first","20":"onbackorder","21":"sale","22":"taxable","23":"shipping-taxable","24":"purchasable","25":"product-type-variable"},"acf":[],"_links":{"self":[{"href":"https:\/\/moto-oprema.com\/de\/wp-json\/wp\/v2\/product\/125881","targetHints":{"allow":["GET"]}}],"collection":[{"href":"https:\/\/moto-oprema.com\/de\/wp-json\/wp\/v2\/product"}],"about":[{"href":"https:\/\/moto-oprema.com\/de\/wp-json\/wp\/v2\/types\/product"}],"replies":[{"embeddable":true,"href":"https:\/\/moto-oprema.com\/de\/wp-json\/wp\/v2\/comments?post=125881"}],"wp:featuredmedia":[{"embeddable":true,"href":"https:\/\/moto-oprema.com\/de\/wp-json\/wp\/v2\/media\/5325"}],"wp:attachment":[{"href":"https:\/\/moto-oprema.com\/de\/wp-json\/wp\/v2\/media?parent=125881"}],"wp:term":[{"taxonomy":"brand","embeddable":true,"href":"https:\/\/moto-oprema.com\/de\/wp-json\/wp\/v2\/brand?post=125881"},{"taxonomy":"gender","embeddable":true,"href":"https:\/\/moto-oprema.com\/de\/wp-json\/wp\/v2\/gender?post=125881"},{"taxonomy":"product_brand","embeddable":true,"href":"https:\/\/moto-oprema.com\/de\/wp-json\/wp\/v2\/product_brand?post=125881"},{"taxonomy":"product_cat","embeddable":true,"href":"https:\/\/moto-oprema.com\/de\/wp-json\/wp\/v2\/product_cat?post=125881"},{"taxonomy":"product_tag","embeddable":true,"href":"https:\/\/moto-oprema.com\/de\/wp-json\/wp\/v2\/product_tag?post=125881"}],"curies":[{"name":"wp","href":"https:\/\/api.w.org\/{rel}","templated":true}]}}