{"id":125835,"date":"2019-10-03T14:37:41","date_gmt":"2019-10-03T14:37:41","guid":{"rendered":"https:\/\/moto-oprema.com\/Artikel\/alpinestars-track-v2-hose\/"},"modified":"2019-10-03T14:37:41","modified_gmt":"2019-10-03T14:37:41","slug":"alpinestars-track-v2-hose","status":"publish","type":"product","link":"https:\/\/moto-oprema.com\/de\/Artikel\/alpinestars-track-v2-hose\/","title":{"rendered":"ALPINESTARS TRACK V2 Hose"},"content":{"rendered":"<p class=\"tw-data-text tw-text-large tw-ta\" id=\"tw-target-text\" style=\"text-align:left;\" dir=\"ltr\"><span xml_lang=\"sl\" lang=\"sl\">Die Track V2 Lederhose, CE-zertifiziert, ist eine sehr bequeme und vielseitige Motorradhose, f\u00fcr den Einsatz auf der Rennstrecke und auf der Stra\u00dfe. Die Hose zeichnet sich durch hervorragenden Schutz und Sicherheit aus. Die Stretch-Anteile der Hose sorgen f\u00fcr Ergonomie und eine gute Anpassung an den K\u00f6rper. Die Hose hat einen eingen\u00e4hten Rei\u00dfverschluss, so dass sie mit allen Alpinestars Jacken verwendet werden kann.   <\/span><\/p>\n<p>Merkmale:<\/p>\n<ul>\n<li>Au\u00dfenseite aus hochwertigem 1,3 mm starkem Rindsleder.<\/li>\n<li>Stretchzonen im Zwickelleder oberhalb des Knies<\/li>\n<li>Vergr\u00f6\u00dferter hinterer Taillenbereich<\/li>\n<li>Gro\u00dfe, elastische Eins\u00e4tze im Wadenbereich<\/li>\n<li>Vorgekr\u00fcmmte Beinstruktur<\/li>\n<li>Anpassung des Taillenumfangs<\/li>\n<li>Verbindungsrei\u00dfverschluss an der Taille zur Verbindung mit Alpinestars Technikjacken<\/li>\n<li>Mesh-Innenseite mit Stretch-Eins\u00e4tzen, die mit den externen Stretch-Bereichen zusammenarbeiten<\/li>\n<li>Sattel und Kniebereich (CE-zertifiziert) intern verst\u00e4rkt<\/li>\n<li>Nucleon H\u00fcftprotektoren, CE-zertifiziert, und Alpinestars GP-R an den Knien<\/li>\n<li>Auswechselbare Sport-Knieschleifer.<\/li>\n<li>Dynamic Friction Shield (DFS) Schutzvorrichtungen<\/li>\n<li>Externe, abnehmbare und austauschbare Seifenst\u00fccke aus TPU mit doppelter Dichte.<\/li>\n<li>Vollst\u00e4ndig zertifiziertes Kleidungsst\u00fcck gem\u00e4\u00df der CE-Norm &#8211; Kategorie II prEN17092-AAA Klasse.<\/li>\n<\/ul>\n<p class=\"tw-data-text tw-text-large tw-ta\" style=\"text-align:left;\" dir=\"ltr\">\n","protected":false},"excerpt":{"rendered":"<p>Farbe: Schwarz<\/p>\n","protected":false},"featured_media":4771,"comment_status":"open","ping_status":"closed","template":"","meta":{"_acf_changed":false},"brand":[2111],"gender":[2168],"product_brand":[],"product_cat":[1357,2189,2509],"product_tag":[],"class_list":{"0":"post-125835","1":"product","2":"type-product","3":"status-publish","4":"has-post-thumbnail","6":"brand-alpinestars-de","7":"gender-moski-de","8":"product_cat-ausrustung-fur-motorradfahrer","9":"product_cat-hose","10":"product_cat-lederhose","11":"pa_size-44-de","12":"pa_size-46-de","13":"pa_size-48-de","14":"pa_size-50-de","15":"pa_size-52-de","16":"pa_size-54-de","17":"pa_size-56-de","18":"pa_size-58-de","19":"pa_size-60-de","21":"first","22":"outofstock","23":"sale","24":"taxable","25":"shipping-taxable","26":"purchasable","27":"product-type-variable"},"acf":[],"_links":{"self":[{"href":"https:\/\/moto-oprema.com\/de\/wp-json\/wp\/v2\/product\/125835","targetHints":{"allow":["GET"]}}],"collection":[{"href":"https:\/\/moto-oprema.com\/de\/wp-json\/wp\/v2\/product"}],"about":[{"href":"https:\/\/moto-oprema.com\/de\/wp-json\/wp\/v2\/types\/product"}],"replies":[{"embeddable":true,"href":"https:\/\/moto-oprema.com\/de\/wp-json\/wp\/v2\/comments?post=125835"}],"wp:featuredmedia":[{"embeddable":true,"href":"https:\/\/moto-oprema.com\/de\/wp-json\/wp\/v2\/media\/4771"}],"wp:attachment":[{"href":"https:\/\/moto-oprema.com\/de\/wp-json\/wp\/v2\/media?parent=125835"}],"wp:term":[{"taxonomy":"brand","embeddable":true,"href":"https:\/\/moto-oprema.com\/de\/wp-json\/wp\/v2\/brand?post=125835"},{"taxonomy":"gender","embeddable":true,"href":"https:\/\/moto-oprema.com\/de\/wp-json\/wp\/v2\/gender?post=125835"},{"taxonomy":"product_brand","embeddable":true,"href":"https:\/\/moto-oprema.com\/de\/wp-json\/wp\/v2\/product_brand?post=125835"},{"taxonomy":"product_cat","embeddable":true,"href":"https:\/\/moto-oprema.com\/de\/wp-json\/wp\/v2\/product_cat?post=125835"},{"taxonomy":"product_tag","embeddable":true,"href":"https:\/\/moto-oprema.com\/de\/wp-json\/wp\/v2\/product_tag?post=125835"}],"curies":[{"name":"wp","href":"https:\/\/api.w.org\/{rel}","templated":true}]}}