{"id":125825,"date":"2019-10-03T14:33:58","date_gmt":"2019-10-03T14:33:58","guid":{"rendered":"https:\/\/moto-oprema.com\/Artikel\/alpinestars-handschuhe-gp-pro-r3-2\/"},"modified":"2019-10-03T14:33:58","modified_gmt":"2019-10-03T14:33:58","slug":"alpinestars-handschuhe-gp-pro-r3-2","status":"publish","type":"product","link":"https:\/\/moto-oprema.com\/de\/Artikel\/alpinestars-handschuhe-gp-pro-r3-2\/","title":{"rendered":"ALPINESTARS Handschuhe GP PRO R3"},"content":{"rendered":"<p><span style=\"color:#000000;font-family:'Times New Roman';font-size:medium;font-style:normal;letter-spacing:normal;text-indent:0px;text-transform:none;white-space:normal;word-spacing:0px;float:none;\">Die GP Pro R3 Handschuhe bieten mit ihrem ergonomischen Design und den anatomisch geformten Details den besten Schutz und Komfort. Der GP Pro R3 wurde auf MotoGP- und WSBK-Driftstrecken getestet und verf\u00fcgt \u00fcber Alpinestars exklusive Dynamic Friction Shield-Handschuhe, die eine bessere Luftzirkulation erm\u00f6glichen. Mit ihnen sind Sie bereit f\u00fcr Ihren besten Tag auf der Strecke.   <\/span><\/p>\n<p><br style=\"color:#000000;font-family:'Times New Roman';font-size:medium;font-style:normal;font-weight:400;letter-spacing:normal;text-indent:0px;text-transform:none;white-space:normal;word-spacing:0px;\"><span style=\"color:#000000;font-family:'Times New Roman';font-size:medium;font-style:normal;letter-spacing:normal;text-indent:0px;text-transform:none;white-space:normal;word-spacing:0px;float:none;\">Zusammensetzung des Rohmaterials:<\/span><br style=\"color:#000000;font-family:'Times New Roman';font-size:medium;font-style:normal;font-weight:400;letter-spacing:normal;text-indent:0px;text-transform:none;white-space:normal;word-spacing:0px;\"><span style=\"color:#000000;font-family:'Times New Roman';font-size:medium;font-style:normal;letter-spacing:normal;text-indent:0px;text-transform:none;white-space:normal;word-spacing:0px;float:none;\">Au\u00dfen: 92% Leder, 8% <\/span><span id=\"result_box\" style=\"color:#000000;font-family:'Times New Roman';font-size:medium;font-style:normal;letter-spacing:normal;text-indent:0px;text-transform:none;white-space:normal;word-spacing:0px;\" xml_lang=\"sl\" lang=\"sl\">Polyurethan<br \/>Futter: <\/span><span style=\"color:#000000;font-family:'Times New Roman';font-size:medium;font-style:normal;letter-spacing:normal;text-indent:0px;text-transform:none;white-space:normal;word-spacing:0px;\" xml_lang=\"sl\" lang=\"sl\">57% Polyester, 28% Aramid, 15% Baumwolle<\/span><\/p>\n<p><span style=\"color:#000000;font-family:'Times New Roman';font-size:medium;font-style:normal;letter-spacing:normal;text-indent:0px;text-transform:none;white-space:normal;word-spacing:0px;\" xml_lang=\"sl\" lang=\"sl\">Merkmale:<\/span><\/p>\n<\/p>\n<ul>\n<li>Reiner Rennhandschuh<\/li>\n<li>Handfl\u00e4che mit Au\u00dfenn\u00e4hten<\/li>\n<li>Lange Manschette f\u00fcr mehr Abdeckung<\/li>\n<li>Starrer Kn\u00f6chel f\u00fcr h\u00f6here Sto\u00dffestigkeit<\/li>\n<li>Perforierte Kn\u00f6chelplatte f\u00fcr bessere Bel\u00fcftung<\/li>\n<li>Digitaler Jumper zwischen Ringfinger und kleinem Finger<\/li>\n<li>Gemischte Rinder-, Ziegen- und K\u00e4nguruhhaut (Palme)<\/li>\n<li>Doppeltes Schlosssystem<\/li>\n<li>Manschette mit dynamischem Reibungsschutz<\/li>\n<li>Verst\u00e4rkungen an den Seiten mit einem starren Schieber<\/li>\n<li>Lederb\u00e4lge an Fingern, Daumen und Handr\u00fccken<\/li>\n<li>Aramid-Innenausstattung am R\u00fccken und an den Landefl\u00e4chen<\/li>\n<li>Verst\u00e4rkung an Daumen und Handfl\u00e4che<\/li>\n<li>TPU-Fingerschutz Weiche Polsterung an den Fingern und ergonomische, elastische Eins\u00e4tze auf der Handfl\u00e4che<\/li>\n<li>CE-zertifiziert (CAT II Stufe 2, KP).<\/li>\n<\/ul>\n","protected":false},"excerpt":{"rendered":"<p>Farbe: Schwarz, Wei\u00df und Rot<\/p>\n","protected":false},"featured_media":4759,"comment_status":"open","ping_status":"open","template":"","meta":{"_acf_changed":false},"brand":[2111],"gender":[2168],"product_brand":[],"product_cat":[1357,2086,2188],"product_tag":[],"class_list":{"0":"post-125825","1":"product","2":"type-product","3":"status-publish","4":"has-post-thumbnail","6":"brand-alpinestars-de","7":"gender-moski-de","8":"product_cat-ausrustung-fur-motorradfahrer","9":"product_cat-handschuhe","10":"product_cat-lederhandschuhe","11":"pa_size-l-de","12":"pa_size-m-de","13":"pa_size-s-de","14":"pa_size-xl-de","15":"pa_size-xxl-de","16":"pa_size-xxxl-de","18":"first","19":"instock","20":"sale","21":"taxable","22":"shipping-taxable","23":"purchasable","24":"product-type-variable"},"acf":[],"_links":{"self":[{"href":"https:\/\/moto-oprema.com\/de\/wp-json\/wp\/v2\/product\/125825","targetHints":{"allow":["GET"]}}],"collection":[{"href":"https:\/\/moto-oprema.com\/de\/wp-json\/wp\/v2\/product"}],"about":[{"href":"https:\/\/moto-oprema.com\/de\/wp-json\/wp\/v2\/types\/product"}],"replies":[{"embeddable":true,"href":"https:\/\/moto-oprema.com\/de\/wp-json\/wp\/v2\/comments?post=125825"}],"wp:featuredmedia":[{"embeddable":true,"href":"https:\/\/moto-oprema.com\/de\/wp-json\/wp\/v2\/media\/4759"}],"wp:attachment":[{"href":"https:\/\/moto-oprema.com\/de\/wp-json\/wp\/v2\/media?parent=125825"}],"wp:term":[{"taxonomy":"brand","embeddable":true,"href":"https:\/\/moto-oprema.com\/de\/wp-json\/wp\/v2\/brand?post=125825"},{"taxonomy":"gender","embeddable":true,"href":"https:\/\/moto-oprema.com\/de\/wp-json\/wp\/v2\/gender?post=125825"},{"taxonomy":"product_brand","embeddable":true,"href":"https:\/\/moto-oprema.com\/de\/wp-json\/wp\/v2\/product_brand?post=125825"},{"taxonomy":"product_cat","embeddable":true,"href":"https:\/\/moto-oprema.com\/de\/wp-json\/wp\/v2\/product_cat?post=125825"},{"taxonomy":"product_tag","embeddable":true,"href":"https:\/\/moto-oprema.com\/de\/wp-json\/wp\/v2\/product_tag?post=125825"}],"curies":[{"name":"wp","href":"https:\/\/api.w.org\/{rel}","templated":true}]}}