{"id":125672,"date":"2019-10-02T06:44:59","date_gmt":"2019-10-02T06:44:59","guid":{"rendered":"https:\/\/moto-oprema.com\/Artikel\/dainese-pony-3-s-t-hose-schwarz-matt\/"},"modified":"2019-10-02T06:44:59","modified_gmt":"2019-10-02T06:44:59","slug":"dainese-pony-3-s-t-hose-schwarz-matt","status":"publish","type":"product","link":"https:\/\/moto-oprema.com\/de\/Artikel\/dainese-pony-3-s-t-hose-schwarz-matt\/","title":{"rendered":"DAINESE PONY 3 S\/T HOSE SCHWARZ MATT"},"content":{"rendered":"<p>Motorradhose aus weichem Rindsleder &#8222;Tutu&#8220;.<\/p>\n<p>Die Eins\u00e4tze sind mit einer Kombination aus Mikroelastik elastisch, um dem Tr\u00e4ger ein Gef\u00fchl von Bewegungsfreiheit zu geben. Im Kniebereich werden Composite-Kniepolster und im H\u00fcftbereich weiche Pro Shape-H\u00fcftpolster eingesetzt. Beide sind nach EN 1621.1 zertifiziert. Der G\u00fcrtel ist verstellbar und hat einen eingen\u00e4hten Rei\u00dfverschluss f\u00fcr die Verbindung mit Dainese Jacken. Es gibt zwei Au\u00dfentaschen. Nanofeel-Futter.     <\/p>\n<\/p>\n<p><span><span><span><span>Zusammensetzung des Rohmaterials:<\/span><\/span><\/span><\/span><\/p>\n<p><span>-1 bielastischer Stoff<br \/> -Tutu-Rindsleder  <\/span><\/p>\n<\/p>\n<p style=\"margin-bottom:0cm;font-weight:normal;\">\n<p style=\"margin-bottom:0cm;font-weight:normal;\">\n","protected":false},"excerpt":{"rendered":"<p>Dainese Pony 3 Lederhose in verk\u00fcrzter oder verl\u00e4ngerter Ausf\u00fchrung.<\/p>\n","protected":false},"featured_media":4680,"comment_status":"open","ping_status":"open","template":"","meta":{"_acf_changed":false},"brand":[2113],"gender":[],"product_brand":[],"product_cat":[1357,2189,2509],"product_tag":[],"class_list":{"0":"post-125672","1":"product","2":"type-product","3":"status-publish","4":"has-post-thumbnail","6":"brand-dainese-de","7":"product_cat-ausrustung-fur-motorradfahrer","8":"product_cat-hose","9":"product_cat-lederhose","10":"pa_size-104-de","11":"pa_size-110-de","12":"pa_size-116-de","13":"pa_size-128-de","14":"pa_size-25-de","15":"pa_size-26-de","16":"pa_size-27-de","17":"pa_size-28-de","18":"pa_size-29-de","19":"pa_size-30-de","20":"pa_size-98-de","21":"pa_size-xxl-de","23":"first","24":"onbackorder","25":"sale","26":"taxable","27":"shipping-taxable","28":"purchasable","29":"product-type-variable"},"acf":[],"_links":{"self":[{"href":"https:\/\/moto-oprema.com\/de\/wp-json\/wp\/v2\/product\/125672","targetHints":{"allow":["GET"]}}],"collection":[{"href":"https:\/\/moto-oprema.com\/de\/wp-json\/wp\/v2\/product"}],"about":[{"href":"https:\/\/moto-oprema.com\/de\/wp-json\/wp\/v2\/types\/product"}],"replies":[{"embeddable":true,"href":"https:\/\/moto-oprema.com\/de\/wp-json\/wp\/v2\/comments?post=125672"}],"wp:featuredmedia":[{"embeddable":true,"href":"https:\/\/moto-oprema.com\/de\/wp-json\/wp\/v2\/media\/4680"}],"wp:attachment":[{"href":"https:\/\/moto-oprema.com\/de\/wp-json\/wp\/v2\/media?parent=125672"}],"wp:term":[{"taxonomy":"brand","embeddable":true,"href":"https:\/\/moto-oprema.com\/de\/wp-json\/wp\/v2\/brand?post=125672"},{"taxonomy":"gender","embeddable":true,"href":"https:\/\/moto-oprema.com\/de\/wp-json\/wp\/v2\/gender?post=125672"},{"taxonomy":"product_brand","embeddable":true,"href":"https:\/\/moto-oprema.com\/de\/wp-json\/wp\/v2\/product_brand?post=125672"},{"taxonomy":"product_cat","embeddable":true,"href":"https:\/\/moto-oprema.com\/de\/wp-json\/wp\/v2\/product_cat?post=125672"},{"taxonomy":"product_tag","embeddable":true,"href":"https:\/\/moto-oprema.com\/de\/wp-json\/wp\/v2\/product_tag?post=125672"}],"curies":[{"name":"wp","href":"https:\/\/api.w.org\/{rel}","templated":true}]}}