{"id":125583,"date":"2019-12-10T03:48:18","date_gmt":"2019-12-10T03:48:18","guid":{"rendered":"https:\/\/moto-oprema.com\/Artikel\/acerbis-regenmantel-2-teiliges-set\/"},"modified":"2019-12-10T03:48:18","modified_gmt":"2019-12-10T03:48:18","slug":"acerbis-regenmantel-2-teiliges-set","status":"publish","type":"product","link":"https:\/\/moto-oprema.com\/de\/Artikel\/acerbis-regenmantel-2-teiliges-set\/","title":{"rendered":"ACERBIS REGENMANTEL 2-TEILIGES SET"},"content":{"rendered":"<p><strong>Zusammensetzung des Rohmaterials:<\/strong><\/p>\n<p>100% Polyester<\/p>\n","protected":false},"excerpt":{"rendered":"<p>100% wasserdichter zweiteiliger Regenanzug, der sich in eine praktische kleine Tasche falten l\u00e4sst. Hitzegeschwei\u00dfte N\u00e4hte.<\/p>\n","protected":false},"featured_media":6818,"comment_status":"open","ping_status":"closed","template":"","meta":{"_acf_changed":false},"brand":[2704],"gender":[2173],"product_brand":[],"product_cat":[1357,2208,2411],"product_tag":[],"class_list":{"0":"post-125583","1":"product","2":"type-product","3":"status-publish","4":"has-post-thumbnail","6":"brand-acerbis-de","7":"gender-unisex-de","8":"product_cat-ausrustung-fur-motorradfahrer","9":"product_cat-funktionskleidung-und-unterwasche","10":"product_cat-regenkleidung","11":"pa_size-l-de","12":"pa_size-m-de","13":"pa_size-s-de","14":"pa_size-xl-de","15":"pa_size-xs-de","16":"pa_size-xxl-de","18":"first","19":"outofstock","20":"taxable","21":"shipping-taxable","22":"purchasable","23":"product-type-variable"},"acf":[],"_links":{"self":[{"href":"https:\/\/moto-oprema.com\/de\/wp-json\/wp\/v2\/product\/125583","targetHints":{"allow":["GET"]}}],"collection":[{"href":"https:\/\/moto-oprema.com\/de\/wp-json\/wp\/v2\/product"}],"about":[{"href":"https:\/\/moto-oprema.com\/de\/wp-json\/wp\/v2\/types\/product"}],"replies":[{"embeddable":true,"href":"https:\/\/moto-oprema.com\/de\/wp-json\/wp\/v2\/comments?post=125583"}],"wp:featuredmedia":[{"embeddable":true,"href":"https:\/\/moto-oprema.com\/de\/wp-json\/wp\/v2\/media\/6818"}],"wp:attachment":[{"href":"https:\/\/moto-oprema.com\/de\/wp-json\/wp\/v2\/media?parent=125583"}],"wp:term":[{"taxonomy":"brand","embeddable":true,"href":"https:\/\/moto-oprema.com\/de\/wp-json\/wp\/v2\/brand?post=125583"},{"taxonomy":"gender","embeddable":true,"href":"https:\/\/moto-oprema.com\/de\/wp-json\/wp\/v2\/gender?post=125583"},{"taxonomy":"product_brand","embeddable":true,"href":"https:\/\/moto-oprema.com\/de\/wp-json\/wp\/v2\/product_brand?post=125583"},{"taxonomy":"product_cat","embeddable":true,"href":"https:\/\/moto-oprema.com\/de\/wp-json\/wp\/v2\/product_cat?post=125583"},{"taxonomy":"product_tag","embeddable":true,"href":"https:\/\/moto-oprema.com\/de\/wp-json\/wp\/v2\/product_tag?post=125583"}],"curies":[{"name":"wp","href":"https:\/\/api.w.org\/{rel}","templated":true}]}}