{"id":125578,"date":"2019-12-09T06:19:45","date_gmt":"2019-12-09T06:19:45","guid":{"rendered":"https:\/\/moto-oprema.com\/Artikel\/acerbis-guerteltasche\/"},"modified":"2019-12-09T06:19:45","modified_gmt":"2019-12-09T06:19:45","slug":"acerbis-guerteltasche","status":"publish","type":"product","link":"https:\/\/moto-oprema.com\/de\/Artikel\/acerbis-guerteltasche\/","title":{"rendered":"ACERBIS G\u00dcRTELTASCHE"},"content":{"rendered":"<p>Acerbis Tasche zur Befestigung um die Taille. Ideal f\u00fcr Enduro-Fahrer. Geeignet f\u00fcr die Aufbewahrung von Dokumenten und kleinen Werkzeugen. Gesamtkapazit\u00e4t 2l. Separates Fach f\u00fcr Werkzeuge und Dokumente.    <\/p>\n<p>Zusammensetzung des Rohmaterials:<\/p>\n<p>100% Polyester<\/p>\n<div class=\"ui-tabs-panel ui-widget-content ui-corner-bottom\" id=\"tab-product-description-original\">\n<div class=\"description\"><strong>Merkmale:<\/strong><\/p>\n<ul>\n<li>Doppelter Verschluss durch elastischen G\u00fcrtel mit Klettverschluss und Kunststoffschnalle<\/li>\n<li>Gummipatch am unteren R\u00fccken f\u00fcr einen perfekten Sitz<\/li>\n<li>G\u00fcrtel mit Tasche f\u00fcr F\u00fchrerschein oder Stempelkarte, mit internem Etikett zur Identifizierung des Fahrers<\/li>\n<li>Zahlreiche Taschen: Ges\u00e4\u00dftasche f\u00fcr Werkzeug, einschlie\u00dflich einer zus\u00e4tzlichen Kompasstasche, zwei Seitentaschen f\u00fcr andere wichtige Dinge beim Reiten<\/li>\n<\/ul>\n<\/div>\n<\/div>\n","protected":false},"excerpt":{"rendered":"<p>Acerbis Tasche zur Befestigung um die Taille. Ideal f\u00fcr Enduro-Fahrer. Geeignet f\u00fcr die Aufbewahrung von Dokumenten&#8230;<\/p>\n","protected":false},"featured_media":6782,"comment_status":"open","ping_status":"open","template":"","meta":{"_acf_changed":false},"brand":[2704],"gender":[],"product_brand":[],"product_cat":[1357,2093,2024],"product_tag":[],"class_list":{"0":"post-125578","1":"product","2":"type-product","3":"status-publish","4":"has-post-thumbnail","6":"brand-acerbis-de","7":"product_cat-ausrustung-fur-motorradfahrer","8":"product_cat-rucksacke-und-beinbeutel","9":"product_cat-zubehor","11":"first","12":"onbackorder","13":"taxable","14":"shipping-taxable","15":"purchasable","16":"product-type-simple"},"acf":[],"_links":{"self":[{"href":"https:\/\/moto-oprema.com\/de\/wp-json\/wp\/v2\/product\/125578","targetHints":{"allow":["GET"]}}],"collection":[{"href":"https:\/\/moto-oprema.com\/de\/wp-json\/wp\/v2\/product"}],"about":[{"href":"https:\/\/moto-oprema.com\/de\/wp-json\/wp\/v2\/types\/product"}],"replies":[{"embeddable":true,"href":"https:\/\/moto-oprema.com\/de\/wp-json\/wp\/v2\/comments?post=125578"}],"wp:featuredmedia":[{"embeddable":true,"href":"https:\/\/moto-oprema.com\/de\/wp-json\/wp\/v2\/media\/6782"}],"wp:attachment":[{"href":"https:\/\/moto-oprema.com\/de\/wp-json\/wp\/v2\/media?parent=125578"}],"wp:term":[{"taxonomy":"brand","embeddable":true,"href":"https:\/\/moto-oprema.com\/de\/wp-json\/wp\/v2\/brand?post=125578"},{"taxonomy":"gender","embeddable":true,"href":"https:\/\/moto-oprema.com\/de\/wp-json\/wp\/v2\/gender?post=125578"},{"taxonomy":"product_brand","embeddable":true,"href":"https:\/\/moto-oprema.com\/de\/wp-json\/wp\/v2\/product_brand?post=125578"},{"taxonomy":"product_cat","embeddable":true,"href":"https:\/\/moto-oprema.com\/de\/wp-json\/wp\/v2\/product_cat?post=125578"},{"taxonomy":"product_tag","embeddable":true,"href":"https:\/\/moto-oprema.com\/de\/wp-json\/wp\/v2\/product_tag?post=125578"}],"curies":[{"name":"wp","href":"https:\/\/api.w.org\/{rel}","templated":true}]}}