{"id":125451,"date":"2019-09-20T07:51:50","date_gmt":"2019-09-20T07:51:50","guid":{"rendered":"https:\/\/moto-oprema.com\/Artikel\/spidi-track-wind-pro-schwarz-gold\/"},"modified":"2019-09-20T07:51:50","modified_gmt":"2019-09-20T07:51:50","slug":"spidi-track-wind-pro-schwarz-gold","status":"publish","type":"product","link":"https:\/\/moto-oprema.com\/de\/Artikel\/spidi-track-wind-pro-schwarz-gold\/","title":{"rendered":"SPIDI TRACK WIND PRO SCHWARZ\/GOLD"},"content":{"rendered":"<p>Die Erfahrung von Spidi in der MotoGP und Word Superbike hat bei der Entwicklung des Track Wind Pro Anzugs geholfen. Die Knieschoner sind verstellbar und k\u00f6nnen mit einem R\u00fccken- und Brustpolster aufger\u00fcstet werden. Neopren an Kragen und \u00c4rmeln. Das Gewicht des Anzugs betr\u00e4gt ca. 4,5 kg.    <\/p>\n<p><span xml_lang=\"sl\" lang=\"sl\"><span>Zusammensetzung des Rohmaterials:<br \/>Au\u00dfen: 80% Leder, 20% Nylon<br \/>Futter: 100% Polyester<\/span><\/span><\/p>\n<ul>\n<li>Vollnarbiges Rindsleder (1,2\/1,3 mm Dicke)<\/li>\n<li>Herausnehmbares Innenfutter Mesh-Innenfutter<\/li>\n<li>Force Tech Protektoren an den Ellbogen<\/li>\n<li>Biomechanische Protektoren f\u00fcr die Schultern<\/li>\n<li>Multitech-Protektoren an H\u00fcfte und Knie (h\u00f6henverstellbar) ,<\/li>\n<li>Flex Tenax Bereiche f\u00fcr perfekte Passform<\/li>\n<li>Warrior R\u00fcckenprotektor Lev.1 oder Lev.2 Anordnung<\/li>\n<li>Warrior Brustpanzer Anordnung<\/li>\n<li>Clarino-Eins\u00e4tze im Halsbereich Neopren-Eins\u00e4tze im Hals- und Handgelenksbereich<\/li>\n<li>High-Flow-Bel\u00fcftungs\u00f6ffnungen an Schultern und R\u00fccken<\/li>\n<\/ul>\n","protected":false},"excerpt":{"rendered":"<p>Die Erfahrung von Spidi in der MotoGP und Word Superbike hat bei der Entwicklung des Track&#8230;<\/p>\n","protected":false},"featured_media":176690,"comment_status":"open","ping_status":"open","template":"","meta":{"_acf_changed":false},"brand":[2124],"gender":[],"product_brand":[],"product_cat":[2220,1357],"product_tag":[],"class_list":{"0":"post-125451","1":"product","2":"type-product","3":"status-publish","4":"has-post-thumbnail","6":"brand-spidi-de","7":"product_cat-1-teilige-latzhose","8":"product_cat-ausrustung-fur-motorradfahrer","9":"pa_size-48-de","10":"pa_size-50-de","11":"pa_size-52-de","12":"pa_size-54-de","13":"pa_size-56-de","14":"pa_size-58-de","16":"first","17":"instock","18":"sale","19":"taxable","20":"shipping-taxable","21":"purchasable","22":"product-type-variable"},"acf":[],"_links":{"self":[{"href":"https:\/\/moto-oprema.com\/de\/wp-json\/wp\/v2\/product\/125451","targetHints":{"allow":["GET"]}}],"collection":[{"href":"https:\/\/moto-oprema.com\/de\/wp-json\/wp\/v2\/product"}],"about":[{"href":"https:\/\/moto-oprema.com\/de\/wp-json\/wp\/v2\/types\/product"}],"replies":[{"embeddable":true,"href":"https:\/\/moto-oprema.com\/de\/wp-json\/wp\/v2\/comments?post=125451"}],"wp:featuredmedia":[{"embeddable":true,"href":"https:\/\/moto-oprema.com\/de\/wp-json\/wp\/v2\/media\/176690"}],"wp:attachment":[{"href":"https:\/\/moto-oprema.com\/de\/wp-json\/wp\/v2\/media?parent=125451"}],"wp:term":[{"taxonomy":"brand","embeddable":true,"href":"https:\/\/moto-oprema.com\/de\/wp-json\/wp\/v2\/brand?post=125451"},{"taxonomy":"gender","embeddable":true,"href":"https:\/\/moto-oprema.com\/de\/wp-json\/wp\/v2\/gender?post=125451"},{"taxonomy":"product_brand","embeddable":true,"href":"https:\/\/moto-oprema.com\/de\/wp-json\/wp\/v2\/product_brand?post=125451"},{"taxonomy":"product_cat","embeddable":true,"href":"https:\/\/moto-oprema.com\/de\/wp-json\/wp\/v2\/product_cat?post=125451"},{"taxonomy":"product_tag","embeddable":true,"href":"https:\/\/moto-oprema.com\/de\/wp-json\/wp\/v2\/product_tag?post=125451"}],"curies":[{"name":"wp","href":"https:\/\/api.w.org\/{rel}","templated":true}]}}