{"id":125443,"date":"2019-09-16T04:32:30","date_gmt":"2019-09-16T04:32:30","guid":{"rendered":"https:\/\/moto-oprema.com\/Artikel\/fox-flugzeugzelle-fuer-ece\/"},"modified":"2019-09-16T04:32:30","modified_gmt":"2019-09-16T04:32:30","slug":"fox-flugzeugzelle-fuer-ece","status":"publish","type":"product","link":"https:\/\/moto-oprema.com\/de\/Artikel\/fox-flugzeugzelle-fuer-ece\/","title":{"rendered":"FOX FLUGZEUGZELLE F\u00dcR ECE"},"content":{"rendered":"<p>Der brandneue Airframe PRO CE setzt neue Ma\u00dfst\u00e4be beim Oberk\u00f6rperschutz. CE-zertifiziert f\u00fcr Brust-, R\u00fccken- und Schulterschutz. Gilt als einer der besten Protektoren im Motocross-Segment.  <\/p>\n<p>Schutzma\u00dfnahmen:<\/p>\n<ul>\n<li>CE EN 1621-2 Level 2 R\u00fcckenzertifizierung<\/li>\n<li>CE EN 1621-3 Level 1 Zertifizierung der Brust<\/li>\n<li>CE EN 1621-1 Stufe 1 Schulterzertifizierung<\/li>\n<\/ul>\n","protected":false},"excerpt":{"rendered":"<p>Der brandneue Airframe PRO CE setzt neue Ma\u00dfst\u00e4be beim Oberk\u00f6rperschutz. CE-zertifiziert f\u00fcr Brust-, R\u00fccken- und Schulterschutz&#8230;.<\/p>\n","protected":false},"featured_media":3902,"comment_status":"open","ping_status":"closed","template":"","meta":{"_acf_changed":false},"brand":[2115],"gender":[2173],"product_brand":[],"product_cat":[2028,2222,2079],"product_tag":[],"class_list":{"0":"post-125443","1":"product","2":"type-product","3":"status-publish","4":"has-post-thumbnail","6":"brand-fox-de","7":"gender-unisex-de","8":"product_cat-motocross-ausrustung","9":"product_cat-mx-korperprotektoren","10":"product_cat-mx-schilder","11":"pa_size-l-xl-170-190cm-de","12":"pa_size-s-m-de","14":"first","15":"onbackorder","16":"taxable","17":"shipping-taxable","18":"purchasable","19":"product-type-variable"},"acf":[],"_links":{"self":[{"href":"https:\/\/moto-oprema.com\/de\/wp-json\/wp\/v2\/product\/125443","targetHints":{"allow":["GET"]}}],"collection":[{"href":"https:\/\/moto-oprema.com\/de\/wp-json\/wp\/v2\/product"}],"about":[{"href":"https:\/\/moto-oprema.com\/de\/wp-json\/wp\/v2\/types\/product"}],"replies":[{"embeddable":true,"href":"https:\/\/moto-oprema.com\/de\/wp-json\/wp\/v2\/comments?post=125443"}],"wp:featuredmedia":[{"embeddable":true,"href":"https:\/\/moto-oprema.com\/de\/wp-json\/wp\/v2\/media\/3902"}],"wp:attachment":[{"href":"https:\/\/moto-oprema.com\/de\/wp-json\/wp\/v2\/media?parent=125443"}],"wp:term":[{"taxonomy":"brand","embeddable":true,"href":"https:\/\/moto-oprema.com\/de\/wp-json\/wp\/v2\/brand?post=125443"},{"taxonomy":"gender","embeddable":true,"href":"https:\/\/moto-oprema.com\/de\/wp-json\/wp\/v2\/gender?post=125443"},{"taxonomy":"product_brand","embeddable":true,"href":"https:\/\/moto-oprema.com\/de\/wp-json\/wp\/v2\/product_brand?post=125443"},{"taxonomy":"product_cat","embeddable":true,"href":"https:\/\/moto-oprema.com\/de\/wp-json\/wp\/v2\/product_cat?post=125443"},{"taxonomy":"product_tag","embeddable":true,"href":"https:\/\/moto-oprema.com\/de\/wp-json\/wp\/v2\/product_tag?post=125443"}],"curies":[{"name":"wp","href":"https:\/\/api.w.org\/{rel}","templated":true}]}}