{"id":125442,"date":"2019-11-01T16:47:59","date_gmt":"2019-11-01T16:47:59","guid":{"rendered":"https:\/\/moto-oprema.com\/Artikel\/alpinestars-damen-stella-faster-3-schuhe\/"},"modified":"2019-11-01T16:47:59","modified_gmt":"2019-11-01T16:47:59","slug":"alpinestars-damen-stella-faster-3-schuhe","status":"publish","type":"product","link":"https:\/\/moto-oprema.com\/de\/Artikel\/alpinestars-damen-stella-faster-3-schuhe\/","title":{"rendered":"ALPINESTARS Damen STELLA FASTER 3 Schuhe"},"content":{"rendered":"<div class=\"rte\">\n<p class=\"tw-data-text tw-text-large tw-ta\" id=\"tw-target-text\" style=\"text-align:left\" dir=\"ltr\"><strong><span xml_lang=\"sl\" lang=\"sl\">Alpinestars Stella Faster-3 Motorradstiefel f\u00fcr Damen  <\/span><\/strong><\/p>\n<p class=\"tw-data-text tw-text-large tw-ta\" style=\"text-align:left\" dir=\"ltr\"><span xml_lang=\"sl\" lang=\"sl\">Speziell f\u00fcr Frauen gemacht. Sie ist extrem leicht und verf\u00fcgt \u00fcber die besten Materialien und das beste Schutzniveau. <\/span><\/p>\n<p class=\"tw-data-text tw-text-large tw-ta\" style=\"text-align:left\" dir=\"ltr\"><span xml_lang=\"sl\" lang=\"sl\">Leichte, strapazierf\u00e4hige und abriebfeste Mikrofasern  <\/span><\/p>\n<p class=\"tw-data-text tw-text-large tw-ta\" style=\"text-align:left\" dir=\"ltr\"><span xml_lang=\"sl\" lang=\"sl\">Komfortable 3D Mesh-Innenausstattung<br \/><\/span><\/p>\n<p class=\"tw-data-text tw-text-large tw-ta\" style=\"text-align:left\" dir=\"ltr\"><span xml_lang=\"sl\" lang=\"sl\">Ultraleichte, speziell entwickelte Gummisohlen  <\/span><\/p>\n<p class=\"tw-data-text tw-text-large tw-ta\" style=\"text-align:left\" dir=\"ltr\"><span xml_lang=\"sl\" lang=\"sl\">Integrierte TPU- und TPR-Protektoren<\/span><\/p>\n<p class=\"tw-data-text tw-text-large tw-ta\" style=\"text-align:left\" dir=\"ltr\"><span xml_lang=\"sl\" lang=\"sl\">Zertifikat EN 13634:2017<\/span><\/p>\n<p><span xml_lang=\"sl\" lang=\"sl\"><\/span><span style=\"font-family:arial, helvetica, sans-serif;font-size:small\"><br \/><\/span><span style=\"font-family:arial, helvetica, sans-serif;font-size:small\"><b><br \/>Zusammensetzung des Rohmaterials:  <\/b><\/span><span style=\"font-family:arial, helvetica, sans-serif;font-size:small\"><span id=\"result_box\" xml_lang=\"sl\" lang=\"sl\"><span class=\"hps\"><\/span><\/span><\/span><span style=\"font-family:arial, helvetica, sans-serif;font-size:small\"><span><span><br \/>Obermaterial: Veloursleder und synthetisches Material<\/span><\/span><span xml_lang=\"sl\" lang=\"sl\"><\/span><span xml_lang=\"sl\" lang=\"sl\"><span class=\"hps\"><\/span><\/span><span><span>. Mikrofasern<\/span><\/span><\/span><\/p>\n<p><span style=\"font-family:arial, helvetica, sans-serif;font-size:small\"><span><span>Sohle: Gummi<\/span><\/span><\/span><\/p>\n<\/div>\n","protected":false},"excerpt":{"rendered":"<p>Farbe: Schwarz-silber<\/p>\n","protected":false},"featured_media":5604,"comment_status":"open","ping_status":"closed","template":"","meta":{"_acf_changed":false},"brand":[2111],"gender":[2170],"product_brand":[],"product_cat":[1357,2043,2044],"product_tag":[],"class_list":{"0":"post-125442","1":"product","2":"type-product","3":"status-publish","4":"has-post-thumbnail","6":"brand-alpinestars-de","7":"gender-zenska-de","8":"product_cat-ausrustung-fur-motorradfahrer","9":"product_cat-schuhe","10":"product_cat-urbanes-schuhwerk","11":"pa_size-36-de","12":"pa_size-37-de","13":"pa_size-37-5-de","14":"pa_size-38-de","15":"pa_size-38-5-de","16":"pa_size-39-de","17":"pa_size-40-de","18":"pa_size-405-de","19":"pa_size-41-de","20":"pa_size-42-de","21":"pa_size-42-5-de","22":"pa_size-43-de","23":"pa_size-43-5-de","24":"pa_size-44-de","26":"first","27":"onbackorder","28":"sale","29":"taxable","30":"shipping-taxable","31":"purchasable","32":"product-type-variable"},"acf":[],"_links":{"self":[{"href":"https:\/\/moto-oprema.com\/de\/wp-json\/wp\/v2\/product\/125442","targetHints":{"allow":["GET"]}}],"collection":[{"href":"https:\/\/moto-oprema.com\/de\/wp-json\/wp\/v2\/product"}],"about":[{"href":"https:\/\/moto-oprema.com\/de\/wp-json\/wp\/v2\/types\/product"}],"replies":[{"embeddable":true,"href":"https:\/\/moto-oprema.com\/de\/wp-json\/wp\/v2\/comments?post=125442"}],"wp:featuredmedia":[{"embeddable":true,"href":"https:\/\/moto-oprema.com\/de\/wp-json\/wp\/v2\/media\/5604"}],"wp:attachment":[{"href":"https:\/\/moto-oprema.com\/de\/wp-json\/wp\/v2\/media?parent=125442"}],"wp:term":[{"taxonomy":"brand","embeddable":true,"href":"https:\/\/moto-oprema.com\/de\/wp-json\/wp\/v2\/brand?post=125442"},{"taxonomy":"gender","embeddable":true,"href":"https:\/\/moto-oprema.com\/de\/wp-json\/wp\/v2\/gender?post=125442"},{"taxonomy":"product_brand","embeddable":true,"href":"https:\/\/moto-oprema.com\/de\/wp-json\/wp\/v2\/product_brand?post=125442"},{"taxonomy":"product_cat","embeddable":true,"href":"https:\/\/moto-oprema.com\/de\/wp-json\/wp\/v2\/product_cat?post=125442"},{"taxonomy":"product_tag","embeddable":true,"href":"https:\/\/moto-oprema.com\/de\/wp-json\/wp\/v2\/product_tag?post=125442"}],"curies":[{"name":"wp","href":"https:\/\/api.w.org\/{rel}","templated":true}]}}