{"id":125402,"date":"2020-11-19T18:18:22","date_gmt":"2020-11-19T18:18:22","guid":{"rendered":"https:\/\/moto-oprema.com\/Artikel\/scott-primal-enduro-brille\/"},"modified":"2020-11-19T18:18:22","modified_gmt":"2020-11-19T18:18:22","slug":"scott-primal-enduro-brille","status":"publish","type":"product","link":"https:\/\/moto-oprema.com\/de\/Artikel\/scott-primal-enduro-brille\/","title":{"rendered":"SCOTT PRIMAL ENDURO BRILLE"},"content":{"rendered":"<pre class=\"western\"><span style=\"color:#252525;\"><span style=\"font-family:Arial, Verdana, Helvetica;\"><span style=\"font-size:small;\"><span style=\"color:#202124;\"><span style=\"font-family:'Times New Roman', serif;\"><span style=\"font-size:medium;\"><span lang=\"en\" xml_lang=\"en\">Scott Primal Goggle je najnovej\u0161i dodatek ponudbe Scott Offroad. <br\/>Ta povsem nova o\u010dala so kot nala\u0161\u010d za za\u010detnike in izku\u0161ene kolesarje z omejenim prora\u010dunom. <br\/>Nova o\u010dala s svojimi zna\u010dilnostmi, kot so dvoslojna pena, le\u010da Scott TruView in premaz proti megli, <br\/>sledijo stopinjam svojih velikih bratov Prospect in Fury. Z dvema delovnima zati\u010dema, primernima tudi za trganje.<br\/> 100% UV za\u0161\u010dita<\/span><\/span><\/span><\/span><\/span><\/span><\/span><\/pre>\n","protected":false},"excerpt":{"rendered":"<p>Scott Primal Goggle je najnovej\u0161i dodatek ponudbe Scott Offroad. Ta povsem nova o\u010dala so kot nala\u0161\u010d&#8230;<\/p>\n","protected":false},"featured_media":12189,"comment_status":"open","ping_status":"open","template":"","meta":{"_acf_changed":false},"brand":[2652],"gender":[2173],"product_brand":[],"product_cat":[2028,2182],"product_tag":[],"class_list":{"0":"post-125402","1":"product","2":"type-product","3":"status-publish","4":"has-post-thumbnail","6":"brand-scott-de","7":"gender-unisex-de","8":"product_cat-motocross-ausrustung","9":"product_cat-mx-brille","11":"first","12":"onbackorder","13":"taxable","14":"shipping-taxable","15":"purchasable","16":"product-type-simple"},"acf":[],"_links":{"self":[{"href":"https:\/\/moto-oprema.com\/de\/wp-json\/wp\/v2\/product\/125402","targetHints":{"allow":["GET"]}}],"collection":[{"href":"https:\/\/moto-oprema.com\/de\/wp-json\/wp\/v2\/product"}],"about":[{"href":"https:\/\/moto-oprema.com\/de\/wp-json\/wp\/v2\/types\/product"}],"replies":[{"embeddable":true,"href":"https:\/\/moto-oprema.com\/de\/wp-json\/wp\/v2\/comments?post=125402"}],"wp:featuredmedia":[{"embeddable":true,"href":"https:\/\/moto-oprema.com\/de\/wp-json\/wp\/v2\/media\/12189"}],"wp:attachment":[{"href":"https:\/\/moto-oprema.com\/de\/wp-json\/wp\/v2\/media?parent=125402"}],"wp:term":[{"taxonomy":"brand","embeddable":true,"href":"https:\/\/moto-oprema.com\/de\/wp-json\/wp\/v2\/brand?post=125402"},{"taxonomy":"gender","embeddable":true,"href":"https:\/\/moto-oprema.com\/de\/wp-json\/wp\/v2\/gender?post=125402"},{"taxonomy":"product_brand","embeddable":true,"href":"https:\/\/moto-oprema.com\/de\/wp-json\/wp\/v2\/product_brand?post=125402"},{"taxonomy":"product_cat","embeddable":true,"href":"https:\/\/moto-oprema.com\/de\/wp-json\/wp\/v2\/product_cat?post=125402"},{"taxonomy":"product_tag","embeddable":true,"href":"https:\/\/moto-oprema.com\/de\/wp-json\/wp\/v2\/product_tag?post=125402"}],"curies":[{"name":"wp","href":"https:\/\/api.w.org\/{rel}","templated":true}]}}