{"id":125392,"date":"2020-11-19T17:56:24","date_gmt":"2020-11-19T17:56:24","guid":{"rendered":"https:\/\/moto-oprema.com\/Artikel\/scott-wfs-brille-prospekt-2\/"},"modified":"2020-11-19T17:56:24","modified_gmt":"2020-11-19T17:56:24","slug":"scott-wfs-brille-prospekt-2","status":"publish","type":"product","link":"https:\/\/moto-oprema.com\/de\/Artikel\/scott-wfs-brille-prospekt-2\/","title":{"rendered":"SCOTT WFS BRILLE PROSPEKT"},"content":{"rendered":"<ul>\n<li><span style=\"font-family:arial, helvetica, sans-serif;font-size:small;\">SCOTT Fit System f\u00fcr eine optimale Anpassung an das Gesicht.<\/span><\/li>\n<li><span style=\"font-family:arial, helvetica, sans-serif;font-size:small;\">Revolution\u00e4res Luftmanagement (RAM) f\u00fcr aktive Bel\u00fcftung.<\/span><\/li>\n<li><span style=\"font-family:arial, helvetica, sans-serif;font-size:small;\">NOSWEAT 3.2 Schaum.<\/span><\/li>\n<li><span style=\"font-family:arial, helvetica, sans-serif;font-size:small;\">Strapazierf\u00e4higer Silikon-G\u00fcrtel.<\/span><\/li>\n<li><span style=\"font-family:arial, helvetica, sans-serif;font-size:small;\">Lexan \u00ae Anti-Beschlag.<\/span><\/li>\n<li><span style=\"font-family:arial, helvetica, sans-serif;font-size:small;\">Beh\u00e4lter mit transparenter Folie zur Kontrolle.<\/span><\/li>\n<li><span style=\"font-family:arial, helvetica, sans-serif;font-size:small;\">Inklusive Nasenschutz.<span id=\"result_box\" xml_lang=\"sl\" lang=\"sl\"><span class=\"hps\"><\/span><\/span><\/span><\/li>\n<li><span style=\"font-family:arial, helvetica, sans-serif;font-size:small;\"><span xml_lang=\"sl\" lang=\"sl\"><span class=\"hps\"><\/span><span class=\"hps\"><\/span> <span class=\"hps\">Zwei Filme.<\/span><\/span><\/span><\/li>\n<\/ul>\n","protected":false},"excerpt":{"rendered":"<p>SCOTT Fit System f\u00fcr eine optimale Anpassung an das Gesicht. Revolution\u00e4res Luftmanagement (RAM) f\u00fcr aktive Bel\u00fcftung&#8230;.<\/p>\n","protected":false},"featured_media":12173,"comment_status":"open","ping_status":"open","template":"","meta":{"_acf_changed":false},"brand":[2652],"gender":[2173],"product_brand":[],"product_cat":[2028,2182],"product_tag":[],"class_list":{"0":"post-125392","1":"product","2":"type-product","3":"status-publish","4":"has-post-thumbnail","6":"brand-scott-de","7":"gender-unisex-de","8":"product_cat-motocross-ausrustung","9":"product_cat-mx-brille","11":"first","12":"onbackorder","13":"taxable","14":"shipping-taxable","15":"purchasable","16":"product-type-simple"},"acf":[],"_links":{"self":[{"href":"https:\/\/moto-oprema.com\/de\/wp-json\/wp\/v2\/product\/125392","targetHints":{"allow":["GET"]}}],"collection":[{"href":"https:\/\/moto-oprema.com\/de\/wp-json\/wp\/v2\/product"}],"about":[{"href":"https:\/\/moto-oprema.com\/de\/wp-json\/wp\/v2\/types\/product"}],"replies":[{"embeddable":true,"href":"https:\/\/moto-oprema.com\/de\/wp-json\/wp\/v2\/comments?post=125392"}],"wp:featuredmedia":[{"embeddable":true,"href":"https:\/\/moto-oprema.com\/de\/wp-json\/wp\/v2\/media\/12173"}],"wp:attachment":[{"href":"https:\/\/moto-oprema.com\/de\/wp-json\/wp\/v2\/media?parent=125392"}],"wp:term":[{"taxonomy":"brand","embeddable":true,"href":"https:\/\/moto-oprema.com\/de\/wp-json\/wp\/v2\/brand?post=125392"},{"taxonomy":"gender","embeddable":true,"href":"https:\/\/moto-oprema.com\/de\/wp-json\/wp\/v2\/gender?post=125392"},{"taxonomy":"product_brand","embeddable":true,"href":"https:\/\/moto-oprema.com\/de\/wp-json\/wp\/v2\/product_brand?post=125392"},{"taxonomy":"product_cat","embeddable":true,"href":"https:\/\/moto-oprema.com\/de\/wp-json\/wp\/v2\/product_cat?post=125392"},{"taxonomy":"product_tag","embeddable":true,"href":"https:\/\/moto-oprema.com\/de\/wp-json\/wp\/v2\/product_tag?post=125392"}],"curies":[{"name":"wp","href":"https:\/\/api.w.org\/{rel}","templated":true}]}}