{"id":125384,"date":"2020-11-19T18:05:01","date_gmt":"2020-11-19T18:05:01","guid":{"rendered":"https:\/\/moto-oprema.com\/Artikel\/scott-works-fury-brille-2\/"},"modified":"2020-11-19T18:05:01","modified_gmt":"2020-11-19T18:05:01","slug":"scott-works-fury-brille-2","status":"publish","type":"product","link":"https:\/\/moto-oprema.com\/de\/Artikel\/scott-works-fury-brille-2\/","title":{"rendered":"SCOTT WORKS FURY BRILLE"},"content":{"rendered":"<p>Die Fury Schutzbrille ist ein neues Modell der 2020 MX Schutzbrille. Sie bietet dem Fahrer dank der gr\u00f6\u00dferen H\u00f6he des Schutzglases eine maximale Weitsicht. Au\u00dferdem bleibt das Glas auch bei starken St\u00f6\u00dfen an seinem Platz, dank des neuen, innovativen Scott Glasverriegelungssystems. Sie wird mit einem extra breiten Band am Helm befestigt, um ein Verrutschen zu verhindern.   <\/p>\n<p><strong>Merkmale:<\/strong><\/p>\n<ul>\n<li>Objektivverriegelungssystem<\/li>\n<li>zweischichtiger Gesichtsschaum<\/li>\n<li>Widerstandsf\u00e4higes Armband mit Silikon<\/li>\n<\/ul>\n<p><strong>Spezifikationen:<\/strong><\/p>\n<ul>\n<li>Scott TruView Works Objektiv<\/li>\n<li>NoFog\u2122 Anti-Beschlag-Beschichtung<\/li>\n<\/ul>\n<p><strong>Inhalt:<\/strong><\/p>\n<ul>\n<li>1 x Scott Fury Schwimmbrille<\/li>\n<\/ul>\n","protected":false},"excerpt":{"rendered":"<p>Die Fury Schutzbrille ist ein neues Modell der 2020 MX Schutzbrille. Sie bietet dem Fahrer dank&#8230;<\/p>\n","protected":false},"featured_media":12179,"comment_status":"open","ping_status":"open","template":"","meta":{"_acf_changed":false},"brand":[2652],"gender":[2173],"product_brand":[],"product_cat":[2028,2182],"product_tag":[],"class_list":{"0":"post-125384","1":"product","2":"type-product","3":"status-publish","4":"has-post-thumbnail","6":"brand-scott-de","7":"gender-unisex-de","8":"product_cat-motocross-ausrustung","9":"product_cat-mx-brille","11":"first","12":"onbackorder","13":"taxable","14":"shipping-taxable","15":"purchasable","16":"product-type-simple"},"acf":[],"_links":{"self":[{"href":"https:\/\/moto-oprema.com\/de\/wp-json\/wp\/v2\/product\/125384","targetHints":{"allow":["GET"]}}],"collection":[{"href":"https:\/\/moto-oprema.com\/de\/wp-json\/wp\/v2\/product"}],"about":[{"href":"https:\/\/moto-oprema.com\/de\/wp-json\/wp\/v2\/types\/product"}],"replies":[{"embeddable":true,"href":"https:\/\/moto-oprema.com\/de\/wp-json\/wp\/v2\/comments?post=125384"}],"wp:featuredmedia":[{"embeddable":true,"href":"https:\/\/moto-oprema.com\/de\/wp-json\/wp\/v2\/media\/12179"}],"wp:attachment":[{"href":"https:\/\/moto-oprema.com\/de\/wp-json\/wp\/v2\/media?parent=125384"}],"wp:term":[{"taxonomy":"brand","embeddable":true,"href":"https:\/\/moto-oprema.com\/de\/wp-json\/wp\/v2\/brand?post=125384"},{"taxonomy":"gender","embeddable":true,"href":"https:\/\/moto-oprema.com\/de\/wp-json\/wp\/v2\/gender?post=125384"},{"taxonomy":"product_brand","embeddable":true,"href":"https:\/\/moto-oprema.com\/de\/wp-json\/wp\/v2\/product_brand?post=125384"},{"taxonomy":"product_cat","embeddable":true,"href":"https:\/\/moto-oprema.com\/de\/wp-json\/wp\/v2\/product_cat?post=125384"},{"taxonomy":"product_tag","embeddable":true,"href":"https:\/\/moto-oprema.com\/de\/wp-json\/wp\/v2\/product_tag?post=125384"}],"curies":[{"name":"wp","href":"https:\/\/api.w.org\/{rel}","templated":true}]}}