{"id":125370,"date":"2020-11-14T12:11:29","date_gmt":"2020-11-14T12:11:29","guid":{"rendered":"https:\/\/moto-oprema.com\/Artikel\/alpinestars-jugend-knieschoner-bionic-action\/"},"modified":"2020-11-14T12:11:29","modified_gmt":"2020-11-14T12:11:29","slug":"alpinestars-jugend-knieschoner-bionic-action","status":"publish","type":"product","link":"https:\/\/moto-oprema.com\/de\/Artikel\/alpinestars-jugend-knieschoner-bionic-action\/","title":{"rendered":"ALPINESTARS JUGEND-KNIESCHONER BIONIC ACTION"},"content":{"rendered":"<p>Ergonomisch profilierter Schutz, elastisches Gurtsystem, bel\u00fcftete Eins\u00e4tze und 3D-Mesh-Material f\u00fcr optimalen Komfort, CE-zertifiziert EN1621-1:2012 LEVEL 1<\/p>\n<p>Zusammensetzung: 100% Polyester<\/p>\n","protected":false},"excerpt":{"rendered":"<p>Ergonomisch profilierter Schutz, elastisches Gurtsystem, bel\u00fcftete Eins\u00e4tze und 3D-Mesh-Material f\u00fcr optimalen Komfort, CE-zertifiziert EN1621-1:2012 LEVEL 1&#8230;<\/p>\n","protected":false},"featured_media":11747,"comment_status":"open","ping_status":"open","template":"","meta":{"_acf_changed":false},"brand":[2111],"gender":[],"product_brand":[],"product_cat":[2216,2028,2330],"product_tag":[],"class_list":{"0":"post-125370","1":"product","2":"type-product","3":"status-publish","4":"has-post-thumbnail","6":"brand-alpinestars-de","7":"product_cat-fur-die-jungsten-de","8":"product_cat-motocross-ausrustung","9":"product_cat-mx-protektoren","11":"first","12":"instock","13":"sale","14":"taxable","15":"shipping-taxable","16":"purchasable","17":"product-type-simple"},"acf":[],"_links":{"self":[{"href":"https:\/\/moto-oprema.com\/de\/wp-json\/wp\/v2\/product\/125370","targetHints":{"allow":["GET"]}}],"collection":[{"href":"https:\/\/moto-oprema.com\/de\/wp-json\/wp\/v2\/product"}],"about":[{"href":"https:\/\/moto-oprema.com\/de\/wp-json\/wp\/v2\/types\/product"}],"replies":[{"embeddable":true,"href":"https:\/\/moto-oprema.com\/de\/wp-json\/wp\/v2\/comments?post=125370"}],"wp:featuredmedia":[{"embeddable":true,"href":"https:\/\/moto-oprema.com\/de\/wp-json\/wp\/v2\/media\/11747"}],"wp:attachment":[{"href":"https:\/\/moto-oprema.com\/de\/wp-json\/wp\/v2\/media?parent=125370"}],"wp:term":[{"taxonomy":"brand","embeddable":true,"href":"https:\/\/moto-oprema.com\/de\/wp-json\/wp\/v2\/brand?post=125370"},{"taxonomy":"gender","embeddable":true,"href":"https:\/\/moto-oprema.com\/de\/wp-json\/wp\/v2\/gender?post=125370"},{"taxonomy":"product_brand","embeddable":true,"href":"https:\/\/moto-oprema.com\/de\/wp-json\/wp\/v2\/product_brand?post=125370"},{"taxonomy":"product_cat","embeddable":true,"href":"https:\/\/moto-oprema.com\/de\/wp-json\/wp\/v2\/product_cat?post=125370"},{"taxonomy":"product_tag","embeddable":true,"href":"https:\/\/moto-oprema.com\/de\/wp-json\/wp\/v2\/product_tag?post=125370"}],"curies":[{"name":"wp","href":"https:\/\/api.w.org\/{rel}","templated":true}]}}