{"id":125364,"date":"2020-11-19T17:19:29","date_gmt":"2020-11-19T17:19:29","guid":{"rendered":"https:\/\/moto-oprema.com\/Artikel\/scott-works-prospect-4\/"},"modified":"2020-11-19T17:19:29","modified_gmt":"2020-11-19T17:19:29","slug":"scott-works-prospect-4","status":"publish","type":"product","link":"https:\/\/moto-oprema.com\/de\/Artikel\/scott-works-prospect-4\/","title":{"rendered":"SCOTT WORKS PROSPECT"},"content":{"rendered":"<p>Die Prospect Goggles sind ein neues Highlight in der Welt der MX-Schutzbrillen. Noch nie gab es ein solches Produkt auf dem Markt.  Es bietet dem Fahrer dank der gr\u00f6\u00dferen H\u00f6he des Sicherheitsglases eine maximale Weitsicht. Au\u00dferdem bleibt das Glas auch bei einem starken Aufprall an Ort und Stelle, dank des neuen innovativen Scott Glasverriegelungssystems. Sie werden mit einem extra breiten Riemen am Helm befestigt, um ein Verrutschen zu verhindern.  <\/p>\n<ul>\n<li>Passform Regular<\/li>\n<li>Objektiv-Verriegelungssystem<\/li>\n<li>Gelenksausleger<\/li>\n<li>3-Schicht-Gesichtsschaum<\/li>\n<li>Extra breites 50mm rutschfestes Silikonband<\/li>\n<li>SCOTT TruView einzelnes WORKS Objektiv<\/li>\n<li>NoFog\u2122 Anti-Beschlag-Behandlung der Linse<\/li>\n<li>Inklusive Ersatzobjektiv<\/li>\n<li>Brillenbeutel aus Mikrofaser<\/li>\n<li>Nasenschutz<\/li>\n<li>Chrome Works Modell<\/li>\n<\/ul>\n","protected":false},"excerpt":{"rendered":"<p>Die Prospect Goggles sind ein neues Highlight in der Welt der MX-Schutzbrillen. Noch nie gab es&#8230;<\/p>\n","protected":false},"featured_media":12159,"comment_status":"open","ping_status":"open","template":"","meta":{"_acf_changed":false},"brand":[2652],"gender":[2173],"product_brand":[],"product_cat":[2028,2182],"product_tag":[],"class_list":{"0":"post-125364","1":"product","2":"type-product","3":"status-publish","4":"has-post-thumbnail","6":"brand-scott-de","7":"gender-unisex-de","8":"product_cat-motocross-ausrustung","9":"product_cat-mx-brille","11":"first","12":"onbackorder","13":"taxable","14":"shipping-taxable","15":"purchasable","16":"product-type-simple"},"acf":[],"_links":{"self":[{"href":"https:\/\/moto-oprema.com\/de\/wp-json\/wp\/v2\/product\/125364","targetHints":{"allow":["GET"]}}],"collection":[{"href":"https:\/\/moto-oprema.com\/de\/wp-json\/wp\/v2\/product"}],"about":[{"href":"https:\/\/moto-oprema.com\/de\/wp-json\/wp\/v2\/types\/product"}],"replies":[{"embeddable":true,"href":"https:\/\/moto-oprema.com\/de\/wp-json\/wp\/v2\/comments?post=125364"}],"wp:featuredmedia":[{"embeddable":true,"href":"https:\/\/moto-oprema.com\/de\/wp-json\/wp\/v2\/media\/12159"}],"wp:attachment":[{"href":"https:\/\/moto-oprema.com\/de\/wp-json\/wp\/v2\/media?parent=125364"}],"wp:term":[{"taxonomy":"brand","embeddable":true,"href":"https:\/\/moto-oprema.com\/de\/wp-json\/wp\/v2\/brand?post=125364"},{"taxonomy":"gender","embeddable":true,"href":"https:\/\/moto-oprema.com\/de\/wp-json\/wp\/v2\/gender?post=125364"},{"taxonomy":"product_brand","embeddable":true,"href":"https:\/\/moto-oprema.com\/de\/wp-json\/wp\/v2\/product_brand?post=125364"},{"taxonomy":"product_cat","embeddable":true,"href":"https:\/\/moto-oprema.com\/de\/wp-json\/wp\/v2\/product_cat?post=125364"},{"taxonomy":"product_tag","embeddable":true,"href":"https:\/\/moto-oprema.com\/de\/wp-json\/wp\/v2\/product_tag?post=125364"}],"curies":[{"name":"wp","href":"https:\/\/api.w.org\/{rel}","templated":true}]}}