{"id":125348,"date":"2020-11-14T11:33:16","date_gmt":"2020-11-14T11:33:16","guid":{"rendered":"https:\/\/moto-oprema.com\/Artikel\/alpinestars-sx-1-v2-knieprotektor\/"},"modified":"2020-11-14T11:33:16","modified_gmt":"2020-11-14T11:33:16","slug":"alpinestars-sx-1-v2-knieprotektor","status":"publish","type":"product","link":"https:\/\/moto-oprema.com\/de\/Artikel\/alpinestars-sx-1-v2-knieprotektor\/","title":{"rendered":"ALPINESTARS SX-1 V2 KNIEPROTEKTOR"},"content":{"rendered":"<p><span style=\"font-family:arial, helvetica, sans-serif;font-size:small;\">Ultraleichter Knieschutz, zertifiziert nach EN 1621-1.<\/p>\n<p>Preis pro Paar.<\/p>\n<p>Drei Gr\u00f6\u00dfen:<br \/>&#8211; Jugendgr\u00f6\u00dfe: S\/M,<br \/>&#8211; Erwachsenengr\u00f6\u00dfe: L\/XL, 2XL.<\/p>\n<p><\/span><\/p>\n<div align=\"left\"><span style=\"font-family:arial, helvetica, sans-serif;font-size:small;\">Zusammensetzung des Rohmaterials: 75% Polycarbonat, 20% Polyester, 5% andere<\/p>\n<p><\/span><i><span style=\"font-family:arial, helvetica, sans-serif;font-size:small;\">Ultraleichte Knieschoner, die einen au\u00dfergew\u00f6hnlichen Aufprallschutz bieten.<\/span><br \/><span style=\"font-family:arial, helvetica, sans-serif;font-size:small;\"> Fortschrittliche Schutzzonen garantieren, dass der Bionic SX Knee Protector der Norm 1621-1 Typ B (k + l) entspricht.<\/span><br \/><span style=\"font-family:arial, helvetica, sans-serif;font-size:small;\"> Hergestellt aus hoch atmungsaktiven Materialien, w<\/span><\/i><\/div>\n","protected":false},"excerpt":{"rendered":"<p>Ultraleichter Knieschutz, zertifiziert nach EN 1621-1. Preis pro Paar. Drei Gr\u00f6\u00dfen:&#8211; Jugendgr\u00f6\u00dfe: S\/M,&#8211; Erwachsenengr\u00f6\u00dfe: L\/XL, 2XL&#8230;.<\/p>\n","protected":false},"featured_media":11731,"comment_status":"open","ping_status":"open","template":"","meta":{"_acf_changed":false},"brand":[2111],"gender":[2173],"product_brand":[],"product_cat":[2028,2267,2079],"product_tag":[],"class_list":{"0":"post-125348","1":"product","2":"type-product","3":"status-publish","4":"has-post-thumbnail","6":"brand-alpinestars-de","7":"gender-unisex-de","8":"product_cat-motocross-ausrustung","9":"product_cat-mx-knieschoner","10":"product_cat-mx-schilder","11":"pa_size-l-xl-de","12":"pa_size-s-m-de","13":"pa_size-xxl-de","15":"first","16":"onbackorder","17":"sale","18":"taxable","19":"shipping-taxable","20":"purchasable","21":"product-type-variable"},"acf":[],"_links":{"self":[{"href":"https:\/\/moto-oprema.com\/de\/wp-json\/wp\/v2\/product\/125348","targetHints":{"allow":["GET"]}}],"collection":[{"href":"https:\/\/moto-oprema.com\/de\/wp-json\/wp\/v2\/product"}],"about":[{"href":"https:\/\/moto-oprema.com\/de\/wp-json\/wp\/v2\/types\/product"}],"replies":[{"embeddable":true,"href":"https:\/\/moto-oprema.com\/de\/wp-json\/wp\/v2\/comments?post=125348"}],"wp:featuredmedia":[{"embeddable":true,"href":"https:\/\/moto-oprema.com\/de\/wp-json\/wp\/v2\/media\/11731"}],"wp:attachment":[{"href":"https:\/\/moto-oprema.com\/de\/wp-json\/wp\/v2\/media?parent=125348"}],"wp:term":[{"taxonomy":"brand","embeddable":true,"href":"https:\/\/moto-oprema.com\/de\/wp-json\/wp\/v2\/brand?post=125348"},{"taxonomy":"gender","embeddable":true,"href":"https:\/\/moto-oprema.com\/de\/wp-json\/wp\/v2\/gender?post=125348"},{"taxonomy":"product_brand","embeddable":true,"href":"https:\/\/moto-oprema.com\/de\/wp-json\/wp\/v2\/product_brand?post=125348"},{"taxonomy":"product_cat","embeddable":true,"href":"https:\/\/moto-oprema.com\/de\/wp-json\/wp\/v2\/product_cat?post=125348"},{"taxonomy":"product_tag","embeddable":true,"href":"https:\/\/moto-oprema.com\/de\/wp-json\/wp\/v2\/product_tag?post=125348"}],"curies":[{"name":"wp","href":"https:\/\/api.w.org\/{rel}","templated":true}]}}